{"id":854,"date":"2018-02-15T16:05:14","date_gmt":"2018-02-15T16:05:14","guid":{"rendered":"https:\/\/augljos.is\/no\/"},"modified":"2021-03-17T16:51:21","modified_gmt":"2021-03-17T16:51:21","slug":"heim","status":"publish","type":"page","link":"https:\/\/augljos.is\/no\/","title":{"rendered":"NO"},"content":{"rendered":"[mk_page_section layout_structure=&raquo;half_right&raquo; bg_image=&raquo;https:\/\/augljos.is\/wp-content\/uploads\/2018\/09\/johannes-kari-myndband.jpg&raquo; full_width=&raquo;true&raquo;][vc_column][vc_empty_space height=&raquo;40px&raquo;][mk_fancy_title tag_name=&raquo;h1&#8243; color=&raquo;#353535&#8243; size=&raquo;48&#8243; force_font_size=&raquo;true&raquo; size_smallscreen=&raquo;48&#8243; size_tablet=&raquo;48&#8243; size_phone=&raquo;42&#8243; font_weight=&raquo;500&#8243; txt_transform=&raquo;uppercase&raquo; margin_top=&raquo;20&#8243; margin_bottom=&raquo;0&#8243; font_family=&raquo;Oswald&raquo; font_type=&raquo;google&raquo; align=&raquo;center&raquo;]\n<p class=\"p1\" style=\"text-align: left;\">NO<\/p>\n[\/mk_fancy_title][vc_column_text css=&raquo;.vc_custom_1601463702889{margin-bottom: 0px !important;}&raquo;]Vi i Auglj\u00f3s Eye Center har klare tjeneste m\u00e5l. Vi er ikke forn\u00f8yd med noe annet enn top notch resultater. Vi bestreber oss p\u00e5 \u00e5 optimalisere visuelle resultatet, og vi tror vi har teknologi, erfaring, sikkerhetstiltak og service for \u00e5 matche dine m\u00e5l.<\/p>\n<p>Auglj\u00f3s Eye Clinic tilbyr den nyeste teknologien i laser refraktiv kirurgi. V\u00e5r Schwind Amaris laser er en helt ny laser som tilbyr det siste flygende flekk (flying spot) teknikk som utf\u00f8rer en silkemyk profilering av hornhinnen, som resulterer i uovertruffen klarhet av visjonen \u2013 uten visuelle hjelpemidler. Hastigheten av de flygende flekker er 500 Hz, noe som betyr at 500 flekker brukes hver sekund, som kutter lengden av behandlingen ned til det halve av tidligere tradisjonelle lasere. Under alle stadier av operasjonen, overv\u00e5ker kirurgen tykkelsen av hornhinnen med en spesiell anvendelse i laseren.[\/vc_column_text][vc_empty_space height=&raquo;40px&raquo;][\/vc_column][\/mk_page_section][mk_page_section layout_structure=&raquo;half_left&raquo; bg_image=&raquo;https:\/\/augljos.is\/wp-content\/uploads\/2018\/05\/laseradgerd-hja-augljos-fyrir-vef.jpg&raquo; full_width=&raquo;true&raquo;][vc_column][vc_empty_space height=&raquo;40px&raquo;][vc_column_text css=&raquo;.vc_custom_1600854558597{margin-bottom: 0px !important;}&raquo;]Bruk av det nyeste utstyret er imidlertid ikke nok n\u00e5r du utf\u00f8rer laser kirurgi. Forskjellen mellom en profesjonell golfspiller og en helg golfspiller ved hjelp av topp golfklubber er helt klart. Vi tar sikte p\u00e5 \u00e5 sette en h\u00f8y standard for utdanning og erfaring av v\u00e5re laser refraktiv kirurger. Johannes Kristinsson MD PhD har utf\u00f8rt rundt 10000 laser refraktiv kirurgi operasjoner. Han gjorde sin oppholdstillatelse i oftalmologi p\u00e5 Duke University Eye Center i NC, USA, som har stadig v\u00e6rt i 7. eller 8. plass i US News &amp; World Report over de beste amerikanske \u00f8ye sykehus. Han gjorde ogs\u00e5 et \u201efellowship\u201c i laser refraktiv kirurgi, samt hornhinnen og eksterne sykdommer ved Duke Eye Center og flyttet tilbake til Island 2001. Han er fortsatt den eneste laser refraktiv kirurg i landet som har gjennomf\u00f8rt et \u201cfellowship\u201d i laser refraktiv kirurgi.[\/vc_column_text][vc_empty_space height=&raquo;40px&raquo;][\/vc_column][\/mk_page_section][mk_page_section layout_structure=&raquo;half_right&raquo; bg_image=&raquo;https:\/\/augljos.is\/wp-content\/uploads\/2018\/09\/presbymax-bakgrunnur.jpg&raquo; full_width=&raquo;true&raquo;][vc_column][vc_empty_space height=&raquo;40px&raquo;][vc_column_text css=&raquo;.vc_custom_1601463718797{margin-bottom: 0px !important;}&raquo;]Auglj\u00f3s Eye Clinic tilbyr en 3 \u00e5rs forsikring av laser refraktiv kirurgi. Dette betyr at hvis du ikke er forn\u00f8yd med resultatene av operasjonen er du kvalifisert for en gratis laser refraktiv kirurgi ekstra operasjon inntil 3 \u00e5r etter den f\u00f8rste operasjonen.<\/p>\n<p>Med jevne tidsintervaller analyserer vi resultatet av operasjonene for \u00e5 s\u00f8rge for at utstyret er tilstrekkelig kalibrert.<\/p>\n<p>H\u00f8y kvalitets tjeneste er v\u00e5r spesialitet. Vi er be\u00e6ret over at du stoler p\u00e5 oss med \u00f8ynene dine og vil gj\u00f8re alt i v\u00e5r makt for \u00e5 sikre at du f\u00e5r den beste medisinske mulige tjeneste p\u00e5 dette feltet.<\/p>\n<p>V\u00e5re sikkerhets standarder er h\u00f8ye. Den utmerkede laser refraktiv teknologi som tilbys p\u00e5 v\u00e5r klinikk er den siste som tilbys fra det anerkjente tyske firmaet Schwind. Dette er en Schwind Amaris laser, med revolusjonerende laser teknologi rettet mot \u00e5 produsere det beste mulige visuelle resultat for v\u00e5re pasienter.[\/vc_column_text][vc_empty_space height=&raquo;40px&raquo;][\/vc_column][\/mk_page_section]\n","protected":false},"excerpt":{"rendered":"<p>[mk_page_section layout_structure=&raquo;half_right&raquo; bg_image=&raquo;https:\/\/augljos.is\/wp-content\/uploads\/2018\/09\/johannes-kari-myndband.jpg&raquo; full_width=&raquo;true&raquo;][vc_column][vc_empty_space height=&raquo;40px&raquo;][mk_fancy_title tag_name=&raquo;h1&#8243; color=&raquo;#353535&#8243; size=&raquo;48&#8243; force_font_size=&raquo;true&raquo; size_smallscreen=&raquo;48&#8243; size_tablet=&raquo;48&#8243; size_phone=&raquo;42&#8243; font_weight=&raquo;500&#8243; txt_transform=&raquo;uppercase&raquo; margin_top=&raquo;20&#8243; margin_bottom=&raquo;0&#8243; font_family=&raquo;Oswald&raquo; font_type=&raquo;google&raquo; align=&raquo;center&raquo;] NO [\/mk_fancy_title][vc_column_text css=&raquo;.vc_custom_1601463702889{margin-bottom: 0px !important;}&raquo;]Vi i Auglj\u00f3s Eye Center har klare tjeneste m\u00e5l. Vi er ikke forn\u00f8yd med noe annet enn top notch resultater. Vi bestreber oss p\u00e5 \u00e5 optimalisere visuelle resultatet, og vi tror vi [&hellip;]<\/p>\n","protected":false},"author":1,"featured_media":0,"parent":0,"menu_order":0,"comment_status":"closed","ping_status":"closed","template":"","meta":{"_monsterinsights_skip_tracking":false,"_monsterinsights_sitenote_active":false,"_monsterinsights_sitenote_note":"","_monsterinsights_sitenote_category":0,"footnotes":""},"class_list":["post-854","page","type-page","status-publish","hentry"],"yoast_head":"<!-- This site is optimized with the Yoast SEO plugin v27.4 - https:\/\/yoast.com\/product\/yoast-seo-wordpress\/ -->\n<title>Auglj\u00f3s \u2013 Lasera\u00f0ger\u00f0ir \u2013 LASIK \u2013 Almennar Augnl\u00e6kningar | augljos.is<\/title>\n<meta name=\"description\" content=\"Auglj\u00f3s laser augnl\u00e6kningar b\u00fd\u00f0ur upp \u00e1 laseraugnl\u00e6kningar og -a\u00f0ger\u00f0ir auk almennra augnl\u00e6kninga. \u00c1hersla \u00e1 pers\u00f3nulega \u00fej\u00f3nustu, t\u00e6kni og \u00feekkingu.\" \/>\n<meta name=\"robots\" content=\"index, follow, max-snippet:-1, max-image-preview:large, max-video-preview:-1\" \/>\n<link rel=\"canonical\" href=\"https:\/\/augljos.is\/no\/\" \/>\n<meta property=\"og:locale\" content=\"nb_NO\" \/>\n<meta property=\"og:type\" content=\"article\" \/>\n<meta property=\"og:title\" content=\"Auglj\u00f3s \u2013 Lasera\u00f0ger\u00f0ir \u2013 LASIK \u2013 Almennar Augnl\u00e6kningar | augljos.is\" \/>\n<meta property=\"og:description\" content=\"Auglj\u00f3s laser augnl\u00e6kningar b\u00fd\u00f0ur upp \u00e1 laseraugnl\u00e6kningar og -a\u00f0ger\u00f0ir auk almennra augnl\u00e6kninga. \u00c1hersla \u00e1 pers\u00f3nulega \u00fej\u00f3nustu, t\u00e6kni og \u00feekkingu.\" \/>\n<meta property=\"og:url\" content=\"https:\/\/augljos.is\/no\/\" \/>\n<meta property=\"og:site_name\" content=\"Auglj\u00f3s\" \/>\n<meta property=\"article:modified_time\" content=\"2021-03-17T16:51:21+00:00\" \/>\n<meta name=\"twitter:card\" content=\"summary_large_image\" \/>\n<meta name=\"twitter:label1\" content=\"Ansl. lesetid\" \/>\n\t<meta name=\"twitter:data1\" content=\"3 minutter\" \/>\n<script type=\"application\/ld+json\" class=\"yoast-schema-graph\">{\"@context\":\"https:\\\/\\\/schema.org\",\"@graph\":[{\"@type\":\"WebPage\",\"@id\":\"https:\\\/\\\/augljos.is\\\/no\\\/\",\"url\":\"https:\\\/\\\/augljos.is\\\/no\\\/\",\"name\":\"Auglj\u00f3s \u2013 Lasera\u00f0ger\u00f0ir \u2013 LASIK \u2013 Almennar Augnl\u00e6kningar | augljos.is\",\"isPartOf\":{\"@id\":\"https:\\\/\\\/augljos.is\\\/no\\\/#website\"},\"datePublished\":\"2018-02-15T16:05:14+00:00\",\"dateModified\":\"2021-03-17T16:51:21+00:00\",\"description\":\"Auglj\u00f3s laser augnl\u00e6kningar b\u00fd\u00f0ur upp \u00e1 laseraugnl\u00e6kningar og -a\u00f0ger\u00f0ir auk almennra augnl\u00e6kninga. \u00c1hersla \u00e1 pers\u00f3nulega \u00fej\u00f3nustu, t\u00e6kni og \u00feekkingu.\",\"breadcrumb\":{\"@id\":\"https:\\\/\\\/augljos.is\\\/no\\\/#breadcrumb\"},\"inLanguage\":\"nb-NO\",\"potentialAction\":[{\"@type\":\"ReadAction\",\"target\":[\"https:\\\/\\\/augljos.is\\\/no\\\/\"]}]},{\"@type\":\"BreadcrumbList\",\"@id\":\"https:\\\/\\\/augljos.is\\\/no\\\/#breadcrumb\",\"itemListElement\":[{\"@type\":\"ListItem\",\"position\":1,\"name\":\"Home\",\"item\":\"https:\\\/\\\/augljos.is\\\/no\\\/\"},{\"@type\":\"ListItem\",\"position\":2,\"name\":\"NO\"}]},{\"@type\":\"WebSite\",\"@id\":\"https:\\\/\\\/augljos.is\\\/no\\\/#website\",\"url\":\"https:\\\/\\\/augljos.is\\\/no\\\/\",\"name\":\"Auglj\u00f3s\",\"description\":\"Laseraugnl\u00e6kningar og almennar augnl\u00e6kningar\",\"potentialAction\":[{\"@type\":\"SearchAction\",\"target\":{\"@type\":\"EntryPoint\",\"urlTemplate\":\"https:\\\/\\\/augljos.is\\\/no\\\/?s={search_term_string}\"},\"query-input\":{\"@type\":\"PropertyValueSpecification\",\"valueRequired\":true,\"valueName\":\"search_term_string\"}}],\"inLanguage\":\"nb-NO\"}]}<\/script>\n<!-- \/ Yoast SEO plugin. -->","yoast_head_json":{"title":"Auglj\u00f3s \u2013 Lasera\u00f0ger\u00f0ir \u2013 LASIK \u2013 Almennar Augnl\u00e6kningar | augljos.is","description":"Auglj\u00f3s laser augnl\u00e6kningar b\u00fd\u00f0ur upp \u00e1 laseraugnl\u00e6kningar og -a\u00f0ger\u00f0ir auk almennra augnl\u00e6kninga. \u00c1hersla \u00e1 pers\u00f3nulega \u00fej\u00f3nustu, t\u00e6kni og \u00feekkingu.","robots":{"index":"index","follow":"follow","max-snippet":"max-snippet:-1","max-image-preview":"max-image-preview:large","max-video-preview":"max-video-preview:-1"},"canonical":"https:\/\/augljos.is\/no\/","og_locale":"nb_NO","og_type":"article","og_title":"Auglj\u00f3s \u2013 Lasera\u00f0ger\u00f0ir \u2013 LASIK \u2013 Almennar Augnl\u00e6kningar | augljos.is","og_description":"Auglj\u00f3s laser augnl\u00e6kningar b\u00fd\u00f0ur upp \u00e1 laseraugnl\u00e6kningar og -a\u00f0ger\u00f0ir auk almennra augnl\u00e6kninga. \u00c1hersla \u00e1 pers\u00f3nulega \u00fej\u00f3nustu, t\u00e6kni og \u00feekkingu.","og_url":"https:\/\/augljos.is\/no\/","og_site_name":"Auglj\u00f3s","article_modified_time":"2021-03-17T16:51:21+00:00","twitter_card":"summary_large_image","twitter_misc":{"Ansl. lesetid":"3 minutter"},"schema":{"@context":"https:\/\/schema.org","@graph":[{"@type":"WebPage","@id":"https:\/\/augljos.is\/no\/","url":"https:\/\/augljos.is\/no\/","name":"Auglj\u00f3s \u2013 Lasera\u00f0ger\u00f0ir \u2013 LASIK \u2013 Almennar Augnl\u00e6kningar | augljos.is","isPartOf":{"@id":"https:\/\/augljos.is\/no\/#website"},"datePublished":"2018-02-15T16:05:14+00:00","dateModified":"2021-03-17T16:51:21+00:00","description":"Auglj\u00f3s laser augnl\u00e6kningar b\u00fd\u00f0ur upp \u00e1 laseraugnl\u00e6kningar og -a\u00f0ger\u00f0ir auk almennra augnl\u00e6kninga. \u00c1hersla \u00e1 pers\u00f3nulega \u00fej\u00f3nustu, t\u00e6kni og \u00feekkingu.","breadcrumb":{"@id":"https:\/\/augljos.is\/no\/#breadcrumb"},"inLanguage":"nb-NO","potentialAction":[{"@type":"ReadAction","target":["https:\/\/augljos.is\/no\/"]}]},{"@type":"BreadcrumbList","@id":"https:\/\/augljos.is\/no\/#breadcrumb","itemListElement":[{"@type":"ListItem","position":1,"name":"Home","item":"https:\/\/augljos.is\/no\/"},{"@type":"ListItem","position":2,"name":"NO"}]},{"@type":"WebSite","@id":"https:\/\/augljos.is\/no\/#website","url":"https:\/\/augljos.is\/no\/","name":"Auglj\u00f3s","description":"Laseraugnl\u00e6kningar og almennar augnl\u00e6kningar","potentialAction":[{"@type":"SearchAction","target":{"@type":"EntryPoint","urlTemplate":"https:\/\/augljos.is\/no\/?s={search_term_string}"},"query-input":{"@type":"PropertyValueSpecification","valueRequired":true,"valueName":"search_term_string"}}],"inLanguage":"nb-NO"}]}},"_links":{"self":[{"href":"https:\/\/augljos.is\/no\/wp-json\/wp\/v2\/pages\/854","targetHints":{"allow":["GET"]}}],"collection":[{"href":"https:\/\/augljos.is\/no\/wp-json\/wp\/v2\/pages"}],"about":[{"href":"https:\/\/augljos.is\/no\/wp-json\/wp\/v2\/types\/page"}],"author":[{"embeddable":true,"href":"https:\/\/augljos.is\/no\/wp-json\/wp\/v2\/users\/1"}],"replies":[{"embeddable":true,"href":"https:\/\/augljos.is\/no\/wp-json\/wp\/v2\/comments?post=854"}],"version-history":[{"count":4,"href":"https:\/\/augljos.is\/no\/wp-json\/wp\/v2\/pages\/854\/revisions"}],"predecessor-version":[{"id":1159,"href":"https:\/\/augljos.is\/no\/wp-json\/wp\/v2\/pages\/854\/revisions\/1159"}],"wp:attachment":[{"href":"https:\/\/augljos.is\/no\/wp-json\/wp\/v2\/media?parent=854"}],"curies":[{"name":"wp","href":"https:\/\/api.w.org\/{rel}","templated":true}]}}