{"id":1175,"date":"2020-09-23T13:37:16","date_gmt":"2020-09-23T13:37:16","guid":{"rendered":"https:\/\/augljos.is\/your-happiness-is-our-goal\/"},"modified":"2020-10-01T11:39:03","modified_gmt":"2020-10-01T11:39:03","slug":"your-happiness-is-our-goal","status":"publish","type":"page","link":"https:\/\/augljos.is\/no\/your-happiness-is-our-goal\/","title":{"rendered":"T\u00edn gle\u00f0i er okkara m\u00e1l"},"content":{"rendered":"[mk_page_section layout_structure=&raquo;half_right&raquo; bg_image=&raquo;https:\/\/augljos.is\/wp-content\/uploads\/2018\/09\/lasik-bakgrunnur.jpg&raquo;][vc_column][vc_empty_space][vc_column_text css=&raquo;.vc_custom_1601552334115{margin-bottom: 0px !important;}&raquo;]Vit hava ongant\u00ed\u00f0 skund, vit geva okkum stundir til at gera okkara besta fyri at t\u00edn LASIK skal ver\u00f0a ein minningarr\u00edk uppliving<\/p>\n<h3>\u00c1ralangar royndir<\/h3>\n<p>Okkara kirurgiska toymi hevur framt umlei\u00f0 10.000 vi\u00f0ger\u00f0ir s\u00ed\u00f0ani 2001. Hetta eru vir\u00f0ismiklar royndir til fyrimuns fyri t\u00edni eygu.<\/p>\n<h3>Framkomin t\u00f8kni<\/h3>\n<p>Schwind Amaris refraktiva lasaravi\u00f0ger\u00f0arskipanin er ein av heimsins mest framkomnu t\u00f8kniligu skipanum, og okkara \u00fatger\u00f0 er tann n\u00fdggjasta av hesum slagi. T\u00fdskt sni\u00f0\/design, g\u00f3\u00f0ska og neyvleiki renna saman \u00ed ein lasara, i\u00f0 er serframleiddur til t\u00edn vi\u00f0 \u00f3endaligum valm\u00f8guleikum.<\/p>\n<h3>Ser\u00fatgj\u00f8rd hornhinnu og lj\u00f3sbr\u00f3tandi -refraktiv- skur\u00f0vi\u00f0ger\u00f0<\/h3>\n<p>Ein full uppl\u00e6ring \u00ed hornuhinnusj\u00fakum og lj\u00f3sbroytandi vi\u00f0ger\u00f0um er ein fyritreyt fyri at kunna bj\u00f3\u00f0a fram\u00a0 fullkomna lasara lj\u00f3sbroytandi t\u00e6nastu. Augljos Eye Center bj\u00f3\u00f0ar starvsf\u00f3lki s\u00ednum venjing og\u201dfellowship\u201d fr\u00e1 Duke University Eye Center, sum er kosi\u00f0 at vera millum t\u00edggju t\u00e6r bestu eygnami\u00f0st\u00f8\u00f0irnar \u00ed USA samb\u00e6rt US News &amp; World Report.[\/vc_column_text][vc_empty_space][\/vc_column][\/mk_page_section]\n","protected":false},"excerpt":{"rendered":"<p>[mk_page_section layout_structure=&raquo;half_right&raquo; bg_image=&raquo;https:\/\/augljos.is\/wp-content\/uploads\/2018\/09\/lasik-bakgrunnur.jpg&raquo;][vc_column][vc_empty_space][vc_column_text css=&raquo;.vc_custom_1601552334115{margin-bottom: 0px !important;}&raquo;]Vit hava ongant\u00ed\u00f0 skund, vit geva okkum stundir til at gera okkara besta fyri at t\u00edn LASIK skal ver\u00f0a ein minningarr\u00edk uppliving \u00c1ralangar royndir Okkara kirurgiska toymi hevur framt umlei\u00f0 10.000 vi\u00f0ger\u00f0ir s\u00ed\u00f0ani 2001. Hetta eru vir\u00f0ismiklar royndir til fyrimuns fyri t\u00edni eygu. Framkomin t\u00f8kni Schwind Amaris refraktiva lasaravi\u00f0ger\u00f0arskipanin er [&hellip;]<\/p>\n","protected":false},"author":1,"featured_media":0,"parent":0,"menu_order":0,"comment_status":"closed","ping_status":"closed","template":"","meta":{"_monsterinsights_skip_tracking":false,"_monsterinsights_sitenote_active":false,"_monsterinsights_sitenote_note":"","_monsterinsights_sitenote_category":0,"footnotes":""},"class_list":["post-1175","page","type-page","status-publish","hentry"],"yoast_head":"<!-- This site is optimized with the Yoast SEO plugin v27.4 - https:\/\/yoast.com\/product\/yoast-seo-wordpress\/ -->\n<title>T\u00edn gle\u00f0i er okkara m\u00e1l - Auglj\u00f3s<\/title>\n<meta name=\"robots\" content=\"index, follow, max-snippet:-1, max-image-preview:large, max-video-preview:-1\" \/>\n<link rel=\"canonical\" href=\"https:\/\/augljos.is\/no\/your-happiness-is-our-goal\/\" \/>\n<meta property=\"og:locale\" content=\"nb_NO\" \/>\n<meta property=\"og:type\" content=\"article\" \/>\n<meta property=\"og:title\" content=\"T\u00edn gle\u00f0i er okkara m\u00e1l - Auglj\u00f3s\" \/>\n<meta property=\"og:description\" content=\"[mk_page_section layout_structure=&raquo;half_right&raquo; bg_image=&raquo;https:\/\/augljos.is\/wp-content\/uploads\/2018\/09\/lasik-bakgrunnur.jpg&raquo;][vc_column][vc_empty_space][vc_column_text css=&raquo;.vc_custom_1601552334115{margin-bottom: 0px !important;}&raquo;]Vit hava ongant\u00ed\u00f0 skund, vit geva okkum stundir til at gera okkara besta fyri at t\u00edn LASIK skal ver\u00f0a ein minningarr\u00edk uppliving \u00c1ralangar royndir Okkara kirurgiska toymi hevur framt umlei\u00f0 10.000 vi\u00f0ger\u00f0ir s\u00ed\u00f0ani 2001. Hetta eru vir\u00f0ismiklar royndir til fyrimuns fyri t\u00edni eygu. Framkomin t\u00f8kni Schwind Amaris refraktiva lasaravi\u00f0ger\u00f0arskipanin er [&hellip;]\" \/>\n<meta property=\"og:url\" content=\"https:\/\/augljos.is\/no\/your-happiness-is-our-goal\/\" \/>\n<meta property=\"og:site_name\" content=\"Auglj\u00f3s\" \/>\n<meta property=\"article:modified_time\" content=\"2020-10-01T11:39:03+00:00\" \/>\n<meta name=\"twitter:card\" content=\"summary_large_image\" \/>\n<meta name=\"twitter:label1\" content=\"Ansl. lesetid\" \/>\n\t<meta name=\"twitter:data1\" content=\"1 minutt\" \/>\n<script type=\"application\/ld+json\" class=\"yoast-schema-graph\">{\"@context\":\"https:\\\/\\\/schema.org\",\"@graph\":[{\"@type\":\"WebPage\",\"@id\":\"https:\\\/\\\/augljos.is\\\/no\\\/your-happiness-is-our-goal\\\/\",\"url\":\"https:\\\/\\\/augljos.is\\\/no\\\/your-happiness-is-our-goal\\\/\",\"name\":\"T\u00edn gle\u00f0i er okkara m\u00e1l - Auglj\u00f3s\",\"isPartOf\":{\"@id\":\"https:\\\/\\\/augljos.is\\\/no\\\/#website\"},\"datePublished\":\"2020-09-23T13:37:16+00:00\",\"dateModified\":\"2020-10-01T11:39:03+00:00\",\"breadcrumb\":{\"@id\":\"https:\\\/\\\/augljos.is\\\/no\\\/your-happiness-is-our-goal\\\/#breadcrumb\"},\"inLanguage\":\"nb-NO\",\"potentialAction\":[{\"@type\":\"ReadAction\",\"target\":[\"https:\\\/\\\/augljos.is\\\/no\\\/your-happiness-is-our-goal\\\/\"]}]},{\"@type\":\"BreadcrumbList\",\"@id\":\"https:\\\/\\\/augljos.is\\\/no\\\/your-happiness-is-our-goal\\\/#breadcrumb\",\"itemListElement\":[{\"@type\":\"ListItem\",\"position\":1,\"name\":\"Home\",\"item\":\"https:\\\/\\\/augljos.is\\\/no\\\/\"},{\"@type\":\"ListItem\",\"position\":2,\"name\":\"T\u00edn gle\u00f0i er okkara m\u00e1l\"}]},{\"@type\":\"WebSite\",\"@id\":\"https:\\\/\\\/augljos.is\\\/no\\\/#website\",\"url\":\"https:\\\/\\\/augljos.is\\\/no\\\/\",\"name\":\"Auglj\u00f3s\",\"description\":\"Laseraugnl\u00e6kningar og almennar augnl\u00e6kningar\",\"potentialAction\":[{\"@type\":\"SearchAction\",\"target\":{\"@type\":\"EntryPoint\",\"urlTemplate\":\"https:\\\/\\\/augljos.is\\\/no\\\/?s={search_term_string}\"},\"query-input\":{\"@type\":\"PropertyValueSpecification\",\"valueRequired\":true,\"valueName\":\"search_term_string\"}}],\"inLanguage\":\"nb-NO\"}]}<\/script>\n<!-- \/ Yoast SEO plugin. -->","yoast_head_json":{"title":"T\u00edn gle\u00f0i er okkara m\u00e1l - Auglj\u00f3s","robots":{"index":"index","follow":"follow","max-snippet":"max-snippet:-1","max-image-preview":"max-image-preview:large","max-video-preview":"max-video-preview:-1"},"canonical":"https:\/\/augljos.is\/no\/your-happiness-is-our-goal\/","og_locale":"nb_NO","og_type":"article","og_title":"T\u00edn gle\u00f0i er okkara m\u00e1l - Auglj\u00f3s","og_description":"[mk_page_section layout_structure=&raquo;half_right&raquo; bg_image=&raquo;https:\/\/augljos.is\/wp-content\/uploads\/2018\/09\/lasik-bakgrunnur.jpg&raquo;][vc_column][vc_empty_space][vc_column_text css=&raquo;.vc_custom_1601552334115{margin-bottom: 0px !important;}&raquo;]Vit hava ongant\u00ed\u00f0 skund, vit geva okkum stundir til at gera okkara besta fyri at t\u00edn LASIK skal ver\u00f0a ein minningarr\u00edk uppliving \u00c1ralangar royndir Okkara kirurgiska toymi hevur framt umlei\u00f0 10.000 vi\u00f0ger\u00f0ir s\u00ed\u00f0ani 2001. Hetta eru vir\u00f0ismiklar royndir til fyrimuns fyri t\u00edni eygu. Framkomin t\u00f8kni Schwind Amaris refraktiva lasaravi\u00f0ger\u00f0arskipanin er [&hellip;]","og_url":"https:\/\/augljos.is\/no\/your-happiness-is-our-goal\/","og_site_name":"Auglj\u00f3s","article_modified_time":"2020-10-01T11:39:03+00:00","twitter_card":"summary_large_image","twitter_misc":{"Ansl. lesetid":"1 minutt"},"schema":{"@context":"https:\/\/schema.org","@graph":[{"@type":"WebPage","@id":"https:\/\/augljos.is\/no\/your-happiness-is-our-goal\/","url":"https:\/\/augljos.is\/no\/your-happiness-is-our-goal\/","name":"T\u00edn gle\u00f0i er okkara m\u00e1l - Auglj\u00f3s","isPartOf":{"@id":"https:\/\/augljos.is\/no\/#website"},"datePublished":"2020-09-23T13:37:16+00:00","dateModified":"2020-10-01T11:39:03+00:00","breadcrumb":{"@id":"https:\/\/augljos.is\/no\/your-happiness-is-our-goal\/#breadcrumb"},"inLanguage":"nb-NO","potentialAction":[{"@type":"ReadAction","target":["https:\/\/augljos.is\/no\/your-happiness-is-our-goal\/"]}]},{"@type":"BreadcrumbList","@id":"https:\/\/augljos.is\/no\/your-happiness-is-our-goal\/#breadcrumb","itemListElement":[{"@type":"ListItem","position":1,"name":"Home","item":"https:\/\/augljos.is\/no\/"},{"@type":"ListItem","position":2,"name":"T\u00edn gle\u00f0i er okkara m\u00e1l"}]},{"@type":"WebSite","@id":"https:\/\/augljos.is\/no\/#website","url":"https:\/\/augljos.is\/no\/","name":"Auglj\u00f3s","description":"Laseraugnl\u00e6kningar og almennar augnl\u00e6kningar","potentialAction":[{"@type":"SearchAction","target":{"@type":"EntryPoint","urlTemplate":"https:\/\/augljos.is\/no\/?s={search_term_string}"},"query-input":{"@type":"PropertyValueSpecification","valueRequired":true,"valueName":"search_term_string"}}],"inLanguage":"nb-NO"}]}},"_links":{"self":[{"href":"https:\/\/augljos.is\/no\/wp-json\/wp\/v2\/pages\/1175","targetHints":{"allow":["GET"]}}],"collection":[{"href":"https:\/\/augljos.is\/no\/wp-json\/wp\/v2\/pages"}],"about":[{"href":"https:\/\/augljos.is\/no\/wp-json\/wp\/v2\/types\/page"}],"author":[{"embeddable":true,"href":"https:\/\/augljos.is\/no\/wp-json\/wp\/v2\/users\/1"}],"replies":[{"embeddable":true,"href":"https:\/\/augljos.is\/no\/wp-json\/wp\/v2\/comments?post=1175"}],"version-history":[{"count":1,"href":"https:\/\/augljos.is\/no\/wp-json\/wp\/v2\/pages\/1175\/revisions"}],"predecessor-version":[{"id":1176,"href":"https:\/\/augljos.is\/no\/wp-json\/wp\/v2\/pages\/1175\/revisions\/1176"}],"wp:attachment":[{"href":"https:\/\/augljos.is\/no\/wp-json\/wp\/v2\/media?parent=1175"}],"curies":[{"name":"wp","href":"https:\/\/api.w.org\/{rel}","templated":true}]}}