{"id":1172,"date":"2020-09-23T13:27:15","date_gmt":"2020-09-23T13:27:15","guid":{"rendered":"https:\/\/augljos.is\/who-is-suitable-for-lasik\/"},"modified":"2020-10-01T11:35:31","modified_gmt":"2020-10-01T11:35:31","slug":"who-is-suitable-for-lasik","status":"publish","type":"page","link":"https:\/\/augljos.is\/no\/who-is-suitable-for-lasik\/","title":{"rendered":"Hvem er egnet for LASIK?"},"content":{"rendered":"<div class=\"wpb-content-wrapper\">[vc_row fullwidth=&raquo;true&raquo; fullwidth_content=&raquo;false&raquo; css=&raquo;.vc_custom_1521115951932{margin-top: 0px !important;margin-bottom: 0px !important;padding-top: 0px !important;padding-bottom: 0px !important;}&raquo;][vc_column][vc_empty_space height=&raquo;22px&raquo;][vc_wp_custommenu nav_menu=&raquo;22&#8243; el_class=&raquo;menu-klasi&raquo;][\/vc_column][\/vc_row][vc_row fullwidth=&raquo;true&raquo; fullwidth_content=&raquo;false&raquo; css=&raquo;.vc_custom_1521116635958{margin-top: -15px !important;margin-bottom: 0px !important;padding-top: 0px !important;padding-bottom: 0px !important;}&raquo;][vc_column css=&raquo;.vc_custom_1521116232944{margin-top: 0px !important;margin-bottom: 0px !important;padding-top: 0px !important;padding-bottom: 0px !important;}&raquo;][mk_divider style=&raquo;thin_solid&raquo; thin_single_color=&raquo;#e5e5e5&#8243; thickness=&raquo;2&#8243; margin_top=&raquo;0&#8243;][\/vc_column][\/vc_row][vc_row fullwidth=&raquo;true&raquo; fullwidth_content=&raquo;false&raquo; css=&raquo;.vc_custom_1521116635958{margin-top: -15px !important;margin-bottom: 0px !important;padding-top: 0px !important;padding-bottom: 0px !important;}&raquo;][vc_column css=&raquo;.vc_custom_1521116232944{margin-top: 0px !important;margin-bottom: 0px !important;padding-top: 0px !important;padding-bottom: 0px !important;}&raquo;][vc_empty_space][\/vc_column][\/vc_row][mk_page_section layout_structure=&raquo;half_right&raquo; bg_image=&raquo;https:\/\/augljos.is\/wp-content\/uploads\/2018\/09\/skodun-bakgrunnur.jpg&raquo;][vc_column][vc_empty_space height=&raquo;40&#8243;][vc_column_text css=&raquo;.vc_custom_1601552114774{margin-bottom: 0px !important;}&raquo;]LASIK er en laser refraktiv prosedyre for \u00e5 korrigere myopia (n\u00e6rsynthet), hypermetropi (langsynthet) og astigmatisme. Prosedyren reduserer eller eliminerer din avhengighet av briller og kontaktlinser. Briller kan hemme de som leder en aktiv livsstil, enten p\u00e5 jobb, sport eller lek. Briller kan ikke gi den beste visjon for de med en h\u00f8y grad av n\u00e6rsynthet og skjeve hornhinner. Kontaktlinser er et alternativ for dem. Imidlertid kan selv om kontaktlinser gir tilstrekkelig visjon for mange mennesker, b\u00e6rer det begrensninger som t\u00f8rre \u00f8yne og okul\u00e6r allergi. N\u00e5r de b\u00e6res over en lengre periode, kan de for\u00e5rsake skade p\u00e5 overflaten av \u00f8ynene, b\u00e5de p\u00e5 grunn av mekanisk virkning p\u00e5 epitelet eller p\u00e5 grunn av oksygen permeabilitet. I tillegg kan de f\u00f8re til infeksjon i hornhinnen, eller s\u00e5rdannelse p\u00e5 hornhinnen. All-LASIK kan v\u00e6re l\u00f8sningen p\u00e5 disse problemene og vi p\u00e5 Augljos Laser Center vil vurdere grundig \u00f8ynene dine til \u00e5 s\u00f8rge for at du er en god kandidat for kirurgi. Dette inkluderer:<\/p>\n<ol>\n<li>Ha stabilt syn over minst ett \u00e5r<\/li>\n<li>Utelukker \u00f8yesykdommer, for eksempel keratokonus, glaukom eller katarakt<\/li>\n<li>\u00c5 ha akseptabel krumning av hornhinnen, dvs. ikke for bratt eller for flat<\/li>\n<li>Ikke ha for tynne hornhinner<\/li>\n<li>Ikke \u00e5 v\u00e6re gravid eller ammer i 4 m\u00e5neder etter f\u00f8dsel<\/li>\n<\/ol>\n[\/vc_column_text][vc_empty_space height=&raquo;40&#8243;][\/vc_column][\/mk_page_section]\n<\/div>","protected":false},"excerpt":{"rendered":"<p>[vc_row fullwidth=&raquo;true&raquo; fullwidth_content=&raquo;false&raquo; css=&raquo;.vc_custom_1521115951932{margin-top: 0px !important;margin-bottom: 0px !important;padding-top: 0px !important;padding-bottom: 0px !important;}&raquo;][vc_column][vc_empty_space height=&raquo;22px&raquo;][vc_wp_custommenu nav_menu=&raquo;22&#8243; el_class=&raquo;menu-klasi&raquo;][\/vc_column][\/vc_row][vc_row fullwidth=&raquo;true&raquo; fullwidth_content=&raquo;false&raquo; css=&raquo;.vc_custom_1521116635958{margin-top: -15px !important;margin-bottom: 0px !important;padding-top: 0px !important;padding-bottom: 0px !important;}&raquo;][vc_column css=&raquo;.vc_custom_1521116232944{margin-top: 0px !important;margin-bottom: 0px !important;padding-top: 0px !important;padding-bottom: 0px !important;}&raquo;][mk_divider style=&raquo;thin_solid&raquo; thin_single_color=&raquo;#e5e5e5&#8243; thickness=&raquo;2&#8243; margin_top=&raquo;0&#8243;][\/vc_column][\/vc_row][vc_row fullwidth=&raquo;true&raquo; fullwidth_content=&raquo;false&raquo; css=&raquo;.vc_custom_1521116635958{margin-top: -15px !important;margin-bottom: 0px !important;padding-top: 0px !important;padding-bottom: 0px !important;}&raquo;][vc_column css=&raquo;.vc_custom_1521116232944{margin-top: 0px !important;margin-bottom: 0px !important;padding-top: [&hellip;]<\/p>\n","protected":false},"author":1,"featured_media":0,"parent":0,"menu_order":0,"comment_status":"closed","ping_status":"closed","template":"","meta":{"_monsterinsights_skip_tracking":false,"_monsterinsights_sitenote_active":false,"_monsterinsights_sitenote_note":"","_monsterinsights_sitenote_category":0,"footnotes":""},"class_list":["post-1172","page","type-page","status-publish","hentry"],"yoast_head":"<!-- This site is optimized with the Yoast SEO plugin v27.4 - https:\/\/yoast.com\/product\/yoast-seo-wordpress\/ -->\n<title>Hvem er egnet for LASIK? - Auglj\u00f3s<\/title>\n<meta name=\"robots\" content=\"index, follow, max-snippet:-1, max-image-preview:large, max-video-preview:-1\" \/>\n<link rel=\"canonical\" href=\"https:\/\/augljos.is\/no\/who-is-suitable-for-lasik\/\" \/>\n<meta property=\"og:locale\" content=\"nb_NO\" \/>\n<meta property=\"og:type\" content=\"article\" \/>\n<meta property=\"og:title\" content=\"Hvem er egnet for LASIK? - Auglj\u00f3s\" \/>\n<meta property=\"og:description\" content=\"[vc_row fullwidth=&raquo;true&raquo; fullwidth_content=&raquo;false&raquo; css=&raquo;.vc_custom_1521115951932{margin-top: 0px !important;margin-bottom: 0px !important;padding-top: 0px !important;padding-bottom: 0px !important;}&raquo;][vc_column][vc_empty_space height=&raquo;22px&raquo;][vc_wp_custommenu nav_menu=&raquo;22&#8243; el_class=&raquo;menu-klasi&raquo;][\/vc_column][\/vc_row][vc_row fullwidth=&raquo;true&raquo; fullwidth_content=&raquo;false&raquo; css=&raquo;.vc_custom_1521116635958{margin-top: -15px !important;margin-bottom: 0px !important;padding-top: 0px !important;padding-bottom: 0px !important;}&raquo;][vc_column css=&raquo;.vc_custom_1521116232944{margin-top: 0px !important;margin-bottom: 0px !important;padding-top: 0px !important;padding-bottom: 0px !important;}&raquo;][mk_divider style=&raquo;thin_solid&raquo; thin_single_color=&raquo;#e5e5e5&#8243; thickness=&raquo;2&#8243; margin_top=&raquo;0&#8243;][\/vc_column][\/vc_row][vc_row fullwidth=&raquo;true&raquo; fullwidth_content=&raquo;false&raquo; css=&raquo;.vc_custom_1521116635958{margin-top: -15px !important;margin-bottom: 0px !important;padding-top: 0px !important;padding-bottom: 0px !important;}&raquo;][vc_column css=&raquo;.vc_custom_1521116232944{margin-top: 0px !important;margin-bottom: 0px !important;padding-top: [&hellip;]\" \/>\n<meta property=\"og:url\" content=\"https:\/\/augljos.is\/no\/who-is-suitable-for-lasik\/\" \/>\n<meta property=\"og:site_name\" content=\"Auglj\u00f3s\" \/>\n<meta property=\"article:modified_time\" content=\"2020-10-01T11:35:31+00:00\" \/>\n<meta name=\"twitter:card\" content=\"summary_large_image\" \/>\n<meta name=\"twitter:label1\" content=\"Ansl. lesetid\" \/>\n\t<meta name=\"twitter:data1\" content=\"2 minutter\" \/>\n<script type=\"application\/ld+json\" class=\"yoast-schema-graph\">{\"@context\":\"https:\\\/\\\/schema.org\",\"@graph\":[{\"@type\":\"WebPage\",\"@id\":\"https:\\\/\\\/augljos.is\\\/no\\\/who-is-suitable-for-lasik\\\/\",\"url\":\"https:\\\/\\\/augljos.is\\\/no\\\/who-is-suitable-for-lasik\\\/\",\"name\":\"Hvem er egnet for LASIK? - Auglj\u00f3s\",\"isPartOf\":{\"@id\":\"https:\\\/\\\/augljos.is\\\/no\\\/#website\"},\"datePublished\":\"2020-09-23T13:27:15+00:00\",\"dateModified\":\"2020-10-01T11:35:31+00:00\",\"breadcrumb\":{\"@id\":\"https:\\\/\\\/augljos.is\\\/no\\\/who-is-suitable-for-lasik\\\/#breadcrumb\"},\"inLanguage\":\"nb-NO\",\"potentialAction\":[{\"@type\":\"ReadAction\",\"target\":[\"https:\\\/\\\/augljos.is\\\/no\\\/who-is-suitable-for-lasik\\\/\"]}]},{\"@type\":\"BreadcrumbList\",\"@id\":\"https:\\\/\\\/augljos.is\\\/no\\\/who-is-suitable-for-lasik\\\/#breadcrumb\",\"itemListElement\":[{\"@type\":\"ListItem\",\"position\":1,\"name\":\"Home\",\"item\":\"https:\\\/\\\/augljos.is\\\/no\\\/\"},{\"@type\":\"ListItem\",\"position\":2,\"name\":\"Hvem er egnet for LASIK?\"}]},{\"@type\":\"WebSite\",\"@id\":\"https:\\\/\\\/augljos.is\\\/no\\\/#website\",\"url\":\"https:\\\/\\\/augljos.is\\\/no\\\/\",\"name\":\"Auglj\u00f3s\",\"description\":\"Laseraugnl\u00e6kningar og almennar augnl\u00e6kningar\",\"potentialAction\":[{\"@type\":\"SearchAction\",\"target\":{\"@type\":\"EntryPoint\",\"urlTemplate\":\"https:\\\/\\\/augljos.is\\\/no\\\/?s={search_term_string}\"},\"query-input\":{\"@type\":\"PropertyValueSpecification\",\"valueRequired\":true,\"valueName\":\"search_term_string\"}}],\"inLanguage\":\"nb-NO\"}]}<\/script>\n<!-- \/ Yoast SEO plugin. -->","yoast_head_json":{"title":"Hvem er egnet for LASIK? - Auglj\u00f3s","robots":{"index":"index","follow":"follow","max-snippet":"max-snippet:-1","max-image-preview":"max-image-preview:large","max-video-preview":"max-video-preview:-1"},"canonical":"https:\/\/augljos.is\/no\/who-is-suitable-for-lasik\/","og_locale":"nb_NO","og_type":"article","og_title":"Hvem er egnet for LASIK? - Auglj\u00f3s","og_description":"[vc_row fullwidth=&raquo;true&raquo; fullwidth_content=&raquo;false&raquo; css=&raquo;.vc_custom_1521115951932{margin-top: 0px !important;margin-bottom: 0px !important;padding-top: 0px !important;padding-bottom: 0px !important;}&raquo;][vc_column][vc_empty_space height=&raquo;22px&raquo;][vc_wp_custommenu nav_menu=&raquo;22&#8243; el_class=&raquo;menu-klasi&raquo;][\/vc_column][\/vc_row][vc_row fullwidth=&raquo;true&raquo; fullwidth_content=&raquo;false&raquo; css=&raquo;.vc_custom_1521116635958{margin-top: -15px !important;margin-bottom: 0px !important;padding-top: 0px !important;padding-bottom: 0px !important;}&raquo;][vc_column css=&raquo;.vc_custom_1521116232944{margin-top: 0px !important;margin-bottom: 0px !important;padding-top: 0px !important;padding-bottom: 0px !important;}&raquo;][mk_divider style=&raquo;thin_solid&raquo; thin_single_color=&raquo;#e5e5e5&#8243; thickness=&raquo;2&#8243; margin_top=&raquo;0&#8243;][\/vc_column][\/vc_row][vc_row fullwidth=&raquo;true&raquo; fullwidth_content=&raquo;false&raquo; css=&raquo;.vc_custom_1521116635958{margin-top: -15px !important;margin-bottom: 0px !important;padding-top: 0px !important;padding-bottom: 0px !important;}&raquo;][vc_column css=&raquo;.vc_custom_1521116232944{margin-top: 0px !important;margin-bottom: 0px !important;padding-top: [&hellip;]","og_url":"https:\/\/augljos.is\/no\/who-is-suitable-for-lasik\/","og_site_name":"Auglj\u00f3s","article_modified_time":"2020-10-01T11:35:31+00:00","twitter_card":"summary_large_image","twitter_misc":{"Ansl. lesetid":"2 minutter"},"schema":{"@context":"https:\/\/schema.org","@graph":[{"@type":"WebPage","@id":"https:\/\/augljos.is\/no\/who-is-suitable-for-lasik\/","url":"https:\/\/augljos.is\/no\/who-is-suitable-for-lasik\/","name":"Hvem er egnet for LASIK? - Auglj\u00f3s","isPartOf":{"@id":"https:\/\/augljos.is\/no\/#website"},"datePublished":"2020-09-23T13:27:15+00:00","dateModified":"2020-10-01T11:35:31+00:00","breadcrumb":{"@id":"https:\/\/augljos.is\/no\/who-is-suitable-for-lasik\/#breadcrumb"},"inLanguage":"nb-NO","potentialAction":[{"@type":"ReadAction","target":["https:\/\/augljos.is\/no\/who-is-suitable-for-lasik\/"]}]},{"@type":"BreadcrumbList","@id":"https:\/\/augljos.is\/no\/who-is-suitable-for-lasik\/#breadcrumb","itemListElement":[{"@type":"ListItem","position":1,"name":"Home","item":"https:\/\/augljos.is\/no\/"},{"@type":"ListItem","position":2,"name":"Hvem er egnet for LASIK?"}]},{"@type":"WebSite","@id":"https:\/\/augljos.is\/no\/#website","url":"https:\/\/augljos.is\/no\/","name":"Auglj\u00f3s","description":"Laseraugnl\u00e6kningar og almennar augnl\u00e6kningar","potentialAction":[{"@type":"SearchAction","target":{"@type":"EntryPoint","urlTemplate":"https:\/\/augljos.is\/no\/?s={search_term_string}"},"query-input":{"@type":"PropertyValueSpecification","valueRequired":true,"valueName":"search_term_string"}}],"inLanguage":"nb-NO"}]}},"_links":{"self":[{"href":"https:\/\/augljos.is\/no\/wp-json\/wp\/v2\/pages\/1172","targetHints":{"allow":["GET"]}}],"collection":[{"href":"https:\/\/augljos.is\/no\/wp-json\/wp\/v2\/pages"}],"about":[{"href":"https:\/\/augljos.is\/no\/wp-json\/wp\/v2\/types\/page"}],"author":[{"embeddable":true,"href":"https:\/\/augljos.is\/no\/wp-json\/wp\/v2\/users\/1"}],"replies":[{"embeddable":true,"href":"https:\/\/augljos.is\/no\/wp-json\/wp\/v2\/comments?post=1172"}],"version-history":[{"count":2,"href":"https:\/\/augljos.is\/no\/wp-json\/wp\/v2\/pages\/1172\/revisions"}],"predecessor-version":[{"id":1174,"href":"https:\/\/augljos.is\/no\/wp-json\/wp\/v2\/pages\/1172\/revisions\/1174"}],"wp:attachment":[{"href":"https:\/\/augljos.is\/no\/wp-json\/wp\/v2\/media?parent=1172"}],"curies":[{"name":"wp","href":"https:\/\/api.w.org\/{rel}","templated":true}]}}