{"id":1165,"date":"2018-03-15T09:56:54","date_gmt":"2018-03-15T09:56:54","guid":{"rendered":"https:\/\/augljos.is\/lasik-adgerd\/"},"modified":"2020-09-30T11:25:57","modified_gmt":"2020-09-30T11:25:57","slug":"lasik-adgerd","status":"publish","type":"page","link":"https:\/\/augljos.is\/no\/lasik-adgerd\/","title":{"rendered":"Hva er LASIK?"},"content":{"rendered":"<div class=\"wpb-content-wrapper\">[vc_row fullwidth=&raquo;true&raquo; fullwidth_content=&raquo;false&raquo; css=&raquo;.vc_custom_1521115951932{margin-top: 0px !important;margin-bottom: 0px !important;padding-top: 0px !important;padding-bottom: 0px !important;}&raquo;][vc_column][vc_empty_space height=&raquo;22px&raquo;][vc_wp_custommenu nav_menu=&raquo;22&#8243; el_class=&raquo;menu-klasi&raquo;][\/vc_column][\/vc_row][vc_row fullwidth=&raquo;true&raquo; fullwidth_content=&raquo;false&raquo; css=&raquo;.vc_custom_1521116635958{margin-top: -15px !important;margin-bottom: 0px !important;padding-top: 0px !important;padding-bottom: 0px !important;}&raquo;][vc_column css=&raquo;.vc_custom_1521116232944{margin-top: 0px !important;margin-bottom: 0px !important;padding-top: 0px !important;padding-bottom: 0px !important;}&raquo;][mk_divider style=&raquo;thin_solid&raquo; thin_single_color=&raquo;#e5e5e5&#8243; thickness=&raquo;2&#8243; margin_top=&raquo;0&#8243;][\/vc_column][\/vc_row][vc_row fullwidth=&raquo;true&raquo; fullwidth_content=&raquo;false&raquo; css=&raquo;.vc_custom_1521116635958{margin-top: -15px !important;margin-bottom: 0px !important;padding-top: 0px !important;padding-bottom: 0px !important;}&raquo;][vc_column css=&raquo;.vc_custom_1521116232944{margin-top: 0px !important;margin-bottom: 0px !important;padding-top: 0px !important;padding-bottom: 0px !important;}&raquo;][vc_empty_space][\/vc_column][\/vc_row][vc_row][vc_column][vc_column_text css=&raquo;.vc_custom_1601464370572{margin-bottom: 0px !important;}&raquo;]Det er mulig at du kjenner noen som ha hatt LASIK. Milljoner har sluppet unna bruk av briller og kontaktlinser eller er mindre avhengig av dem. LASIK er den mest alminnelige laser refraktiv prosedyre. LASIK operasjonsmarkedet markerede millenium i Island, n\u00e5r den f\u00f8rste operasjon ble utf\u00f8rt om sommeren 2000, som var over ti \u00e5r etter at de greske og italienske \u00f8yelegene Pallikaris og Buratto utf\u00f8rte sine f\u00f8rste operasjoner.<\/p>\n<p>LASIK er blitt til den vanligste kirugiske prosedyren som blir utf\u00f8rt i verden. Island er ikke noe unntak fra dette. LASIK har vokset til at ha status som p\u00e5litelig og sikker metode for at bli mindre avhengig af briller eller kontktlinser.<\/p>\n<p>Etableringen av den nye \u00f8yeklinikken, Auglj\u00f3s \u00f8yeklinikk, er et nytt springbrett innenfor historien om refrakiv kirugi i landet. Auglj\u00f3s \u00f8yeklinikk legger vekt p\u00e5 kombinasjon av ny avant teknologi, erfaring og kunnskap. Dr. Johannes K. Kristinsson MD PhD utf\u00f8rte sin f\u00f8rste refraktiv-kirugi operasjon i \u00e5ret 2000 og har siden da utf\u00f8rt over 10.000 slike operasjoner. Han fullf\u00f8rte hornhinne og refakiv kirugi fellowship fra den velkjente Duke Eye Center in NC, USA.<\/p>\n<p>Utstyret som brukes for at utf\u00f8re laser refraktiv kirugi er naturligvis ekstremt viktig. V\u00e5r laser er fra Schwind Technologies i Tyskland. V\u00e5r laser AMARIS behandler n\u00e6rsynthet, astigmatisme og hypermetropi med utrolig presisjon, med 1 kHz sporingsevne, som lar laserstr\u00e5len f\u00f8lge \u00f8yet i alle retninger som er kalt 5D sporing. Dette \u00f8ker sikkerheten av prosedyren samt presisjonen. Videre, behandlingstiden er kortere enn noen gang f\u00f8r, vanligvis rundt f\u00e5 sekunder.<\/p>\n<h2>LASIK \u2013 oversikt<\/h2>\n<p>Men hva handler denne operasjonen om. Hvordan blir den utf\u00f8rt, hva er det som for\u00e5rsaker synsskarphet av \u00f8yet og forbedring til den grad at \u00f8yet ikke trenger briller eller kontaktlinser lenger?<\/p>\n<p>Det kan v\u00e6re ganske vanskelig \u00e5 forst\u00e5 de viktigste funksjonene i denne operasjonen&raquo; forklarer Dr. Kristinsson. &laquo;Hovedproblemet er \u00e5 forestille seg hvordan \u00f8yet er bygd. Under operasjonen, gj\u00f8r vi en supertynn segment av den ytterste kugleformede vev i \u00f8yet, som kalles hornhinnen. Dette segmentet kalles en klaff. Hele ideen er \u00e5 l\u00f8fte klaffen og utf\u00f8re laseroperasjon under den. Vi arbeider\u00a0 aldri inne i selve \u00f8yet, vi bare jobber p\u00e5 hornhinnen, og aldri g\u00e5r vi dypere enn halvveis ned i hornhinnens vev. Hvis \u00f8yet er vinduet til sjelen, er hornhinnen vinduet til \u00f8yet. Ved \u00e5 endre formen p\u00e5 hornhinnen, kan vi endre brytning av lys i \u00f8yet, og dermed gj\u00f8re den enkelte uavhengig av briller &laquo;, sier Johannes. Han forklarer videre:. &laquo;Vi gj\u00f8r en klaff med en viss maskin som vi kaller microkeratome . Klaffen henger til resten av hornhinnen ved et hengsel (se bilde 4) Hensikten med klaffen er \u00e5 beskytte behandlingsomr\u00e5det. Det underliggende omr\u00e5det blir omformet med laseren. &raquo; &laquo;Etter LASIK prosedyren, plasserer vi klaffen igjen p\u00e5 underlaget. Og det mest utrolige er at det ikke trenger \u00e5 bli sydd\u00a0 til \u00f8yet. Det stikker bare i l\u00f8pet av minutter, noe som gj\u00f8r det mulig for folk \u00e5 blinke normalt bare minutter etter operasjonen. Dette er en stor fordel, og hjelper folk til \u00e5 komme seg raskt. Microkeratomen som brukes er Ziemer Amadeus II, en ny versjon av en microkeratome med en fantastisk sikkerhetsprofil. Amadeus II har ytterligere forbedret situasjonen ved \u00e5 gj\u00f8re LASIK enda tryggere. Studier har ikke vist noen forskjell mellom forekomsten av t\u00f8rre \u00f8yne og h\u00f8ye ordre avvik sammenlignet med en femtosecond laser.[\/vc_column_text][vc_column_text css=&raquo;.vc_custom_1601464377726{margin-bottom: 0px !important;}&raquo;]\n<h2>SCHWIND AMARIS<\/h2>\n<p>Schwind laseren er en teknologisk raritet med mange funksjoner som tar sikte mot \u00e5 forkorte procedyren og \u00f8ke sikkerheten. Dr. Krisinsson bes\u00f8kte Schwind fabrikkene, som ligger i n\u00e6rheten av Aschaffenburg i Tyskland. \u201eDet var virkelig fantastisk \u00e5 kunne se hvordan de bygger laseren fra grunn til teknisk underverk. Omsorg, kunnskap og teknologisk ekspertise som er involvert er fantastisk. Presisjon og omsorg tatt under hvert skritt var nesten h\u00e5ndgripelig. Folk p\u00e5 Schwind deler en sann visjon mot \u00e5 gj\u00f8re dette uten tvil det beste laser utstyr av sit slag i verden.\u201c<\/p>\n<p>\u201eOmsorg og presisjon er veldig mye i \u00e5nden av \u00f8yeleger som senere utf\u00f8rer den delikate operasjonen med laseren\u201c , siger Dr. Kristinsson. \u201eDet er flere excimer lasere der ute, og mange av dem er gode maskiner. Men vi f\u00f8lte at Schwind Amaris var den mest lovende i forhold til det visuelle utfallet av pasientene, brukervennlighet og generelle funksjoner. Vi f\u00f8lte ogs\u00e5 at Presbymax behandling var trolig den mest avanserte behandling for presbyopi der ute.\u201c[\/vc_column_text][vc_column_text css=&raquo;.vc_custom_1601465153133{margin-bottom: 0px !important;}&raquo;]\n<h2>What is PRESBYMAX?<\/h2>\n<p>Med alderen stivner linsen i \u00f8yet, som gj\u00f8r det vanskelig \u00e5 endre dens form.<\/p>\n<div id=\"attachment_1148\" style=\"width: 512px\" class=\"wp-caption alignleft\"><img decoding=\"async\" aria-describedby=\"caption-attachment-1148\" class=\"wp-image-1151\" title=\"Figure 6\" src=\"https:\/\/augljos.is\/wp-content\/uploads\/2020\/09\/figure-6-augljos.jpg\" alt=\"\" width=\"502\" height=\"376\" \/><p id=\"caption-attachment-1148\" class=\"wp-caption-text\">Figure 6. The lens is the gray drop shaped structure on the left side, situated just behind the iris, the brown, green or blue part of our eyes. It is one of two main lens systems of the eye, the first being the cornea, the outermost clear dome-shaped structure on the left. During LASIK, we perform an operation on the cornea, ie the first lens system. During a lens operation, such as cataract operation, the second lens system is treated, thereby bypassing the second lens system.<\/p><\/div>\n<p>Objektivet ligger rett bak den fargede delen av \u00f8ynene v\u00e5re, iris. Herding av linsen skjer langsomt gjennom \u00e5rene. N\u00e5r vi er unge, er objektivet smidig og kan komme inn som en \u201cpluss linse\u201d, eller konveks linse, som fokuserer p\u00e5 ting i n\u00e6rheten av oss. Etter som linsen blir hardere med alderen, minsker evnen til at oppn\u00e5 n\u00e6r-focus og vi trenger pluss linser i form av lesebriller i stedet, vanligvis<\/p>\n<p>i en alder 40-45. En pasient fortalte meg en gang: \u201c. Det er enten lesebriller eller at d\u00f8 ung. Jeg valgte lesebriller,\u201d sier Dr. Kristinsson. \u201cDette kalles presbyopi, og kan neppe kalles en sykdom, dersom alle opplever det\u201d la han til. \u201cMen\u201d, sier han, \u201cde synes dette er irriterende og \u00f8nsker \u00e5 kvitte seg med lesebriller eller \u00e5 v\u00e6re mindre avhengig av dem. Det er ganske mange metoder som har blitt utviklet i l\u00f8pet av de siste \u00e5rene for at l\u00f8se dette.\u201d Han sier at flere av metodene involverer utveksling av linsen med en kunstig en, som kalles en \u201cklar linse utvinning\u201d. I denne operasjonen blir en spesiell linse plassert i stedet for den herdede linsen av pasienten, noe som gj\u00f8r det mulig for pasienten \u00e5 fokusere b\u00e5de n\u00e6r og langt. Denne operasjon, b\u00e6rer en risiko, om enn sm\u00e5, at infective organismer kommer inn i \u00f8yet, som for\u00e5rsaker en alvorlig infeksjon som heter endoftalmitt. Denne Presbymax behandling, utviklet av Schwind i samarbeid med Jorge Alio, Spania og OCIVIS gruppe av Universitetet i Alicante. Presbymax bygger p\u00e5 prinsippene for \u00e5 lage en \u201clese segment\u201d i midten av hornhinnen, med en sirkel rundt som administrer lang visjon. Denne behandlingen utf\u00f8res utelukkende p\u00e5 hornhinnen, f\u00f8rste linse-systemet, som ber\u00f8rer ikke linsen i \u00f8yet, det andre linse-systemet.<\/p>\n<p>Det er generelt antatt at Presbymax er bedre egnet for personer 45-60 \u00e5r, men klar linse utvinning er bedre egnet for personer over 60 \u00e5r. Imidlertid m\u00e5 en detaljert synsunders\u00f8kelse utf\u00f8res for \u00e5 v\u00e6re i stand til \u00e5 skjelne hvilken prosedyre er mer hensiktsmessig for hver pasient. Presbymax operasjon er i tillegg tenkt \u00e5 v\u00e6re gunstig for folk som allerede har hatt en tradisjonell gr\u00e5 st\u00e6r operasjon utf\u00f8rt med monofocal objektiv og \u00f8nsker \u00e5 \u00f8ke sin uavhengighet av lese briller.<\/p>\n<p>Dr.Michael Stade er \u00f8yelege hos Bad Laser \u00f8ye klinikk i Sachsen Tyskland. Han er 54 \u00e5r gammel og har nylig hatt en Presbymax prosedyre utf\u00f8rt med en Schwind laser som han bruker selv. Han er utrolig forn\u00f8yd med resultatet av operasjonen. \u201cBare tre uker etter inngrepet, hans synsskarphet b\u00e5de n\u00e6r og langt var skarp, og han trenger ikke noen briller i det hele tatt,\u201d sier Dr. Kristinsson. \u201cHan pr\u00f8vde multifokale kontaktlinser f\u00f8r og trodde de var vanskelig \u00e5 bruke. P\u00e5 grunn av den sterke forsknings m\u00f8nsterpapiret bak Presbymax behandlingen bestemte han seg for \u00e5 g\u00e5 videre med sine egne \u00f8yne. \u201cIf\u00f8lge intervjuet, er Dr. Stade n\u00e5 overbevist om at dette er den beste behandlingen mulig for presbyopi. Eylight Eye Clinic (Auglj\u00f3s) er stolte av \u00e5 tilby Presbymax behandling. Ikke alle pasienter er kvalifisert for Presbymax behandling, imidlertid, og hver person m\u00e5 unders\u00f8kes n\u00f8ye for \u00e5 bekrefte om den enkelte er kandidat for kirurgi.[\/vc_column_text][\/vc_column][\/vc_row][vc_row id=&raquo;umsagnir&raquo;][vc_column][vc_empty_space height=&raquo;40&#8243;][\/vc_column][\/vc_row]\n<\/div>","protected":false},"excerpt":{"rendered":"<p>[vc_row fullwidth=&raquo;true&raquo; fullwidth_content=&raquo;false&raquo; css=&raquo;.vc_custom_1521115951932{margin-top: 0px !important;margin-bottom: 0px !important;padding-top: 0px !important;padding-bottom: 0px !important;}&raquo;][vc_column][vc_empty_space height=&raquo;22px&raquo;][vc_wp_custommenu nav_menu=&raquo;22&#8243; el_class=&raquo;menu-klasi&raquo;][\/vc_column][\/vc_row][vc_row fullwidth=&raquo;true&raquo; fullwidth_content=&raquo;false&raquo; css=&raquo;.vc_custom_1521116635958{margin-top: -15px !important;margin-bottom: 0px !important;padding-top: 0px !important;padding-bottom: 0px !important;}&raquo;][vc_column css=&raquo;.vc_custom_1521116232944{margin-top: 0px !important;margin-bottom: 0px !important;padding-top: 0px !important;padding-bottom: 0px !important;}&raquo;][mk_divider style=&raquo;thin_solid&raquo; thin_single_color=&raquo;#e5e5e5&#8243; thickness=&raquo;2&#8243; margin_top=&raquo;0&#8243;][\/vc_column][\/vc_row][vc_row fullwidth=&raquo;true&raquo; fullwidth_content=&raquo;false&raquo; css=&raquo;.vc_custom_1521116635958{margin-top: -15px !important;margin-bottom: 0px !important;padding-top: 0px !important;padding-bottom: 0px !important;}&raquo;][vc_column css=&raquo;.vc_custom_1521116232944{margin-top: 0px !important;margin-bottom: 0px !important;padding-top: [&hellip;]<\/p>\n","protected":false},"author":1,"featured_media":0,"parent":0,"menu_order":0,"comment_status":"closed","ping_status":"closed","template":"","meta":{"_monsterinsights_skip_tracking":false,"_monsterinsights_sitenote_active":false,"_monsterinsights_sitenote_note":"","_monsterinsights_sitenote_category":0,"footnotes":""},"class_list":["post-1165","page","type-page","status-publish","hentry"],"yoast_head":"<!-- This site is optimized with the Yoast SEO plugin v27.4 - https:\/\/yoast.com\/product\/yoast-seo-wordpress\/ -->\n<title>Hva er LASIK? - Auglj\u00f3s<\/title>\n<meta name=\"robots\" content=\"index, follow, max-snippet:-1, max-image-preview:large, max-video-preview:-1\" \/>\n<link rel=\"canonical\" href=\"https:\/\/augljos.is\/no\/lasik-adgerd\/\" \/>\n<meta property=\"og:locale\" content=\"nb_NO\" \/>\n<meta property=\"og:type\" content=\"article\" \/>\n<meta property=\"og:title\" content=\"Hva er LASIK? - Auglj\u00f3s\" \/>\n<meta property=\"og:description\" content=\"[vc_row fullwidth=&raquo;true&raquo; fullwidth_content=&raquo;false&raquo; css=&raquo;.vc_custom_1521115951932{margin-top: 0px !important;margin-bottom: 0px !important;padding-top: 0px !important;padding-bottom: 0px !important;}&raquo;][vc_column][vc_empty_space height=&raquo;22px&raquo;][vc_wp_custommenu nav_menu=&raquo;22&#8243; el_class=&raquo;menu-klasi&raquo;][\/vc_column][\/vc_row][vc_row fullwidth=&raquo;true&raquo; fullwidth_content=&raquo;false&raquo; css=&raquo;.vc_custom_1521116635958{margin-top: -15px !important;margin-bottom: 0px !important;padding-top: 0px !important;padding-bottom: 0px !important;}&raquo;][vc_column css=&raquo;.vc_custom_1521116232944{margin-top: 0px !important;margin-bottom: 0px !important;padding-top: 0px !important;padding-bottom: 0px !important;}&raquo;][mk_divider style=&raquo;thin_solid&raquo; thin_single_color=&raquo;#e5e5e5&#8243; thickness=&raquo;2&#8243; margin_top=&raquo;0&#8243;][\/vc_column][\/vc_row][vc_row fullwidth=&raquo;true&raquo; fullwidth_content=&raquo;false&raquo; css=&raquo;.vc_custom_1521116635958{margin-top: -15px !important;margin-bottom: 0px !important;padding-top: 0px !important;padding-bottom: 0px !important;}&raquo;][vc_column css=&raquo;.vc_custom_1521116232944{margin-top: 0px !important;margin-bottom: 0px !important;padding-top: [&hellip;]\" \/>\n<meta property=\"og:url\" content=\"https:\/\/augljos.is\/no\/lasik-adgerd\/\" \/>\n<meta property=\"og:site_name\" content=\"Auglj\u00f3s\" \/>\n<meta property=\"article:modified_time\" content=\"2020-09-30T11:25:57+00:00\" \/>\n<meta property=\"og:image\" content=\"https:\/\/augljos.is\/wp-content\/uploads\/2020\/09\/figure-6-augljos.jpg\" \/>\n<meta name=\"twitter:card\" content=\"summary_large_image\" \/>\n<meta name=\"twitter:label1\" content=\"Ansl. lesetid\" \/>\n\t<meta name=\"twitter:data1\" content=\"8 minutter\" \/>\n<script type=\"application\/ld+json\" class=\"yoast-schema-graph\">{\"@context\":\"https:\\\/\\\/schema.org\",\"@graph\":[{\"@type\":\"WebPage\",\"@id\":\"https:\\\/\\\/augljos.is\\\/no\\\/lasik-adgerd\\\/\",\"url\":\"https:\\\/\\\/augljos.is\\\/no\\\/lasik-adgerd\\\/\",\"name\":\"Hva er LASIK? - Auglj\u00f3s\",\"isPartOf\":{\"@id\":\"https:\\\/\\\/augljos.is\\\/no\\\/#website\"},\"primaryImageOfPage\":{\"@id\":\"https:\\\/\\\/augljos.is\\\/no\\\/lasik-adgerd\\\/#primaryimage\"},\"image\":{\"@id\":\"https:\\\/\\\/augljos.is\\\/no\\\/lasik-adgerd\\\/#primaryimage\"},\"thumbnailUrl\":\"https:\\\/\\\/augljos.is\\\/wp-content\\\/uploads\\\/2020\\\/09\\\/figure-6-augljos.jpg\",\"datePublished\":\"2018-03-15T09:56:54+00:00\",\"dateModified\":\"2020-09-30T11:25:57+00:00\",\"breadcrumb\":{\"@id\":\"https:\\\/\\\/augljos.is\\\/no\\\/lasik-adgerd\\\/#breadcrumb\"},\"inLanguage\":\"nb-NO\",\"potentialAction\":[{\"@type\":\"ReadAction\",\"target\":[\"https:\\\/\\\/augljos.is\\\/no\\\/lasik-adgerd\\\/\"]}]},{\"@type\":\"ImageObject\",\"inLanguage\":\"nb-NO\",\"@id\":\"https:\\\/\\\/augljos.is\\\/no\\\/lasik-adgerd\\\/#primaryimage\",\"url\":\"https:\\\/\\\/augljos.is\\\/wp-content\\\/uploads\\\/2020\\\/09\\\/figure-6-augljos.jpg\",\"contentUrl\":\"https:\\\/\\\/augljos.is\\\/wp-content\\\/uploads\\\/2020\\\/09\\\/figure-6-augljos.jpg\"},{\"@type\":\"BreadcrumbList\",\"@id\":\"https:\\\/\\\/augljos.is\\\/no\\\/lasik-adgerd\\\/#breadcrumb\",\"itemListElement\":[{\"@type\":\"ListItem\",\"position\":1,\"name\":\"Home\",\"item\":\"https:\\\/\\\/augljos.is\\\/no\\\/\"},{\"@type\":\"ListItem\",\"position\":2,\"name\":\"Hva er LASIK?\"}]},{\"@type\":\"WebSite\",\"@id\":\"https:\\\/\\\/augljos.is\\\/no\\\/#website\",\"url\":\"https:\\\/\\\/augljos.is\\\/no\\\/\",\"name\":\"Auglj\u00f3s\",\"description\":\"Laseraugnl\u00e6kningar og almennar augnl\u00e6kningar\",\"potentialAction\":[{\"@type\":\"SearchAction\",\"target\":{\"@type\":\"EntryPoint\",\"urlTemplate\":\"https:\\\/\\\/augljos.is\\\/no\\\/?s={search_term_string}\"},\"query-input\":{\"@type\":\"PropertyValueSpecification\",\"valueRequired\":true,\"valueName\":\"search_term_string\"}}],\"inLanguage\":\"nb-NO\"}]}<\/script>\n<!-- \/ Yoast SEO plugin. -->","yoast_head_json":{"title":"Hva er LASIK? - Auglj\u00f3s","robots":{"index":"index","follow":"follow","max-snippet":"max-snippet:-1","max-image-preview":"max-image-preview:large","max-video-preview":"max-video-preview:-1"},"canonical":"https:\/\/augljos.is\/no\/lasik-adgerd\/","og_locale":"nb_NO","og_type":"article","og_title":"Hva er LASIK? - Auglj\u00f3s","og_description":"[vc_row fullwidth=&raquo;true&raquo; fullwidth_content=&raquo;false&raquo; css=&raquo;.vc_custom_1521115951932{margin-top: 0px !important;margin-bottom: 0px !important;padding-top: 0px !important;padding-bottom: 0px !important;}&raquo;][vc_column][vc_empty_space height=&raquo;22px&raquo;][vc_wp_custommenu nav_menu=&raquo;22&#8243; el_class=&raquo;menu-klasi&raquo;][\/vc_column][\/vc_row][vc_row fullwidth=&raquo;true&raquo; fullwidth_content=&raquo;false&raquo; css=&raquo;.vc_custom_1521116635958{margin-top: -15px !important;margin-bottom: 0px !important;padding-top: 0px !important;padding-bottom: 0px !important;}&raquo;][vc_column css=&raquo;.vc_custom_1521116232944{margin-top: 0px !important;margin-bottom: 0px !important;padding-top: 0px !important;padding-bottom: 0px !important;}&raquo;][mk_divider style=&raquo;thin_solid&raquo; thin_single_color=&raquo;#e5e5e5&#8243; thickness=&raquo;2&#8243; margin_top=&raquo;0&#8243;][\/vc_column][\/vc_row][vc_row fullwidth=&raquo;true&raquo; fullwidth_content=&raquo;false&raquo; css=&raquo;.vc_custom_1521116635958{margin-top: -15px !important;margin-bottom: 0px !important;padding-top: 0px !important;padding-bottom: 0px !important;}&raquo;][vc_column css=&raquo;.vc_custom_1521116232944{margin-top: 0px !important;margin-bottom: 0px !important;padding-top: [&hellip;]","og_url":"https:\/\/augljos.is\/no\/lasik-adgerd\/","og_site_name":"Auglj\u00f3s","article_modified_time":"2020-09-30T11:25:57+00:00","og_image":[{"url":"https:\/\/augljos.is\/wp-content\/uploads\/2020\/09\/figure-6-augljos.jpg","type":"","width":"","height":""}],"twitter_card":"summary_large_image","twitter_misc":{"Ansl. lesetid":"8 minutter"},"schema":{"@context":"https:\/\/schema.org","@graph":[{"@type":"WebPage","@id":"https:\/\/augljos.is\/no\/lasik-adgerd\/","url":"https:\/\/augljos.is\/no\/lasik-adgerd\/","name":"Hva er LASIK? - Auglj\u00f3s","isPartOf":{"@id":"https:\/\/augljos.is\/no\/#website"},"primaryImageOfPage":{"@id":"https:\/\/augljos.is\/no\/lasik-adgerd\/#primaryimage"},"image":{"@id":"https:\/\/augljos.is\/no\/lasik-adgerd\/#primaryimage"},"thumbnailUrl":"https:\/\/augljos.is\/wp-content\/uploads\/2020\/09\/figure-6-augljos.jpg","datePublished":"2018-03-15T09:56:54+00:00","dateModified":"2020-09-30T11:25:57+00:00","breadcrumb":{"@id":"https:\/\/augljos.is\/no\/lasik-adgerd\/#breadcrumb"},"inLanguage":"nb-NO","potentialAction":[{"@type":"ReadAction","target":["https:\/\/augljos.is\/no\/lasik-adgerd\/"]}]},{"@type":"ImageObject","inLanguage":"nb-NO","@id":"https:\/\/augljos.is\/no\/lasik-adgerd\/#primaryimage","url":"https:\/\/augljos.is\/wp-content\/uploads\/2020\/09\/figure-6-augljos.jpg","contentUrl":"https:\/\/augljos.is\/wp-content\/uploads\/2020\/09\/figure-6-augljos.jpg"},{"@type":"BreadcrumbList","@id":"https:\/\/augljos.is\/no\/lasik-adgerd\/#breadcrumb","itemListElement":[{"@type":"ListItem","position":1,"name":"Home","item":"https:\/\/augljos.is\/no\/"},{"@type":"ListItem","position":2,"name":"Hva er LASIK?"}]},{"@type":"WebSite","@id":"https:\/\/augljos.is\/no\/#website","url":"https:\/\/augljos.is\/no\/","name":"Auglj\u00f3s","description":"Laseraugnl\u00e6kningar og almennar augnl\u00e6kningar","potentialAction":[{"@type":"SearchAction","target":{"@type":"EntryPoint","urlTemplate":"https:\/\/augljos.is\/no\/?s={search_term_string}"},"query-input":{"@type":"PropertyValueSpecification","valueRequired":true,"valueName":"search_term_string"}}],"inLanguage":"nb-NO"}]}},"_links":{"self":[{"href":"https:\/\/augljos.is\/no\/wp-json\/wp\/v2\/pages\/1165","targetHints":{"allow":["GET"]}}],"collection":[{"href":"https:\/\/augljos.is\/no\/wp-json\/wp\/v2\/pages"}],"about":[{"href":"https:\/\/augljos.is\/no\/wp-json\/wp\/v2\/types\/page"}],"author":[{"embeddable":true,"href":"https:\/\/augljos.is\/no\/wp-json\/wp\/v2\/users\/1"}],"replies":[{"embeddable":true,"href":"https:\/\/augljos.is\/no\/wp-json\/wp\/v2\/comments?post=1165"}],"version-history":[{"count":5,"href":"https:\/\/augljos.is\/no\/wp-json\/wp\/v2\/pages\/1165\/revisions"}],"predecessor-version":[{"id":1171,"href":"https:\/\/augljos.is\/no\/wp-json\/wp\/v2\/pages\/1165\/revisions\/1171"}],"wp:attachment":[{"href":"https:\/\/augljos.is\/no\/wp-json\/wp\/v2\/media?parent=1165"}],"curies":[{"name":"wp","href":"https:\/\/api.w.org\/{rel}","templated":true}]}}