{"id":1161,"date":"2018-04-25T23:20:12","date_gmt":"2018-04-25T23:20:12","guid":{"rendered":"https:\/\/augljos.is\/hafa-samband\/"},"modified":"2020-09-30T11:04:56","modified_gmt":"2020-09-30T11:04:56","slug":"hafa-samband","status":"publish","type":"page","link":"https:\/\/augljos.is\/no\/hafa-samband\/","title":{"rendered":"Contact"},"content":{"rendered":"[mk_page_section][vc_column width=&raquo;1\/2&#8243;][mk_fancy_title size=&raquo;26&#8243; force_font_size=&raquo;true&raquo; font_family=&raquo;none&raquo; responsive_align=&raquo;left&raquo;]<strong>Augljos Eye Center <\/strong>[\/mk_fancy_title][mk_custom_list style=&raquo;mk-moon-location&raquo;]\n<ul>\n<li><span style=\"font-size: 14pt;\">\u00c1lfheimum 74<\/span><br \/>\n<span style=\"font-size: 14pt;\">2. floor<\/span><br \/>\n<span style=\"font-size: 14pt;\">104 Reykjav\u00edk<\/span><\/li>\n<\/ul>\n[\/mk_custom_list][mk_custom_list style=&raquo;mk-li-map&raquo;]\n<ul>\n<li><a href=\"https:\/\/goo.gl\/maps\/Y7Fg1Xsf5M22\" target=\"_blank\" rel=\"noopener noreferrer\">Map<\/a><\/li>\n<\/ul>\n[\/mk_custom_list][mk_custom_list style=&raquo;mk-icon-phone&raquo;]\n<ul>\n<li><strong><a href=\"tel:+3544147000\">414 7000<\/a><\/strong><\/li>\n<\/ul>\n[\/mk_custom_list][mk_custom_list style=&raquo;mk-li-mail&raquo;]\n<ul>\n<li><span style=\"font-size: 14pt;\"><strong><a href=\"mailto:augljos@augljos.is\">augljos@augljos.is<\/a><\/strong><\/span><\/li>\n<\/ul>\n[\/mk_custom_list][vc_empty_space][\/vc_column][vc_column width=&raquo;1\/2&#8243;][vc_single_image image=&raquo;604&#8243; img_size=&raquo;full&raquo; alignment=&raquo;center&raquo;][\/vc_column][\/mk_page_section]\n","protected":false},"excerpt":{"rendered":"<p>[mk_page_section][vc_column width=&raquo;1\/2&#8243;][mk_fancy_title size=&raquo;26&#8243; force_font_size=&raquo;true&raquo; font_family=&raquo;none&raquo; responsive_align=&raquo;left&raquo;]Augljos Eye Center [\/mk_fancy_title][mk_custom_list style=&raquo;mk-moon-location&raquo;] \u00c1lfheimum 74 2. floor 104 Reykjav\u00edk [\/mk_custom_list][mk_custom_list style=&raquo;mk-li-map&raquo;] Map [\/mk_custom_list][mk_custom_list style=&raquo;mk-icon-phone&raquo;] 414 7000 [\/mk_custom_list][mk_custom_list style=&raquo;mk-li-mail&raquo;] augljos@augljos.is [\/mk_custom_list][vc_empty_space][\/vc_column][vc_column width=&raquo;1\/2&#8243;][vc_single_image image=&raquo;604&#8243; img_size=&raquo;full&raquo; alignment=&raquo;center&raquo;][\/vc_column][\/mk_page_section]<\/p>\n","protected":false},"author":1,"featured_media":0,"parent":0,"menu_order":0,"comment_status":"closed","ping_status":"closed","template":"","meta":{"_monsterinsights_skip_tracking":false,"_monsterinsights_sitenote_active":false,"_monsterinsights_sitenote_note":"","_monsterinsights_sitenote_category":0,"footnotes":""},"class_list":["post-1161","page","type-page","status-publish","hentry"],"yoast_head":"<!-- This site is optimized with the Yoast SEO plugin v27.3 - https:\/\/yoast.com\/product\/yoast-seo-wordpress\/ -->\n<title>Contact - Auglj\u00f3s<\/title>\n<meta name=\"robots\" content=\"index, follow, max-snippet:-1, max-image-preview:large, max-video-preview:-1\" \/>\n<link rel=\"canonical\" href=\"https:\/\/augljos.is\/no\/hafa-samband\/\" \/>\n<meta property=\"og:locale\" content=\"nb_NO\" \/>\n<meta property=\"og:type\" content=\"article\" \/>\n<meta property=\"og:title\" content=\"Contact - Auglj\u00f3s\" \/>\n<meta property=\"og:description\" content=\"[mk_page_section][vc_column width=&raquo;1\/2&#8243;][mk_fancy_title size=&raquo;26&#8243; force_font_size=&raquo;true&raquo; font_family=&raquo;none&raquo; responsive_align=&raquo;left&raquo;]Augljos Eye Center [\/mk_fancy_title][mk_custom_list style=&raquo;mk-moon-location&raquo;] \u00c1lfheimum 74 2. floor 104 Reykjav\u00edk [\/mk_custom_list][mk_custom_list style=&raquo;mk-li-map&raquo;] Map [\/mk_custom_list][mk_custom_list style=&raquo;mk-icon-phone&raquo;] 414 7000 [\/mk_custom_list][mk_custom_list style=&raquo;mk-li-mail&raquo;] augljos@augljos.is [\/mk_custom_list][vc_empty_space][\/vc_column][vc_column width=&raquo;1\/2&#8243;][vc_single_image image=&raquo;604&#8243; img_size=&raquo;full&raquo; alignment=&raquo;center&raquo;][\/vc_column][\/mk_page_section]\" \/>\n<meta property=\"og:url\" content=\"https:\/\/augljos.is\/no\/hafa-samband\/\" \/>\n<meta property=\"og:site_name\" content=\"Auglj\u00f3s\" \/>\n<meta property=\"article:modified_time\" content=\"2020-09-30T11:04:56+00:00\" \/>\n<meta name=\"twitter:card\" content=\"summary_large_image\" \/>\n<script type=\"application\/ld+json\" class=\"yoast-schema-graph\">{\"@context\":\"https:\\\/\\\/schema.org\",\"@graph\":[{\"@type\":\"WebPage\",\"@id\":\"https:\\\/\\\/augljos.is\\\/no\\\/hafa-samband\\\/\",\"url\":\"https:\\\/\\\/augljos.is\\\/no\\\/hafa-samband\\\/\",\"name\":\"Contact - Auglj\u00f3s\",\"isPartOf\":{\"@id\":\"https:\\\/\\\/augljos.is\\\/no\\\/#website\"},\"datePublished\":\"2018-04-25T23:20:12+00:00\",\"dateModified\":\"2020-09-30T11:04:56+00:00\",\"breadcrumb\":{\"@id\":\"https:\\\/\\\/augljos.is\\\/no\\\/hafa-samband\\\/#breadcrumb\"},\"inLanguage\":\"nb-NO\",\"potentialAction\":[{\"@type\":\"ReadAction\",\"target\":[\"https:\\\/\\\/augljos.is\\\/no\\\/hafa-samband\\\/\"]}]},{\"@type\":\"BreadcrumbList\",\"@id\":\"https:\\\/\\\/augljos.is\\\/no\\\/hafa-samband\\\/#breadcrumb\",\"itemListElement\":[{\"@type\":\"ListItem\",\"position\":1,\"name\":\"Home\",\"item\":\"https:\\\/\\\/augljos.is\\\/no\\\/\"},{\"@type\":\"ListItem\",\"position\":2,\"name\":\"Contact\"}]},{\"@type\":\"WebSite\",\"@id\":\"https:\\\/\\\/augljos.is\\\/no\\\/#website\",\"url\":\"https:\\\/\\\/augljos.is\\\/no\\\/\",\"name\":\"Auglj\u00f3s\",\"description\":\"Laseraugnl\u00e6kningar og almennar augnl\u00e6kningar\",\"potentialAction\":[{\"@type\":\"SearchAction\",\"target\":{\"@type\":\"EntryPoint\",\"urlTemplate\":\"https:\\\/\\\/augljos.is\\\/no\\\/?s={search_term_string}\"},\"query-input\":{\"@type\":\"PropertyValueSpecification\",\"valueRequired\":true,\"valueName\":\"search_term_string\"}}],\"inLanguage\":\"nb-NO\"}]}<\/script>\n<!-- \/ Yoast SEO plugin. -->","yoast_head_json":{"title":"Contact - Auglj\u00f3s","robots":{"index":"index","follow":"follow","max-snippet":"max-snippet:-1","max-image-preview":"max-image-preview:large","max-video-preview":"max-video-preview:-1"},"canonical":"https:\/\/augljos.is\/no\/hafa-samband\/","og_locale":"nb_NO","og_type":"article","og_title":"Contact - Auglj\u00f3s","og_description":"[mk_page_section][vc_column width=&raquo;1\/2&#8243;][mk_fancy_title size=&raquo;26&#8243; force_font_size=&raquo;true&raquo; font_family=&raquo;none&raquo; responsive_align=&raquo;left&raquo;]Augljos Eye Center [\/mk_fancy_title][mk_custom_list style=&raquo;mk-moon-location&raquo;] \u00c1lfheimum 74 2. floor 104 Reykjav\u00edk [\/mk_custom_list][mk_custom_list style=&raquo;mk-li-map&raquo;] Map [\/mk_custom_list][mk_custom_list style=&raquo;mk-icon-phone&raquo;] 414 7000 [\/mk_custom_list][mk_custom_list style=&raquo;mk-li-mail&raquo;] augljos@augljos.is [\/mk_custom_list][vc_empty_space][\/vc_column][vc_column width=&raquo;1\/2&#8243;][vc_single_image image=&raquo;604&#8243; img_size=&raquo;full&raquo; alignment=&raquo;center&raquo;][\/vc_column][\/mk_page_section]","og_url":"https:\/\/augljos.is\/no\/hafa-samband\/","og_site_name":"Auglj\u00f3s","article_modified_time":"2020-09-30T11:04:56+00:00","twitter_card":"summary_large_image","schema":{"@context":"https:\/\/schema.org","@graph":[{"@type":"WebPage","@id":"https:\/\/augljos.is\/no\/hafa-samband\/","url":"https:\/\/augljos.is\/no\/hafa-samband\/","name":"Contact - Auglj\u00f3s","isPartOf":{"@id":"https:\/\/augljos.is\/no\/#website"},"datePublished":"2018-04-25T23:20:12+00:00","dateModified":"2020-09-30T11:04:56+00:00","breadcrumb":{"@id":"https:\/\/augljos.is\/no\/hafa-samband\/#breadcrumb"},"inLanguage":"nb-NO","potentialAction":[{"@type":"ReadAction","target":["https:\/\/augljos.is\/no\/hafa-samband\/"]}]},{"@type":"BreadcrumbList","@id":"https:\/\/augljos.is\/no\/hafa-samband\/#breadcrumb","itemListElement":[{"@type":"ListItem","position":1,"name":"Home","item":"https:\/\/augljos.is\/no\/"},{"@type":"ListItem","position":2,"name":"Contact"}]},{"@type":"WebSite","@id":"https:\/\/augljos.is\/no\/#website","url":"https:\/\/augljos.is\/no\/","name":"Auglj\u00f3s","description":"Laseraugnl\u00e6kningar og almennar augnl\u00e6kningar","potentialAction":[{"@type":"SearchAction","target":{"@type":"EntryPoint","urlTemplate":"https:\/\/augljos.is\/no\/?s={search_term_string}"},"query-input":{"@type":"PropertyValueSpecification","valueRequired":true,"valueName":"search_term_string"}}],"inLanguage":"nb-NO"}]}},"_links":{"self":[{"href":"https:\/\/augljos.is\/no\/wp-json\/wp\/v2\/pages\/1161","targetHints":{"allow":["GET"]}}],"collection":[{"href":"https:\/\/augljos.is\/no\/wp-json\/wp\/v2\/pages"}],"about":[{"href":"https:\/\/augljos.is\/no\/wp-json\/wp\/v2\/types\/page"}],"author":[{"embeddable":true,"href":"https:\/\/augljos.is\/no\/wp-json\/wp\/v2\/users\/1"}],"replies":[{"embeddable":true,"href":"https:\/\/augljos.is\/no\/wp-json\/wp\/v2\/comments?post=1161"}],"version-history":[{"count":1,"href":"https:\/\/augljos.is\/no\/wp-json\/wp\/v2\/pages\/1161\/revisions"}],"predecessor-version":[{"id":1162,"href":"https:\/\/augljos.is\/no\/wp-json\/wp\/v2\/pages\/1161\/revisions\/1162"}],"wp:attachment":[{"href":"https:\/\/augljos.is\/no\/wp-json\/wp\/v2\/media?parent=1161"}],"curies":[{"name":"wp","href":"https:\/\/api.w.org\/{rel}","templated":true}]}}