{"id":1131,"date":"2020-09-23T13:39:13","date_gmt":"2020-09-23T13:39:13","guid":{"rendered":"https:\/\/augljos.is\/lasik\/"},"modified":"2020-09-30T11:04:12","modified_gmt":"2020-09-30T11:04:12","slug":"lasik","status":"publish","type":"page","link":"https:\/\/augljos.is\/no\/lasik\/","title":{"rendered":"LASIK"},"content":{"rendered":"<div class=\"wpb-content-wrapper\">[vc_row fullwidth=&raquo;true&raquo; fullwidth_content=&raquo;false&raquo; css=&raquo;.vc_custom_1521115951932{margin-top: 0px !important;margin-bottom: 0px !important;padding-top: 0px !important;padding-bottom: 0px !important;}&raquo;][vc_column][vc_empty_space height=&raquo;22px&raquo;][vc_wp_custommenu nav_menu=&raquo;22&#8243; el_class=&raquo;menu-klasi&raquo;][\/vc_column][\/vc_row][vc_row fullwidth=&raquo;true&raquo; fullwidth_content=&raquo;false&raquo; css=&raquo;.vc_custom_1521116635958{margin-top: -15px !important;margin-bottom: 0px !important;padding-top: 0px !important;padding-bottom: 0px !important;}&raquo;][vc_column css=&raquo;.vc_custom_1521116232944{margin-top: 0px !important;margin-bottom: 0px !important;padding-top: 0px !important;padding-bottom: 0px !important;}&raquo;][mk_divider style=&raquo;thin_solid&raquo; thin_single_color=&raquo;#e5e5e5&#8243; thickness=&raquo;2&#8243; margin_top=&raquo;0&#8243;][\/vc_column][\/vc_row][mk_page_section layout_structure=&raquo;half_right&raquo; bg_image=&raquo;https:\/\/augljos.is\/wp-content\/uploads\/2018\/09\/transprk-bakgrunnur.jpg&raquo; padding_top=&raquo;0&#8243; padding_bottom=&raquo;0&#8243;][vc_column][vc_empty_space height=&raquo;40px&raquo;][vc_column_text css=&raquo;.vc_custom_1601463839486{margin-bottom: 0px !important;}&raquo;]Omformerer hornhinnen med laser<\/p>\n<p>Verden speiles i \u00f8ynene v\u00e5re. Omkring 80% av v\u00e5r persepsjon er i gennem \u00f8ynene og det er et privilegium \u00e5 kunne oppleve det uten visuelle hjelpemidler.<\/p>\n<p>LASIK operasjon tar bare ti minutter og gj\u00f8r det mulig \u00e5 slippe briller og kontaktlinser. Under operasjonen omformerer en ultra-presise laserstr\u00e5le overflaten av hornhinnen som gj\u00f8r det mulig for lyset at fokusere p\u00e5 netthinnen som laver et skarpere bilde. Dette her viser hvor viktig utviklingen av datateknikk var for historien av refraktiv kirurgi \u2013 en prosedyre som barberer en br\u00f8kdel av en millimeter av hornhinnen som faktisk gj\u00f8r det mulig \u00e5 slutte med bruk av briller eller kontaktlinser og oppfatte verden gjennom \u00f8ynene uten at se gjennom glass, plast eller silikon.<\/p>\n<p>Hvis du \u00f8nsker \u00e5 komme til Island og bli evaluert for laser refraktiv kirurgi kan vi sjekke om du er kandidat. Hvis du er det, kan vi gj\u00f8re dette.[\/vc_column_text][vc_empty_space height=&raquo;40px&raquo;][\/vc_column][\/mk_page_section]\n<\/div>","protected":false},"excerpt":{"rendered":"<p>[vc_row fullwidth=&raquo;true&raquo; fullwidth_content=&raquo;false&raquo; css=&raquo;.vc_custom_1521115951932{margin-top: 0px !important;margin-bottom: 0px !important;padding-top: 0px !important;padding-bottom: 0px !important;}&raquo;][vc_column][vc_empty_space height=&raquo;22px&raquo;][vc_wp_custommenu nav_menu=&raquo;22&#8243; el_class=&raquo;menu-klasi&raquo;][\/vc_column][\/vc_row][vc_row fullwidth=&raquo;true&raquo; fullwidth_content=&raquo;false&raquo; css=&raquo;.vc_custom_1521116635958{margin-top: -15px !important;margin-bottom: 0px !important;padding-top: 0px !important;padding-bottom: 0px !important;}&raquo;][vc_column css=&raquo;.vc_custom_1521116232944{margin-top: 0px !important;margin-bottom: 0px !important;padding-top: 0px !important;padding-bottom: 0px !important;}&raquo;][mk_divider style=&raquo;thin_solid&raquo; thin_single_color=&raquo;#e5e5e5&#8243; thickness=&raquo;2&#8243; margin_top=&raquo;0&#8243;][\/vc_column][\/vc_row][mk_page_section layout_structure=&raquo;half_right&raquo; bg_image=&raquo;https:\/\/augljos.is\/wp-content\/uploads\/2018\/09\/transprk-bakgrunnur.jpg&raquo; padding_top=&raquo;0&#8243; padding_bottom=&raquo;0&#8243;][vc_column][vc_empty_space height=&raquo;40px&raquo;][vc_column_text css=&raquo;.vc_custom_1601463839486{margin-bottom: 0px !important;}&raquo;]Omformerer hornhinnen med laser Verden speiles i \u00f8ynene v\u00e5re. [&hellip;]<\/p>\n","protected":false},"author":1,"featured_media":0,"parent":0,"menu_order":0,"comment_status":"closed","ping_status":"closed","template":"","meta":{"_monsterinsights_skip_tracking":false,"_monsterinsights_sitenote_active":false,"_monsterinsights_sitenote_note":"","_monsterinsights_sitenote_category":0,"footnotes":""},"class_list":["post-1131","page","type-page","status-publish","hentry"],"yoast_head":"<!-- This site is optimized with the Yoast SEO plugin v27.3 - https:\/\/yoast.com\/product\/yoast-seo-wordpress\/ -->\n<title>LASIK - Auglj\u00f3s<\/title>\n<meta name=\"robots\" content=\"index, follow, max-snippet:-1, max-image-preview:large, max-video-preview:-1\" \/>\n<link rel=\"canonical\" href=\"https:\/\/augljos.is\/no\/lasik\/\" \/>\n<meta property=\"og:locale\" content=\"nb_NO\" \/>\n<meta property=\"og:type\" content=\"article\" \/>\n<meta property=\"og:title\" content=\"LASIK - Auglj\u00f3s\" \/>\n<meta property=\"og:description\" content=\"[vc_row fullwidth=&raquo;true&raquo; fullwidth_content=&raquo;false&raquo; css=&raquo;.vc_custom_1521115951932{margin-top: 0px !important;margin-bottom: 0px !important;padding-top: 0px !important;padding-bottom: 0px !important;}&raquo;][vc_column][vc_empty_space height=&raquo;22px&raquo;][vc_wp_custommenu nav_menu=&raquo;22&#8243; el_class=&raquo;menu-klasi&raquo;][\/vc_column][\/vc_row][vc_row fullwidth=&raquo;true&raquo; fullwidth_content=&raquo;false&raquo; css=&raquo;.vc_custom_1521116635958{margin-top: -15px !important;margin-bottom: 0px !important;padding-top: 0px !important;padding-bottom: 0px !important;}&raquo;][vc_column css=&raquo;.vc_custom_1521116232944{margin-top: 0px !important;margin-bottom: 0px !important;padding-top: 0px !important;padding-bottom: 0px !important;}&raquo;][mk_divider style=&raquo;thin_solid&raquo; thin_single_color=&raquo;#e5e5e5&#8243; thickness=&raquo;2&#8243; margin_top=&raquo;0&#8243;][\/vc_column][\/vc_row][mk_page_section layout_structure=&raquo;half_right&raquo; bg_image=&raquo;https:\/\/augljos.is\/wp-content\/uploads\/2018\/09\/transprk-bakgrunnur.jpg&raquo; padding_top=&raquo;0&#8243; padding_bottom=&raquo;0&#8243;][vc_column][vc_empty_space height=&raquo;40px&raquo;][vc_column_text css=&raquo;.vc_custom_1601463839486{margin-bottom: 0px !important;}&raquo;]Omformerer hornhinnen med laser Verden speiles i \u00f8ynene v\u00e5re. [&hellip;]\" \/>\n<meta property=\"og:url\" content=\"https:\/\/augljos.is\/no\/lasik\/\" \/>\n<meta property=\"og:site_name\" content=\"Auglj\u00f3s\" \/>\n<meta property=\"article:modified_time\" content=\"2020-09-30T11:04:12+00:00\" \/>\n<meta name=\"twitter:card\" content=\"summary_large_image\" \/>\n<meta name=\"twitter:label1\" content=\"Ansl. lesetid\" \/>\n\t<meta name=\"twitter:data1\" content=\"2 minutter\" \/>\n<script type=\"application\/ld+json\" class=\"yoast-schema-graph\">{\"@context\":\"https:\\\/\\\/schema.org\",\"@graph\":[{\"@type\":\"WebPage\",\"@id\":\"https:\\\/\\\/augljos.is\\\/no\\\/lasik\\\/\",\"url\":\"https:\\\/\\\/augljos.is\\\/no\\\/lasik\\\/\",\"name\":\"LASIK - Auglj\u00f3s\",\"isPartOf\":{\"@id\":\"https:\\\/\\\/augljos.is\\\/no\\\/#website\"},\"datePublished\":\"2020-09-23T13:39:13+00:00\",\"dateModified\":\"2020-09-30T11:04:12+00:00\",\"breadcrumb\":{\"@id\":\"https:\\\/\\\/augljos.is\\\/no\\\/lasik\\\/#breadcrumb\"},\"inLanguage\":\"nb-NO\",\"potentialAction\":[{\"@type\":\"ReadAction\",\"target\":[\"https:\\\/\\\/augljos.is\\\/no\\\/lasik\\\/\"]}]},{\"@type\":\"BreadcrumbList\",\"@id\":\"https:\\\/\\\/augljos.is\\\/no\\\/lasik\\\/#breadcrumb\",\"itemListElement\":[{\"@type\":\"ListItem\",\"position\":1,\"name\":\"Home\",\"item\":\"https:\\\/\\\/augljos.is\\\/no\\\/\"},{\"@type\":\"ListItem\",\"position\":2,\"name\":\"LASIK\"}]},{\"@type\":\"WebSite\",\"@id\":\"https:\\\/\\\/augljos.is\\\/no\\\/#website\",\"url\":\"https:\\\/\\\/augljos.is\\\/no\\\/\",\"name\":\"Auglj\u00f3s\",\"description\":\"Laseraugnl\u00e6kningar og almennar augnl\u00e6kningar\",\"potentialAction\":[{\"@type\":\"SearchAction\",\"target\":{\"@type\":\"EntryPoint\",\"urlTemplate\":\"https:\\\/\\\/augljos.is\\\/no\\\/?s={search_term_string}\"},\"query-input\":{\"@type\":\"PropertyValueSpecification\",\"valueRequired\":true,\"valueName\":\"search_term_string\"}}],\"inLanguage\":\"nb-NO\"}]}<\/script>\n<!-- \/ Yoast SEO plugin. -->","yoast_head_json":{"title":"LASIK - Auglj\u00f3s","robots":{"index":"index","follow":"follow","max-snippet":"max-snippet:-1","max-image-preview":"max-image-preview:large","max-video-preview":"max-video-preview:-1"},"canonical":"https:\/\/augljos.is\/no\/lasik\/","og_locale":"nb_NO","og_type":"article","og_title":"LASIK - Auglj\u00f3s","og_description":"[vc_row fullwidth=&raquo;true&raquo; fullwidth_content=&raquo;false&raquo; css=&raquo;.vc_custom_1521115951932{margin-top: 0px !important;margin-bottom: 0px !important;padding-top: 0px !important;padding-bottom: 0px !important;}&raquo;][vc_column][vc_empty_space height=&raquo;22px&raquo;][vc_wp_custommenu nav_menu=&raquo;22&#8243; el_class=&raquo;menu-klasi&raquo;][\/vc_column][\/vc_row][vc_row fullwidth=&raquo;true&raquo; fullwidth_content=&raquo;false&raquo; css=&raquo;.vc_custom_1521116635958{margin-top: -15px !important;margin-bottom: 0px !important;padding-top: 0px !important;padding-bottom: 0px !important;}&raquo;][vc_column css=&raquo;.vc_custom_1521116232944{margin-top: 0px !important;margin-bottom: 0px !important;padding-top: 0px !important;padding-bottom: 0px !important;}&raquo;][mk_divider style=&raquo;thin_solid&raquo; thin_single_color=&raquo;#e5e5e5&#8243; thickness=&raquo;2&#8243; margin_top=&raquo;0&#8243;][\/vc_column][\/vc_row][mk_page_section layout_structure=&raquo;half_right&raquo; bg_image=&raquo;https:\/\/augljos.is\/wp-content\/uploads\/2018\/09\/transprk-bakgrunnur.jpg&raquo; padding_top=&raquo;0&#8243; padding_bottom=&raquo;0&#8243;][vc_column][vc_empty_space height=&raquo;40px&raquo;][vc_column_text css=&raquo;.vc_custom_1601463839486{margin-bottom: 0px !important;}&raquo;]Omformerer hornhinnen med laser Verden speiles i \u00f8ynene v\u00e5re. [&hellip;]","og_url":"https:\/\/augljos.is\/no\/lasik\/","og_site_name":"Auglj\u00f3s","article_modified_time":"2020-09-30T11:04:12+00:00","twitter_card":"summary_large_image","twitter_misc":{"Ansl. lesetid":"2 minutter"},"schema":{"@context":"https:\/\/schema.org","@graph":[{"@type":"WebPage","@id":"https:\/\/augljos.is\/no\/lasik\/","url":"https:\/\/augljos.is\/no\/lasik\/","name":"LASIK - Auglj\u00f3s","isPartOf":{"@id":"https:\/\/augljos.is\/no\/#website"},"datePublished":"2020-09-23T13:39:13+00:00","dateModified":"2020-09-30T11:04:12+00:00","breadcrumb":{"@id":"https:\/\/augljos.is\/no\/lasik\/#breadcrumb"},"inLanguage":"nb-NO","potentialAction":[{"@type":"ReadAction","target":["https:\/\/augljos.is\/no\/lasik\/"]}]},{"@type":"BreadcrumbList","@id":"https:\/\/augljos.is\/no\/lasik\/#breadcrumb","itemListElement":[{"@type":"ListItem","position":1,"name":"Home","item":"https:\/\/augljos.is\/no\/"},{"@type":"ListItem","position":2,"name":"LASIK"}]},{"@type":"WebSite","@id":"https:\/\/augljos.is\/no\/#website","url":"https:\/\/augljos.is\/no\/","name":"Auglj\u00f3s","description":"Laseraugnl\u00e6kningar og almennar augnl\u00e6kningar","potentialAction":[{"@type":"SearchAction","target":{"@type":"EntryPoint","urlTemplate":"https:\/\/augljos.is\/no\/?s={search_term_string}"},"query-input":{"@type":"PropertyValueSpecification","valueRequired":true,"valueName":"search_term_string"}}],"inLanguage":"nb-NO"}]}},"_links":{"self":[{"href":"https:\/\/augljos.is\/no\/wp-json\/wp\/v2\/pages\/1131","targetHints":{"allow":["GET"]}}],"collection":[{"href":"https:\/\/augljos.is\/no\/wp-json\/wp\/v2\/pages"}],"about":[{"href":"https:\/\/augljos.is\/no\/wp-json\/wp\/v2\/types\/page"}],"author":[{"embeddable":true,"href":"https:\/\/augljos.is\/no\/wp-json\/wp\/v2\/users\/1"}],"replies":[{"embeddable":true,"href":"https:\/\/augljos.is\/no\/wp-json\/wp\/v2\/comments?post=1131"}],"version-history":[{"count":3,"href":"https:\/\/augljos.is\/no\/wp-json\/wp\/v2\/pages\/1131\/revisions"}],"predecessor-version":[{"id":1160,"href":"https:\/\/augljos.is\/no\/wp-json\/wp\/v2\/pages\/1131\/revisions\/1160"}],"wp:attachment":[{"href":"https:\/\/augljos.is\/no\/wp-json\/wp\/v2\/media?parent=1131"}],"curies":[{"name":"wp","href":"https:\/\/api.w.org\/{rel}","templated":true}]}}