{"id":808,"date":"2018-02-15T16:05:14","date_gmt":"2018-02-15T16:05:14","guid":{"rendered":"https:\/\/augljos.is\/heim\/"},"modified":"2020-11-04T11:55:48","modified_gmt":"2020-11-04T11:55:48","slug":"heim","status":"publish","type":"page","link":"https:\/\/augljos.is\/en\/","title":{"rendered":"ENGLISH"},"content":{"rendered":"[mk_page_section layout_structure=&#8221;half_right&#8221; bg_image=&#8221;https:\/\/augljos.is\/wp-content\/uploads\/2018\/09\/johannes-kari-myndband.jpg&#8221; full_width=&#8221;true&#8221;][vc_column][vc_empty_space height=&#8221;40px&#8221;][mk_fancy_title tag_name=&#8221;h1&#8243; color=&#8221;#353535&#8243; size=&#8221;48&#8243; force_font_size=&#8221;true&#8221; size_smallscreen=&#8221;48&#8243; size_tablet=&#8221;48&#8243; size_phone=&#8221;42&#8243; font_weight=&#8221;500&#8243; txt_transform=&#8221;uppercase&#8221; margin_top=&#8221;20&#8243; margin_bottom=&#8221;0&#8243; font_family=&#8221;Oswald&#8221; font_type=&#8221;google&#8221; align=&#8221;center&#8221;]\n<p class=\"p1\" style=\"text-align: left;\">English<\/p>\n[\/mk_fancy_title][vc_column_text css=&#8221;.vc_custom_1601235917249{margin-bottom: 0px !important;}&#8221;]We at the Augljos Eye Center have clear service goals.\u00a0 We are not satisfied with anything else than top notch results.\u00a0 We strive to optimize your visual result and we believe we have the technology, experience, safety measures and service to match your goals.<\/p>\n<p>Augljos Eye Center offers the latest technology in laser refractive surgery.\u00a0 Our Schwind AMARIS laser is a brand new laser offering the latest flying spot technique performing a silky smooth profiling of the cornea, resulting in a unsurpassing clarity of vision \u2013 without visual aids.\u00a0 The velocity of the flying spots is 500 Hz, which means that 500 spots are applied each second, cutting the length of treatment down by a half from previous traditional lasers.\u00a0 During all stages of the operation, the surgeon monitors the thickness of the cornea with a special application in the laser.[\/vc_column_text][vc_empty_space height=&#8221;40px&#8221;][\/vc_column][\/mk_page_section][mk_page_section layout_structure=&#8221;half_left&#8221; bg_image=&#8221;https:\/\/augljos.is\/wp-content\/uploads\/2018\/05\/laseradgerd-hja-augljos-fyrir-vef.jpg&#8221; full_width=&#8221;true&#8221;][vc_column][vc_empty_space height=&#8221;40px&#8221;][vc_column_text css=&#8221;.vc_custom_1600850913769{margin-bottom: 0px !important;}&#8221;]Using the latest equipment however is not enough when performing laser surgery.\u00a0 The difference between a professional golfer and a weekend golfer both using top golf clubs is quite clear.\u00a0 We aim to set a high standard regarding the standard of education and experience of our laser refractive surgeons.\u00a0 Johannes Kristinsson MD PhD has performed over 9000 laser refractive surgeries.\u00a0 He did his residency in ophthalmology at the Duke University Eye Center in NC, USA, which has constantly been in the 7th or 8th place in US News &amp; World Report over the best US eye hospitals.\u00a0 He also did a fellowship in laser refractive surgery as well as cornea and external diseases at Duke Eye Center, moving back to Iceland in 2001.\u00a0 He is still the only laser refractive surgeon in the country who has completed a fellowship in laser refractive surgery.[\/vc_column_text][vc_empty_space height=&#8221;40px&#8221;][\/vc_column][\/mk_page_section][mk_page_section layout_structure=&#8221;half_right&#8221; bg_image=&#8221;https:\/\/augljos.is\/wp-content\/uploads\/2018\/09\/presbymax-bakgrunnur.jpg&#8221; full_width=&#8221;true&#8221;][vc_column][vc_empty_space height=&#8221;40px&#8221;][vc_column_text css=&#8221;.vc_custom_1601235963002{margin-bottom: 0px !important;}&#8221;]Augljos Eye Center\u00a0offers a 3 years\u2019 insurance of laser refractive surgery.\u00a0 This means that if you are not happy with the results of surgery you are eligible for a free laser refractive surgery enhancement up to 3 years after the initial surgery.<\/p>\n<p>We periodically analyse the outcome of the surgeries in order to make sure that the equipment calibration is adequate.<\/p>\n<p>High quality service is our specialty.\u00a0 We are honored that you trust us with your eyes and do everything in our power to ensure that you experience the best medical service possible in this field.<\/p>\n<p>Our security standards are high.\u00a0 The cutting edge laser refractive technology offered at our clinic is the latest offered from the distinguished German firm Schwind.\u00a0 This is the Schwind AMARIS laser, with a revolutionary laser technology aimed at producing the best visual results possible for our patients.[\/vc_column_text][vc_empty_space height=&#8221;40px&#8221;][\/vc_column][\/mk_page_section]\n","protected":false},"excerpt":{"rendered":"<p>[mk_page_section layout_structure=&#8221;half_right&#8221; bg_image=&#8221;https:\/\/augljos.is\/wp-content\/uploads\/2018\/09\/johannes-kari-myndband.jpg&#8221; full_width=&#8221;true&#8221;][vc_column][vc_empty_space height=&#8221;40px&#8221;][mk_fancy_title tag_name=&#8221;h1&#8243; color=&#8221;#353535&#8243; size=&#8221;48&#8243; force_font_size=&#8221;true&#8221; size_smallscreen=&#8221;48&#8243; size_tablet=&#8221;48&#8243; size_phone=&#8221;42&#8243; font_weight=&#8221;500&#8243; txt_transform=&#8221;uppercase&#8221; margin_top=&#8221;20&#8243; margin_bottom=&#8221;0&#8243; font_family=&#8221;Oswald&#8221; font_type=&#8221;google&#8221; align=&#8221;center&#8221;] English [\/mk_fancy_title][vc_column_text css=&#8221;.vc_custom_1601235917249{margin-bottom: 0px !important;}&#8221;]We at the Augljos Eye Center have clear service goals.\u00a0 We are not satisfied with anything else than top notch results.\u00a0 We strive to optimize your visual result and we believe we [&hellip;]<\/p>\n","protected":false},"author":1,"featured_media":0,"parent":0,"menu_order":0,"comment_status":"closed","ping_status":"closed","template":"","meta":{"_monsterinsights_skip_tracking":false,"_monsterinsights_sitenote_active":false,"_monsterinsights_sitenote_note":"","_monsterinsights_sitenote_category":0,"footnotes":""},"class_list":["post-808","page","type-page","status-publish","hentry"],"yoast_head":"<!-- This site is optimized with the Yoast SEO plugin v27.4 - https:\/\/yoast.com\/product\/yoast-seo-wordpress\/ -->\n<title>Auglj\u00f3s \u2013 Lasera\u00f0ger\u00f0ir \u2013 LASIK \u2013 Almennar Augnl\u00e6kningar | augljos.is<\/title>\n<meta name=\"description\" content=\"Auglj\u00f3s laser augnl\u00e6kningar b\u00fd\u00f0ur upp \u00e1 laseraugnl\u00e6kningar og -a\u00f0ger\u00f0ir auk almennra augnl\u00e6kninga. \u00c1hersla \u00e1 pers\u00f3nulega \u00fej\u00f3nustu, t\u00e6kni og \u00feekkingu.\" \/>\n<meta name=\"robots\" content=\"index, follow, max-snippet:-1, max-image-preview:large, max-video-preview:-1\" \/>\n<link rel=\"canonical\" href=\"https:\/\/augljos.is\/en\/\" \/>\n<meta property=\"og:locale\" content=\"en_US\" \/>\n<meta property=\"og:type\" content=\"article\" \/>\n<meta property=\"og:title\" content=\"Auglj\u00f3s \u2013 Lasera\u00f0ger\u00f0ir \u2013 LASIK \u2013 Almennar Augnl\u00e6kningar | augljos.is\" \/>\n<meta property=\"og:description\" content=\"Auglj\u00f3s laser augnl\u00e6kningar b\u00fd\u00f0ur upp \u00e1 laseraugnl\u00e6kningar og -a\u00f0ger\u00f0ir auk almennra augnl\u00e6kninga. \u00c1hersla \u00e1 pers\u00f3nulega \u00fej\u00f3nustu, t\u00e6kni og \u00feekkingu.\" \/>\n<meta property=\"og:url\" content=\"https:\/\/augljos.is\/en\/\" \/>\n<meta property=\"og:site_name\" content=\"Auglj\u00f3s\" \/>\n<meta property=\"article:modified_time\" content=\"2020-11-04T11:55:48+00:00\" \/>\n<meta name=\"twitter:card\" content=\"summary_large_image\" \/>\n<meta name=\"twitter:label1\" content=\"Est. reading time\" \/>\n\t<meta name=\"twitter:data1\" content=\"3 minutes\" \/>\n<script type=\"application\/ld+json\" class=\"yoast-schema-graph\">{\"@context\":\"https:\\\/\\\/schema.org\",\"@graph\":[{\"@type\":\"WebPage\",\"@id\":\"https:\\\/\\\/augljos.is\\\/en\\\/\",\"url\":\"https:\\\/\\\/augljos.is\\\/en\\\/\",\"name\":\"Auglj\u00f3s \u2013 Lasera\u00f0ger\u00f0ir \u2013 LASIK \u2013 Almennar Augnl\u00e6kningar | augljos.is\",\"isPartOf\":{\"@id\":\"https:\\\/\\\/augljos.is\\\/en\\\/#website\"},\"datePublished\":\"2018-02-15T16:05:14+00:00\",\"dateModified\":\"2020-11-04T11:55:48+00:00\",\"description\":\"Auglj\u00f3s laser augnl\u00e6kningar b\u00fd\u00f0ur upp \u00e1 laseraugnl\u00e6kningar og -a\u00f0ger\u00f0ir auk almennra augnl\u00e6kninga. \u00c1hersla \u00e1 pers\u00f3nulega \u00fej\u00f3nustu, t\u00e6kni og \u00feekkingu.\",\"breadcrumb\":{\"@id\":\"https:\\\/\\\/augljos.is\\\/en\\\/#breadcrumb\"},\"inLanguage\":\"en-US\",\"potentialAction\":[{\"@type\":\"ReadAction\",\"target\":[\"https:\\\/\\\/augljos.is\\\/en\\\/\"]}]},{\"@type\":\"BreadcrumbList\",\"@id\":\"https:\\\/\\\/augljos.is\\\/en\\\/#breadcrumb\",\"itemListElement\":[{\"@type\":\"ListItem\",\"position\":1,\"name\":\"Home\",\"item\":\"https:\\\/\\\/augljos.is\\\/en\\\/\"},{\"@type\":\"ListItem\",\"position\":2,\"name\":\"ENGLISH\"}]},{\"@type\":\"WebSite\",\"@id\":\"https:\\\/\\\/augljos.is\\\/en\\\/#website\",\"url\":\"https:\\\/\\\/augljos.is\\\/en\\\/\",\"name\":\"Auglj\u00f3s\",\"description\":\"Laseraugnl\u00e6kningar og almennar augnl\u00e6kningar\",\"potentialAction\":[{\"@type\":\"SearchAction\",\"target\":{\"@type\":\"EntryPoint\",\"urlTemplate\":\"https:\\\/\\\/augljos.is\\\/en\\\/?s={search_term_string}\"},\"query-input\":{\"@type\":\"PropertyValueSpecification\",\"valueRequired\":true,\"valueName\":\"search_term_string\"}}],\"inLanguage\":\"en-US\"}]}<\/script>\n<!-- \/ Yoast SEO plugin. -->","yoast_head_json":{"title":"Auglj\u00f3s \u2013 Lasera\u00f0ger\u00f0ir \u2013 LASIK \u2013 Almennar Augnl\u00e6kningar | augljos.is","description":"Auglj\u00f3s laser augnl\u00e6kningar b\u00fd\u00f0ur upp \u00e1 laseraugnl\u00e6kningar og -a\u00f0ger\u00f0ir auk almennra augnl\u00e6kninga. \u00c1hersla \u00e1 pers\u00f3nulega \u00fej\u00f3nustu, t\u00e6kni og \u00feekkingu.","robots":{"index":"index","follow":"follow","max-snippet":"max-snippet:-1","max-image-preview":"max-image-preview:large","max-video-preview":"max-video-preview:-1"},"canonical":"https:\/\/augljos.is\/en\/","og_locale":"en_US","og_type":"article","og_title":"Auglj\u00f3s \u2013 Lasera\u00f0ger\u00f0ir \u2013 LASIK \u2013 Almennar Augnl\u00e6kningar | augljos.is","og_description":"Auglj\u00f3s laser augnl\u00e6kningar b\u00fd\u00f0ur upp \u00e1 laseraugnl\u00e6kningar og -a\u00f0ger\u00f0ir auk almennra augnl\u00e6kninga. \u00c1hersla \u00e1 pers\u00f3nulega \u00fej\u00f3nustu, t\u00e6kni og \u00feekkingu.","og_url":"https:\/\/augljos.is\/en\/","og_site_name":"Auglj\u00f3s","article_modified_time":"2020-11-04T11:55:48+00:00","twitter_card":"summary_large_image","twitter_misc":{"Est. reading time":"3 minutes"},"schema":{"@context":"https:\/\/schema.org","@graph":[{"@type":"WebPage","@id":"https:\/\/augljos.is\/en\/","url":"https:\/\/augljos.is\/en\/","name":"Auglj\u00f3s \u2013 Lasera\u00f0ger\u00f0ir \u2013 LASIK \u2013 Almennar Augnl\u00e6kningar | augljos.is","isPartOf":{"@id":"https:\/\/augljos.is\/en\/#website"},"datePublished":"2018-02-15T16:05:14+00:00","dateModified":"2020-11-04T11:55:48+00:00","description":"Auglj\u00f3s laser augnl\u00e6kningar b\u00fd\u00f0ur upp \u00e1 laseraugnl\u00e6kningar og -a\u00f0ger\u00f0ir auk almennra augnl\u00e6kninga. \u00c1hersla \u00e1 pers\u00f3nulega \u00fej\u00f3nustu, t\u00e6kni og \u00feekkingu.","breadcrumb":{"@id":"https:\/\/augljos.is\/en\/#breadcrumb"},"inLanguage":"en-US","potentialAction":[{"@type":"ReadAction","target":["https:\/\/augljos.is\/en\/"]}]},{"@type":"BreadcrumbList","@id":"https:\/\/augljos.is\/en\/#breadcrumb","itemListElement":[{"@type":"ListItem","position":1,"name":"Home","item":"https:\/\/augljos.is\/en\/"},{"@type":"ListItem","position":2,"name":"ENGLISH"}]},{"@type":"WebSite","@id":"https:\/\/augljos.is\/en\/#website","url":"https:\/\/augljos.is\/en\/","name":"Auglj\u00f3s","description":"Laseraugnl\u00e6kningar og almennar augnl\u00e6kningar","potentialAction":[{"@type":"SearchAction","target":{"@type":"EntryPoint","urlTemplate":"https:\/\/augljos.is\/en\/?s={search_term_string}"},"query-input":{"@type":"PropertyValueSpecification","valueRequired":true,"valueName":"search_term_string"}}],"inLanguage":"en-US"}]}},"_links":{"self":[{"href":"https:\/\/augljos.is\/en\/wp-json\/wp\/v2\/pages\/808","targetHints":{"allow":["GET"]}}],"collection":[{"href":"https:\/\/augljos.is\/en\/wp-json\/wp\/v2\/pages"}],"about":[{"href":"https:\/\/augljos.is\/en\/wp-json\/wp\/v2\/types\/page"}],"author":[{"embeddable":true,"href":"https:\/\/augljos.is\/en\/wp-json\/wp\/v2\/users\/1"}],"replies":[{"embeddable":true,"href":"https:\/\/augljos.is\/en\/wp-json\/wp\/v2\/comments?post=808"}],"version-history":[{"count":5,"href":"https:\/\/augljos.is\/en\/wp-json\/wp\/v2\/pages\/808\/revisions"}],"predecessor-version":[{"id":1134,"href":"https:\/\/augljos.is\/en\/wp-json\/wp\/v2\/pages\/808\/revisions\/1134"}],"wp:attachment":[{"href":"https:\/\/augljos.is\/en\/wp-json\/wp\/v2\/media?parent=808"}],"curies":[{"name":"wp","href":"https:\/\/api.w.org\/{rel}","templated":true}]}}