{"id":1088,"date":"2020-09-23T13:37:16","date_gmt":"2020-09-23T13:37:16","guid":{"rendered":"https:\/\/augljos.is\/?page_id=1088"},"modified":"2025-05-21T09:55:55","modified_gmt":"2025-05-21T09:55:55","slug":"your-happiness-is-our-goal","status":"publish","type":"page","link":"https:\/\/augljos.is\/en\/your-happiness-is-our-goal\/","title":{"rendered":"Your happiness is our goal"},"content":{"rendered":"[mk_page_section layout_structure=&#8221;half_right&#8221; bg_image=&#8221;https:\/\/augljos.is\/wp-content\/uploads\/2018\/09\/lasik-bakgrunnur.jpg&#8221;][vc_column][vc_empty_space][vc_column_text css=&#8221;.vc_custom_1747821716651{margin-bottom: 0px !important;}&#8221;]We are never in a hurry, take our time offering our services and do our best in making your LASIK a memorable experience.<\/p>\n<h3>Years of experience<\/h3>\n<p>Our surgical team has performed over 18.000 operations since the year 2001.\u00a0 This is valuable experience for the benefit of your eyes.<\/p>\n<h3>Advanced technology<\/h3>\n<p>The Schwind Amaris refractive laser treatment system is one of the most technologically advanced systems in the world &#8211; and our equipment is the latest of the kind.\u00a0 German design, quality and precision come together in a laser specifically made for you with infinite choices and possibilities.<\/p>\n<h3>Specialty training in cornea and refractive surgery<\/h3>\n<p>A full training in corneal diseases and refractive surgery is a prerequisite for offering a full laser refractive service.\u00a0 Augljos Eye Center offers a training and fellowship from Duke University Eye Center, which has been selected among the top ten eye centers in the USA according to US News &amp; World Report 10 Best Hospitals.[\/vc_column_text][vc_empty_space][\/vc_column][\/mk_page_section]\n","protected":false},"excerpt":{"rendered":"<p>[mk_page_section layout_structure=&#8221;half_right&#8221; bg_image=&#8221;https:\/\/augljos.is\/wp-content\/uploads\/2018\/09\/lasik-bakgrunnur.jpg&#8221;][vc_column][vc_empty_space][vc_column_text css=&#8221;.vc_custom_1747821716651{margin-bottom: 0px !important;}&#8221;]We are never in a hurry, take our time offering our services and do our best in making your LASIK a memorable experience. Years of experience Our surgical team has performed over 18.000 operations since the year 2001.\u00a0 This is valuable experience for the benefit of your eyes. Advanced technology [&hellip;]<\/p>\n","protected":false},"author":1,"featured_media":0,"parent":0,"menu_order":0,"comment_status":"closed","ping_status":"closed","template":"","meta":{"_monsterinsights_skip_tracking":false,"_monsterinsights_sitenote_active":false,"_monsterinsights_sitenote_note":"","_monsterinsights_sitenote_category":0,"footnotes":""},"class_list":["post-1088","page","type-page","status-publish","hentry"],"yoast_head":"<!-- This site is optimized with the Yoast SEO plugin v27.4 - https:\/\/yoast.com\/product\/yoast-seo-wordpress\/ -->\n<title>Your happiness is our goal - Auglj\u00f3s<\/title>\n<meta name=\"robots\" content=\"index, follow, max-snippet:-1, max-image-preview:large, max-video-preview:-1\" \/>\n<link rel=\"canonical\" href=\"https:\/\/augljos.is\/en\/your-happiness-is-our-goal\/\" \/>\n<meta property=\"og:locale\" content=\"en_US\" \/>\n<meta property=\"og:type\" content=\"article\" \/>\n<meta property=\"og:title\" content=\"Your happiness is our goal - Auglj\u00f3s\" \/>\n<meta property=\"og:description\" content=\"[mk_page_section layout_structure=&#8221;half_right&#8221; bg_image=&#8221;https:\/\/augljos.is\/wp-content\/uploads\/2018\/09\/lasik-bakgrunnur.jpg&#8221;][vc_column][vc_empty_space][vc_column_text css=&#8221;.vc_custom_1747821716651{margin-bottom: 0px !important;}&#8221;]We are never in a hurry, take our time offering our services and do our best in making your LASIK a memorable experience. Years of experience Our surgical team has performed over 18.000 operations since the year 2001.\u00a0 This is valuable experience for the benefit of your eyes. Advanced technology [&hellip;]\" \/>\n<meta property=\"og:url\" content=\"https:\/\/augljos.is\/en\/your-happiness-is-our-goal\/\" \/>\n<meta property=\"og:site_name\" content=\"Auglj\u00f3s\" \/>\n<meta property=\"article:modified_time\" content=\"2025-05-21T09:55:55+00:00\" \/>\n<meta name=\"twitter:card\" content=\"summary_large_image\" \/>\n<meta name=\"twitter:label1\" content=\"Est. reading time\" \/>\n\t<meta name=\"twitter:data1\" content=\"1 minute\" \/>\n<script type=\"application\/ld+json\" class=\"yoast-schema-graph\">{\"@context\":\"https:\\\/\\\/schema.org\",\"@graph\":[{\"@type\":\"WebPage\",\"@id\":\"https:\\\/\\\/augljos.is\\\/en\\\/your-happiness-is-our-goal\\\/\",\"url\":\"https:\\\/\\\/augljos.is\\\/en\\\/your-happiness-is-our-goal\\\/\",\"name\":\"Your happiness is our goal - Auglj\u00f3s\",\"isPartOf\":{\"@id\":\"https:\\\/\\\/augljos.is\\\/en\\\/#website\"},\"datePublished\":\"2020-09-23T13:37:16+00:00\",\"dateModified\":\"2025-05-21T09:55:55+00:00\",\"breadcrumb\":{\"@id\":\"https:\\\/\\\/augljos.is\\\/en\\\/your-happiness-is-our-goal\\\/#breadcrumb\"},\"inLanguage\":\"en-US\",\"potentialAction\":[{\"@type\":\"ReadAction\",\"target\":[\"https:\\\/\\\/augljos.is\\\/en\\\/your-happiness-is-our-goal\\\/\"]}]},{\"@type\":\"BreadcrumbList\",\"@id\":\"https:\\\/\\\/augljos.is\\\/en\\\/your-happiness-is-our-goal\\\/#breadcrumb\",\"itemListElement\":[{\"@type\":\"ListItem\",\"position\":1,\"name\":\"Home\",\"item\":\"https:\\\/\\\/augljos.is\\\/en\\\/\"},{\"@type\":\"ListItem\",\"position\":2,\"name\":\"Your happiness is our goal\"}]},{\"@type\":\"WebSite\",\"@id\":\"https:\\\/\\\/augljos.is\\\/en\\\/#website\",\"url\":\"https:\\\/\\\/augljos.is\\\/en\\\/\",\"name\":\"Auglj\u00f3s\",\"description\":\"Laseraugnl\u00e6kningar og almennar augnl\u00e6kningar\",\"potentialAction\":[{\"@type\":\"SearchAction\",\"target\":{\"@type\":\"EntryPoint\",\"urlTemplate\":\"https:\\\/\\\/augljos.is\\\/en\\\/?s={search_term_string}\"},\"query-input\":{\"@type\":\"PropertyValueSpecification\",\"valueRequired\":true,\"valueName\":\"search_term_string\"}}],\"inLanguage\":\"en-US\"}]}<\/script>\n<!-- \/ Yoast SEO plugin. -->","yoast_head_json":{"title":"Your happiness is our goal - Auglj\u00f3s","robots":{"index":"index","follow":"follow","max-snippet":"max-snippet:-1","max-image-preview":"max-image-preview:large","max-video-preview":"max-video-preview:-1"},"canonical":"https:\/\/augljos.is\/en\/your-happiness-is-our-goal\/","og_locale":"en_US","og_type":"article","og_title":"Your happiness is our goal - Auglj\u00f3s","og_description":"[mk_page_section layout_structure=&#8221;half_right&#8221; bg_image=&#8221;https:\/\/augljos.is\/wp-content\/uploads\/2018\/09\/lasik-bakgrunnur.jpg&#8221;][vc_column][vc_empty_space][vc_column_text css=&#8221;.vc_custom_1747821716651{margin-bottom: 0px !important;}&#8221;]We are never in a hurry, take our time offering our services and do our best in making your LASIK a memorable experience. Years of experience Our surgical team has performed over 18.000 operations since the year 2001.\u00a0 This is valuable experience for the benefit of your eyes. Advanced technology [&hellip;]","og_url":"https:\/\/augljos.is\/en\/your-happiness-is-our-goal\/","og_site_name":"Auglj\u00f3s","article_modified_time":"2025-05-21T09:55:55+00:00","twitter_card":"summary_large_image","twitter_misc":{"Est. reading time":"1 minute"},"schema":{"@context":"https:\/\/schema.org","@graph":[{"@type":"WebPage","@id":"https:\/\/augljos.is\/en\/your-happiness-is-our-goal\/","url":"https:\/\/augljos.is\/en\/your-happiness-is-our-goal\/","name":"Your happiness is our goal - Auglj\u00f3s","isPartOf":{"@id":"https:\/\/augljos.is\/en\/#website"},"datePublished":"2020-09-23T13:37:16+00:00","dateModified":"2025-05-21T09:55:55+00:00","breadcrumb":{"@id":"https:\/\/augljos.is\/en\/your-happiness-is-our-goal\/#breadcrumb"},"inLanguage":"en-US","potentialAction":[{"@type":"ReadAction","target":["https:\/\/augljos.is\/en\/your-happiness-is-our-goal\/"]}]},{"@type":"BreadcrumbList","@id":"https:\/\/augljos.is\/en\/your-happiness-is-our-goal\/#breadcrumb","itemListElement":[{"@type":"ListItem","position":1,"name":"Home","item":"https:\/\/augljos.is\/en\/"},{"@type":"ListItem","position":2,"name":"Your happiness is our goal"}]},{"@type":"WebSite","@id":"https:\/\/augljos.is\/en\/#website","url":"https:\/\/augljos.is\/en\/","name":"Auglj\u00f3s","description":"Laseraugnl\u00e6kningar og almennar augnl\u00e6kningar","potentialAction":[{"@type":"SearchAction","target":{"@type":"EntryPoint","urlTemplate":"https:\/\/augljos.is\/en\/?s={search_term_string}"},"query-input":{"@type":"PropertyValueSpecification","valueRequired":true,"valueName":"search_term_string"}}],"inLanguage":"en-US"}]}},"_links":{"self":[{"href":"https:\/\/augljos.is\/en\/wp-json\/wp\/v2\/pages\/1088","targetHints":{"allow":["GET"]}}],"collection":[{"href":"https:\/\/augljos.is\/en\/wp-json\/wp\/v2\/pages"}],"about":[{"href":"https:\/\/augljos.is\/en\/wp-json\/wp\/v2\/types\/page"}],"author":[{"embeddable":true,"href":"https:\/\/augljos.is\/en\/wp-json\/wp\/v2\/users\/1"}],"replies":[{"embeddable":true,"href":"https:\/\/augljos.is\/en\/wp-json\/wp\/v2\/comments?post=1088"}],"version-history":[{"count":4,"href":"https:\/\/augljos.is\/en\/wp-json\/wp\/v2\/pages\/1088\/revisions"}],"predecessor-version":[{"id":1604,"href":"https:\/\/augljos.is\/en\/wp-json\/wp\/v2\/pages\/1088\/revisions\/1604"}],"wp:attachment":[{"href":"https:\/\/augljos.is\/en\/wp-json\/wp\/v2\/media?parent=1088"}],"curies":[{"name":"wp","href":"https:\/\/api.w.org\/{rel}","templated":true}]}}