{"id":1085,"date":"2018-03-07T13:52:02","date_gmt":"2018-03-07T13:52:02","guid":{"rendered":"https:\/\/augljos.is\/gjaldskra\/"},"modified":"2020-09-28T09:25:15","modified_gmt":"2020-09-28T09:25:15","slug":"gjaldskra","status":"publish","type":"page","link":"https:\/\/augljos.is\/en\/gjaldskra\/","title":{"rendered":"Price"},"content":{"rendered":"<div class=\"wpb-content-wrapper\">[vc_row fullwidth=&#8221;true&#8221; fullwidth_content=&#8221;false&#8221; css=&#8221;.vc_custom_1521115951932{margin-top: 0px !important;margin-bottom: 0px !important;padding-top: 0px !important;padding-bottom: 0px !important;}&#8221;][vc_column][vc_empty_space height=&#8221;40&#8243;][\/vc_column][\/vc_row][vc_row disable_element=&#8221;yes&#8221; css=&#8221;.vc_custom_1600871576440{margin-top: 0px !important;margin-bottom: 0px !important;padding-top: 0px !important;padding-bottom: 0px !important;}&#8221;][vc_column][vc_column_text css=&#8221;.vc_custom_1584523994572{margin-bottom: 0px !important;}&#8221;]\n<table id=\"tablepress-1\" class=\"tablepress tablepress-id-1 my-table tablepress-responsive\">\n<thead>\n<tr class=\"row-1\">\n\t<th class=\"column-1\">Heiti a\u00f0ger\u00f0a<\/th><th class=\"column-2\">Sta\u00f0grei\u00f0sluver\u00f0<\/th><th class=\"column-3\">Heildarver\u00f0<\/th><th class=\"column-4\">Ver\u00f0 \u00e1 m\u00e1n. m.v. 6 m\u00e1na\u00f0a grei\u00f0slusdreifingu<\/th><th class=\"column-5\">Fyrsta og s\u00ed\u00f0asta grei\u00f0sla m.v. 36 m\u00e1n grei\u00f0sludreifingu<\/th>\n<\/tr>\n<\/thead>\n<tbody>\n<tr class=\"row-2\">\n\t<td class=\"column-1\"><a href=\"http:\/\/augljos.is\/transprk-adgerd\/\"><strong>TransPRK<\/strong><\/a><\/td><td class=\"column-2\">495.000 kr<\/td><td class=\"column-3\">515.000 kr<\/td><td class=\"column-4\">89.243 kr<\/td><td class=\"column-5\">Fyrsta 23.007 kr | loka 15.434 kr<\/td>\n<\/tr>\n<tr class=\"row-3\">\n\t<td class=\"column-1\"><a href=\"http:\/\/augljos.is\/lasik-adgerd\/\"><strong>LASIK<\/strong><\/a><\/td><td class=\"column-2\">595.000 kr<\/td><td class=\"column-3\">615.000 kr<\/td><td class=\"column-4\">106.493 kr<\/td><td class=\"column-5\">Fyrsta 27.395 kr | loka 18.352 kr<\/td>\n<\/tr>\n<tr class=\"row-4\">\n\t<td class=\"column-1\"><a href=\"http:\/\/augljos.is\/lasik-presbymax\/\"><strong>Presbymax<\/strong><\/a><\/td><td class=\"column-2\">690.000 kr<\/td><td class=\"column-3\">710.000 kr<\/td><td class=\"column-4\">122.880 kr<\/td><td class=\"column-5\">Fyrsta 31.564 kr | loka 21.124 kr<\/td>\n<\/tr>\n<\/tbody>\n<\/table>\n<!-- #tablepress-1 from cache -->[\/vc_column_text][vc_column_text css=&#8221;.vc_custom_1587476325906{margin-bottom: 0px !important;}&#8221;]<span style=\"font-size: 10pt;\"><em>*Gjaldskr\u00e1 gildir fr\u00e1 21.04.2020<\/em><\/span><br \/>\n<span style=\"font-size: 10pt;\"><em>A\u00f0ger\u00f0 og \u00f6ll eftirfylgni er innifalin \u00ed ofangreindum ver\u00f0um. Undanskilin eru lyf og anna\u00f0 sem l\u00e6knir r\u00e1\u00f0leggur til me\u00f0fer\u00f0ar.<\/em><\/span><\/p>\n<p><em><span style=\"font-size: 10pt;\">\u00cd sumum tilvikum \u00fearf a\u00f0 setja silicontappa \u00ed t\u00e1ragangaop a\u00f0 lokinni a\u00f0ger\u00f0, sem h\u00e6kkar kostna\u00f0 a\u00f0ger\u00f0ar um 18.000 kr., en markmi\u00f0 \u00feeirra er a\u00f0 minnka \u00feurrk \u00ed augum a\u00f0 lokinni a\u00f0ger\u00f0.<\/span><\/em>[\/vc_column_text][\/vc_column][\/vc_row][vc_row css=&#8221;.vc_custom_1536664974558{margin-top: 0px !important;margin-bottom: 0px !important;padding-top: 0px !important;padding-bottom: 0px !important;}&#8221;][vc_column][vc_column_text css=&#8221;.vc_custom_1601284884115{margin-bottom: 0px !important;}&#8221;]\n<table id=\"tablepress-2\" class=\"tablepress tablepress-id-2 my-table tablepress-responsive\">\n<thead>\n<tr class=\"row-1\">\n\t<th class=\"column-1\">Procedures<\/th><th class=\"column-2\">Total price with <br>cash discount<\/th><th class=\"column-3\">Total price<\/th><th class=\"column-4\">Monthly payments <br> without interest <br> upto 6 months <\/th><th class=\"column-5\">Monthly payments<br> with interest 36 months<br> first and last payment<\/th>\n<\/tr>\n<\/thead>\n<tbody>\n<tr class=\"row-2\">\n\t<td class=\"column-1\"><a href=\"http:\/\/augljos.is\/transprk-adgerd\/\"><strong>TransPRK<\/strong><\/a><\/td><td class=\"column-2\">495.000 kr<\/td><td class=\"column-3\">515.000 kr<\/td><td class=\"column-4\">89.243 kr<\/td><td class=\"column-5\">first 23.007 kr | final 15.434 kr<\/td>\n<\/tr>\n<tr class=\"row-3\">\n\t<td class=\"column-1\"><a href=\"https:\/\/augljos.is\/en\/lasik\/\"><strong>LASIK<\/strong><\/a><\/td><td class=\"column-2\">595.000 kr<\/td><td class=\"column-3\">615.000 kr<\/td><td class=\"column-4\">106.493 kr<\/td><td class=\"column-5\">first 27.395 kr | final 18.352 kr<\/td>\n<\/tr>\n<tr class=\"row-4\">\n\t<td class=\"column-1\"><a href=\"https:\/\/augljos.is\/en\/lasik-adgerd\/\"><strong>Presbymax<\/strong><\/a><\/td><td class=\"column-2\">690.000 kr<\/td><td class=\"column-3\">710.000 kr<\/td><td class=\"column-4\">122.880 kr<\/td><td class=\"column-5\">first 31.564 kr | final 21.124 kr<\/td>\n<\/tr>\n<\/tbody>\n<\/table>\n<!-- #tablepress-2 from cache -->[\/vc_column_text][vc_column_text css=&#8221;.vc_custom_1601285108239{margin-bottom: 0px !important;}&#8221;]<em>The Eye Surgery and follow-up is included in the above mentioned prices. Any medicine and other treatments adviced by Dr. Kristinsson is excluded.<\/em><\/p>\n<p>Augljos Eye Center is proud to offer cutting edge laser refractive surgery at a very competitive price, one of the lowest offered in the Nordic countries, even when corrected for the exchange difference.<\/p>\n<p>*A fellowship-trained surgeon is someone who has finished a whole year in a structured program aimed at increasing both specialty knowledge and surgical abilities.\u00a0 Dr. Kristinsson finished a fellowship program at one of the most prestigious university based eye centers in the world, Duke Eye Center in North Carolina, USA.[\/vc_column_text][\/vc_column][\/vc_row][vc_row css=&#8221;.vc_custom_1587546242959{margin-right: 0px !important;margin-left: 0px !important;padding-bottom: 20px !important;background-color: #f1e4da !important;}&#8221; el_class=&#8221;space&#8221;][vc_column width=&#8221;2\/3&#8243; css=&#8221;.vc_custom_1587477238909{padding-left: 30px !important;}&#8221;][vc_empty_space][mk_fancy_title color=&#8221;#353535&#8243; size=&#8221;44&#8243; font_weight=&#8221;500&#8243; margin_bottom=&#8221;0&#8243; font_family=&#8221;Oswald&#8221; font_type=&#8221;google&#8221;]\n<p class=\"p1\">Life without glasses?<\/p>\n[\/mk_fancy_title][mk_fancy_title color=&#8221;#353535&#8243; size=&#8221;38&#8243; font_weight=&#8221;500&#8243; margin_bottom=&#8221;0&#8243; font_family=&#8221;Oswald&#8221; font_type=&#8221;google&#8221;]\n<p class=\"p1\">First check is the beginning<\/p>\n[\/mk_fancy_title][\/vc_column][vc_column width=&#8221;1\/3&#8243; css=&#8221;.vc_custom_1534177196584{margin-right: 0px !important;}&#8221;][vc_empty_space height=&#8221;60px&#8221;][mk_button dimension=&#8221;savvy&#8221; corner_style=&#8221;rounded&#8221; size=&#8221;large&#8221; icon=&#8221;mk-moon-phone-5&#8243; url=&#8221;tel:414 7000&#8243; button_custom_width=&#8221;260&#8243; outline_skin=&#8221;custom&#8221; outline_active_color=&#8221;#565656&#8243; outline_hover_bg_color=&#8221;#565656&#8243; outline_hover_color=&#8221;#ffffff&#8221;]414 7000[\/mk_button][mk_button dimension=&#8221;savvy&#8221; corner_style=&#8221;rounded&#8221; size=&#8221;large&#8221; icon=&#8221;mk-icon-envelope-o&#8221; url=&#8221;mailto:augljos@augljos.is&#8221; button_custom_width=&#8221;260&#8243; outline_skin=&#8221;custom&#8221; outline_active_color=&#8221;#565656&#8243; outline_hover_bg_color=&#8221;#565656&#8243; outline_hover_color=&#8221;#ffffff&#8221;]augljos@augljos.is[\/mk_button][vc_empty_space height=&#8221;20px&#8221;][\/vc_column][\/vc_row][vc_row disable_element=&#8221;yes&#8221; id=&#8221;um-okkur&#8221; css=&#8221;.vc_custom_1600871612879{margin-top: 0px !important;padding-top: 0px !important;background-color: #ffffff !important;}&#8221;][vc_column css=&#8221;.vc_custom_1541062957467{margin-top: 0px !important;padding-top: 0px !important;}&#8221;][vc_empty_space height=&#8221;20px&#8221;][mk_divider style=&#8221;thin_solid&#8221; thin_single_color=&#8221;#bababa&#8221; margin_top=&#8221;0&#8243;][vc_column_text css=&#8221;.vc_custom_1537199543764{margin-bottom: 0px !important;}&#8221;]\n<h3>Starfsmannaf\u00e9l\u00f6g taka \u00fe\u00e1tt \u00ed kostna\u00f0i<\/h3>\n<p>Starfsmannaf\u00e9l\u00f6g taka \u00fe\u00e1tt \u00ed sj\u00f3nlagsa\u00f0ger\u00f0um hj\u00e1 starfsf\u00f3lki s\u00ednu \u00ed m\u00f6rgum tilvikum og hvetjum vi\u00f0 \u00feig til a\u00f0 kanna \u00feau m\u00e1l hj\u00e1 \u00fe\u00ednu f\u00e9lagi.[\/vc_column_text][vc_column_text css=&#8221;.vc_custom_1520504283034{margin-bottom: 0px !important;}&#8221;]J\u00f3hannes K\u00e1ri augnl\u00e6knir metur \u00ed forsko\u00f0un fyrir lasera\u00f0ger\u00f0 hva\u00f0a ger\u00f0 lasera\u00f0ger\u00f0ar hentar best \u00ed hverju tilviki.<br \/>\n<strong>Forsko\u00f0un fyrir a\u00f0ger\u00f0: kr. 8.000<\/strong>[\/vc_column_text][mk_divider style=&#8221;thin_solid&#8221; thin_single_color=&#8221;#bababa&#8221; margin_top=&#8221;0&#8243;][vc_column_text css=&#8221;.vc_custom_1587475991012{margin-bottom: 0px !important;}&#8221;]\n<h3>GREI\u00d0SLUKJ\u00d6R<\/h3>\n<p><strong>1. Kortal\u00e1n<\/strong>\u00a0(Valitor) \u00ed allt a\u00f0 36 m\u00e1nu\u00f0i (3,5% l\u00e1nt\u00f6kugjald\u00a0og breytilegir vextir)<\/p>\n<p><strong>2. Vaxtalausar grei\u00f0slur<\/strong>\u00a0(Valitor)\u00a0\u00ed 6\u00a0m\u00e1nu\u00f0i (3.5% l\u00e1nt\u00f6kugjald)<\/p>\n<p>Ofangreind d\u00e6mi mi\u00f0ast vi\u00f0 \u00fatreikning 21.04.2020[\/vc_column_text][mk_divider style=&#8221;thin_solid&#8221; thin_single_color=&#8221;#bababa&#8221; margin_top=&#8221;0&#8243;][vc_column_text css=&#8221;.vc_custom_1572014766968{margin-bottom: 0px !important;}&#8221;]\n<ul>\n<li>Ver\u00f0 \u00e1 a\u00f0ger\u00f0um h\u00e9r \u00e1 landi er l\u00e6gra en \u00ed n\u00e1grannal\u00f6ndunum. Algengt ver\u00f0 \u00e1 LASIK\u00a0a\u00f0ger\u00f0 \u00e1 b\u00e1\u00f0um augum \u00ed Sv\u00ed\u00fej\u00f3\u00f0, Noregi og Danm\u00f6rku er kr. 450.000 \u2013 550.000. \u00cd sumum tilvikum er b\u00e6tt vi\u00f0 kr. 100.000 til vi\u00f0b\u00f3tar ef notu\u00f0 er s\u00e9rh\u00f6nnu\u00f0 laserme\u00f0fer\u00f0, e\u00f0a svok\u00f6llu\u00f0 sj\u00f6ttukynsl\u00f3\u00f0arme\u00f0fer\u00f0. Ver\u00f0 okkar er\u00a0kr.390.000 (b\u00e6\u00f0i augu).<\/li>\n<li>Sj\u00fakratryggingar \u00cdslands (S\u00cd) taka \u00fe\u00e1tt \u00ed undantekningartilfellum.\u00a0\u00de\u00e1 er um a\u00f0 r\u00e6\u00f0a sj\u00f3nlagsgalla \u00fear sem 3 lj\u00f3sbrotseiningar (d\u00edoptr\u00edur) eru \u00e1 milli augna (t.d. -4 \u00e1 \u00f6\u00f0ru auga og -1 \u00e1 hinu) og vi\u00f0komandi \u00fearf einnig a\u00f0 sj\u00e1 tv\u00f6falt. Einnig tekur S\u00cd \u00fe\u00e1tt ef sj\u00f3nskekkja nemur 4 d\u00edoptr\u00edum e\u00f0a meira og vi\u00f0komandi s\u00e9r tv\u00f6falt. Loks tekur S\u00cd \u00fe\u00e1tt ef sj\u00f3nlagsgallinn er aflei\u00f0ing slyss e\u00f0a a\u00f0ger\u00f0ar, e\u00f0a ef l\u00edkamleg f\u00f6tlun kemur \u00ed veg fyrir a\u00f0 vi\u00f0komandi getur nota\u00f0 snertilinsur e\u00f0a gleraugu. \u00a0\u00deess m\u00e1 geta a\u00f0 S\u00cd grei\u00f0a fyrir a\u00f0ger\u00f0ir til a\u00f0 laga sj\u00fakd\u00f3ma \u00ed fremsta hluta hornhimnu me\u00f0 laser.<\/li>\n<\/ul>\n[\/vc_column_text][mk_divider style=&#8221;thin_solid&#8221; thin_single_color=&#8221;#bababa&#8221; margin_top=&#8221;0&#8243;][vc_column_text css=&#8221;.vc_custom_1587735882508{margin-bottom: 0px !important;}&#8221;]Vi\u00f0 leggjum mikla \u00e1herslu \u00e1 a\u00f0 allir r\u00e1\u00f0f\u00e6ri sig vi\u00f0 okkar augnl\u00e6kna um hva\u00f0a a\u00f0ger\u00f0 hentar, en \u00fea\u00f0 kemur m.a. \u00ed lj\u00f3s eftir \u00fdtarlega forsko\u00f0un \u00ed v\u00f6ndu\u00f0um t\u00e6kjum Auglj\u00f3ss og sko\u00f0un augnl\u00e6knis. Vi\u00f0 bj\u00f3\u00f0um upp \u00e1 lasera\u00f0ger\u00f0ir \u00fear sem notast er vi\u00f0 n\u00fdjustu t\u00e6kni. Vi\u00f0 flipager\u00f0ina getum vi\u00f0 eitt fyrirt\u00e6kja \u00e1 landinu bo\u00f0i\u00f0 upp \u00e1\u00a0Amadeus II\u00a0t\u00e6knina, en h\u00e9r er um a\u00f0 r\u00e6\u00f0a eina v\u00f6ndu\u00f0ustu flipav\u00e9l sem framleidd hefur veri\u00f0. \u00a0\u00cd samanbur\u00f0i vi\u00f0 femtosek\u00fandu laserhn\u00edfame\u00f0fer\u00f0 \u00fe\u00e1 var ekki munur \u00e1 \u00e1rangri a\u00f0fer\u00f0anna tveggja. \u00a0Femtosek\u00fandu laserhn\u00edfame\u00f0fer\u00f0in er jafnframt t\u00f6luvert d\u00fdrari en Amadeus II t\u00e6knin. \u00a0Vi\u00f0 val \u00e1 flipav\u00e9l \u00ed Auglj\u00f3si var vandlega fari\u00f0 yfir kosti og galla hvorrar a\u00f0fer\u00f0ar fyrir sig. \u00a0Fyrirt\u00e6ki sem bj\u00f3\u00f0a upp \u00e1 femt\u00f3sek\u00fandulaserhn\u00edfat\u00e6kni tala stundum um a\u00f0 a\u00f0fer\u00f0in s\u00e9 \u201ehn\u00edflaus\u201c. \u00a0 \u00deetta er villandi \u00fear sem laser sem nota\u00f0ur er eins og hn\u00edfur er hn\u00edfur.<\/p>\n<p>Vi\u00f0 hvetjum f\u00f3lk til a\u00f0 kynna s\u00e9r frekar sko\u00f0anir s\u00e9rfr\u00e6\u00f0inga um heim allan, sem enn eru mj\u00f6g skiptar um hvort femtosek\u00fandulaserhn\u00edfurinn s\u00e9 betri en fullkomnustu flipav\u00e9larnar \u00e1 marka\u00f0num. \u00a0\u00cd vi\u00f0tali vi\u00f0 t\u00edmariti\u00f0 \u201eCataract and Refractive Surgery Today\u201c fr\u00e1 apr\u00edl 2012 segir Dr. Bohac \u00ed Zagreb, Kr\u00f3at\u00edu svo fr\u00e1:<\/p>\n<p>\u201e\u00deegar fari\u00f0 var a\u00f0 nota femt\u00f3sek\u00fandulasert\u00e6kni fyrir nokkrum \u00e1rum reyndist h\u00fan einkum g\u00f3\u00f0 fr\u00e1 marka\u00f0slegu sj\u00f3narmi\u00f0i. \u00a0\u00cd byrjun \u00e6tlu\u00f0um vi\u00f0 a\u00f0 framkv\u00e6ma 100% a\u00f0ger\u00f0a me\u00f0 femt\u00f3sek\u00fandulasert\u00e6kni en reyndin hefur or\u00f0i\u00f0 s\u00fa a\u00f0 vi\u00f0 framkv\u00e6mum a\u00f0eins 30% a\u00f0ger\u00f0a me\u00f0 t\u00e6kninni, a\u00f0allega vegna \u00feess a\u00f0 sumir sj\u00faklinganna \u00f3ska eftir \u00fev\u00ed. \u00a0\u00deegar vi\u00f0 b\u00e1rum saman t\u00ed\u00f0ni vandkv\u00e6\u00f0a vi\u00f0 a\u00f0ger\u00f0, g\u00e6\u00f0i hornhimnube\u00f0s eftir flipaskur\u00f0, flipa\u00feykkt, sj\u00f3n a\u00f0 lokinni a\u00f0ger\u00f0 og algengi lj\u00f3sbrotsvillu (aberration) var enginn munur \u00e1 milli \u00feessara a\u00f0fer\u00f0a. \u00a0 Vandam\u00e1l vi\u00f0 femt\u00f3sek\u00fandulasert\u00e6knina eru meiri \u00f3\u00fe\u00e6gindi, lengri sortnunart\u00edmi (blackout) \u00ed a\u00f0ger\u00f0 og h\u00e6rri augn\u00fer\u00fdstingur \u00feegar bori\u00f0 er saman vi\u00f0 hef\u00f0bundnar flipav\u00e9lar. \u00a0Skur\u00f0l\u00e6knirinn s\u00e9r s\u00ed\u00f0ur hva\u00f0 hann er a\u00f0 gera vegna st\u00e6r\u00f0ar t\u00e6kisins og t\u00ed\u00f0ni illa mi\u00f0ja\u00f0ra flipa hefur aukist. \u00a0\u00deessu til vi\u00f0b\u00f3tar eru erfi\u00f0leikar vi\u00f0 a\u00f0 nota femt\u00f3sek\u00fandulaserhn\u00edf \u00e1 \u00fe\u00e1 sem eru me\u00f0 dj\u00fapst\u00e6\u00f0 augu og sm\u00e1.\u201c<\/p>\n<p><strong>\u201cFellowship\u201c\u00a0<\/strong>augnl\u00e6knis er skipulagt s\u00e9rn\u00e1m \u00ed a.m.k. 1 \u00e1r, \u00fear sem augnl\u00e6knir f\u00e6r frekari menntun og \u00fej\u00e1lfun \u00ed \u00e1kve\u00f0inni undirs\u00e9rgrein augnl\u00e6kninga. \u00a0S\u00e9rgreinar augnl\u00e6kninga eru eftirfarandi: Gl\u00e1kul\u00e6kningar, barnaaugnl\u00e6kningar, taugaaugnl\u00e6kningar, sj\u00f3nlagsaugnl\u00e6kningar (\u00fe.\u00e1.m. laseraugnl\u00e6kningar), hornhimnul\u00e6kningar, sj\u00f3nhimnul\u00e6kningar, ytra auga og augnt\u00f3ttarl\u00e6kningar og meinafr\u00e6\u00f0i augna. \u00a0J\u00f3hannes K\u00e1ri Kristinsson er \u201efellowship\u201c- mennta\u00f0ur augnl\u00e6knir \u00ed hornhimnusj\u00fakd\u00f3mum og sj\u00f3nlagsl\u00e6kningum (\u00fe.\u00e1.m. laseraugnl\u00e6kningum) fr\u00e1 einni af \u00feekktustu augndeild heims, augndeild Duke h\u00e1sk\u00f3lasj\u00fakrah\u00fassins \u00ed Durham, Nor\u00f0ur-Kar\u00f3l\u00ednu \u00ed Bandar\u00edkjunum. \u00a0Fellowship-menntun er v\u00ed\u00f0a talin einn mikilv\u00e6gasti \u00fe\u00e1ttur \u00e1kv\u00f6r\u00f0unar um hva\u00f0a augnl\u00e6kni skuli velja til a\u00f0 framkv\u00e6ma LASIK-a\u00f0ger\u00f0.[\/vc_column_text][\/vc_column][\/vc_row][vc_row][vc_column][vc_empty_space height=&#8221;60px&#8221;][\/vc_column][\/vc_row]\n<\/div>","protected":false},"excerpt":{"rendered":"<p>[vc_row fullwidth=&#8221;true&#8221; fullwidth_content=&#8221;false&#8221; css=&#8221;.vc_custom_1521115951932{margin-top: 0px !important;margin-bottom: 0px !important;padding-top: 0px !important;padding-bottom: 0px !important;}&#8221;][vc_column][vc_empty_space height=&#8221;40&#8243;][\/vc_column][\/vc_row][vc_row disable_element=&#8221;yes&#8221; css=&#8221;.vc_custom_1600871576440{margin-top: 0px !important;margin-bottom: 0px !important;padding-top: 0px !important;padding-bottom: 0px !important;}&#8221;][vc_column][vc_column_text css=&#8221;.vc_custom_1584523994572{margin-bottom: 0px !important;}&#8221;][\/vc_column_text][vc_column_text css=&#8221;.vc_custom_1587476325906{margin-bottom: 0px !important;}&#8221;]*Gjaldskr\u00e1 gildir fr\u00e1 21.04.2020 A\u00f0ger\u00f0 og \u00f6ll eftirfylgni er innifalin \u00ed ofangreindum ver\u00f0um. Undanskilin eru lyf og anna\u00f0 sem l\u00e6knir r\u00e1\u00f0leggur til me\u00f0fer\u00f0ar. \u00cd sumum tilvikum \u00fearf [&hellip;]<\/p>\n","protected":false},"author":1,"featured_media":0,"parent":0,"menu_order":0,"comment_status":"closed","ping_status":"closed","template":"","meta":{"_monsterinsights_skip_tracking":false,"_monsterinsights_sitenote_active":false,"_monsterinsights_sitenote_note":"","_monsterinsights_sitenote_category":0,"footnotes":""},"class_list":["post-1085","page","type-page","status-publish","hentry"],"yoast_head":"<!-- This site is optimized with the Yoast SEO plugin v27.3 - https:\/\/yoast.com\/product\/yoast-seo-wordpress\/ -->\n<title>Price - Auglj\u00f3s<\/title>\n<meta name=\"robots\" content=\"index, follow, max-snippet:-1, max-image-preview:large, max-video-preview:-1\" \/>\n<link rel=\"canonical\" href=\"https:\/\/augljos.is\/en\/gjaldskra\/\" \/>\n<meta property=\"og:locale\" content=\"en_US\" \/>\n<meta property=\"og:type\" content=\"article\" \/>\n<meta property=\"og:title\" content=\"Price - Auglj\u00f3s\" \/>\n<meta property=\"og:description\" content=\"[vc_row fullwidth=&#8221;true&#8221; fullwidth_content=&#8221;false&#8221; css=&#8221;.vc_custom_1521115951932{margin-top: 0px !important;margin-bottom: 0px !important;padding-top: 0px !important;padding-bottom: 0px !important;}&#8221;][vc_column][vc_empty_space height=&#8221;40&#8243;][\/vc_column][\/vc_row][vc_row disable_element=&#8221;yes&#8221; css=&#8221;.vc_custom_1600871576440{margin-top: 0px !important;margin-bottom: 0px !important;padding-top: 0px !important;padding-bottom: 0px !important;}&#8221;][vc_column][vc_column_text css=&#8221;.vc_custom_1584523994572{margin-bottom: 0px !important;}&#8221;][\/vc_column_text][vc_column_text css=&#8221;.vc_custom_1587476325906{margin-bottom: 0px !important;}&#8221;]*Gjaldskr\u00e1 gildir fr\u00e1 21.04.2020 A\u00f0ger\u00f0 og \u00f6ll eftirfylgni er innifalin \u00ed ofangreindum ver\u00f0um. Undanskilin eru lyf og anna\u00f0 sem l\u00e6knir r\u00e1\u00f0leggur til me\u00f0fer\u00f0ar. \u00cd sumum tilvikum \u00fearf [&hellip;]\" \/>\n<meta property=\"og:url\" content=\"https:\/\/augljos.is\/en\/gjaldskra\/\" \/>\n<meta property=\"og:site_name\" content=\"Auglj\u00f3s\" \/>\n<meta property=\"article:modified_time\" content=\"2020-09-28T09:25:15+00:00\" \/>\n<meta name=\"twitter:card\" content=\"summary_large_image\" \/>\n<meta name=\"twitter:label1\" content=\"Est. reading time\" \/>\n\t<meta name=\"twitter:data1\" content=\"7 minutes\" \/>\n<script type=\"application\/ld+json\" class=\"yoast-schema-graph\">{\"@context\":\"https:\\\/\\\/schema.org\",\"@graph\":[{\"@type\":\"WebPage\",\"@id\":\"https:\\\/\\\/augljos.is\\\/en\\\/gjaldskra\\\/\",\"url\":\"https:\\\/\\\/augljos.is\\\/en\\\/gjaldskra\\\/\",\"name\":\"Price - Auglj\u00f3s\",\"isPartOf\":{\"@id\":\"https:\\\/\\\/augljos.is\\\/en\\\/#website\"},\"datePublished\":\"2018-03-07T13:52:02+00:00\",\"dateModified\":\"2020-09-28T09:25:15+00:00\",\"breadcrumb\":{\"@id\":\"https:\\\/\\\/augljos.is\\\/en\\\/gjaldskra\\\/#breadcrumb\"},\"inLanguage\":\"en-US\",\"potentialAction\":[{\"@type\":\"ReadAction\",\"target\":[\"https:\\\/\\\/augljos.is\\\/en\\\/gjaldskra\\\/\"]}]},{\"@type\":\"BreadcrumbList\",\"@id\":\"https:\\\/\\\/augljos.is\\\/en\\\/gjaldskra\\\/#breadcrumb\",\"itemListElement\":[{\"@type\":\"ListItem\",\"position\":1,\"name\":\"Home\",\"item\":\"https:\\\/\\\/augljos.is\\\/en\\\/\"},{\"@type\":\"ListItem\",\"position\":2,\"name\":\"Price\"}]},{\"@type\":\"WebSite\",\"@id\":\"https:\\\/\\\/augljos.is\\\/en\\\/#website\",\"url\":\"https:\\\/\\\/augljos.is\\\/en\\\/\",\"name\":\"Auglj\u00f3s\",\"description\":\"Laseraugnl\u00e6kningar og almennar augnl\u00e6kningar\",\"potentialAction\":[{\"@type\":\"SearchAction\",\"target\":{\"@type\":\"EntryPoint\",\"urlTemplate\":\"https:\\\/\\\/augljos.is\\\/en\\\/?s={search_term_string}\"},\"query-input\":{\"@type\":\"PropertyValueSpecification\",\"valueRequired\":true,\"valueName\":\"search_term_string\"}}],\"inLanguage\":\"en-US\"}]}<\/script>\n<!-- \/ Yoast SEO plugin. -->","yoast_head_json":{"title":"Price - Auglj\u00f3s","robots":{"index":"index","follow":"follow","max-snippet":"max-snippet:-1","max-image-preview":"max-image-preview:large","max-video-preview":"max-video-preview:-1"},"canonical":"https:\/\/augljos.is\/en\/gjaldskra\/","og_locale":"en_US","og_type":"article","og_title":"Price - Auglj\u00f3s","og_description":"[vc_row fullwidth=&#8221;true&#8221; fullwidth_content=&#8221;false&#8221; css=&#8221;.vc_custom_1521115951932{margin-top: 0px !important;margin-bottom: 0px !important;padding-top: 0px !important;padding-bottom: 0px !important;}&#8221;][vc_column][vc_empty_space height=&#8221;40&#8243;][\/vc_column][\/vc_row][vc_row disable_element=&#8221;yes&#8221; css=&#8221;.vc_custom_1600871576440{margin-top: 0px !important;margin-bottom: 0px !important;padding-top: 0px !important;padding-bottom: 0px !important;}&#8221;][vc_column][vc_column_text css=&#8221;.vc_custom_1584523994572{margin-bottom: 0px !important;}&#8221;][\/vc_column_text][vc_column_text css=&#8221;.vc_custom_1587476325906{margin-bottom: 0px !important;}&#8221;]*Gjaldskr\u00e1 gildir fr\u00e1 21.04.2020 A\u00f0ger\u00f0 og \u00f6ll eftirfylgni er innifalin \u00ed ofangreindum ver\u00f0um. Undanskilin eru lyf og anna\u00f0 sem l\u00e6knir r\u00e1\u00f0leggur til me\u00f0fer\u00f0ar. \u00cd sumum tilvikum \u00fearf [&hellip;]","og_url":"https:\/\/augljos.is\/en\/gjaldskra\/","og_site_name":"Auglj\u00f3s","article_modified_time":"2020-09-28T09:25:15+00:00","twitter_card":"summary_large_image","twitter_misc":{"Est. reading time":"7 minutes"},"schema":{"@context":"https:\/\/schema.org","@graph":[{"@type":"WebPage","@id":"https:\/\/augljos.is\/en\/gjaldskra\/","url":"https:\/\/augljos.is\/en\/gjaldskra\/","name":"Price - Auglj\u00f3s","isPartOf":{"@id":"https:\/\/augljos.is\/en\/#website"},"datePublished":"2018-03-07T13:52:02+00:00","dateModified":"2020-09-28T09:25:15+00:00","breadcrumb":{"@id":"https:\/\/augljos.is\/en\/gjaldskra\/#breadcrumb"},"inLanguage":"en-US","potentialAction":[{"@type":"ReadAction","target":["https:\/\/augljos.is\/en\/gjaldskra\/"]}]},{"@type":"BreadcrumbList","@id":"https:\/\/augljos.is\/en\/gjaldskra\/#breadcrumb","itemListElement":[{"@type":"ListItem","position":1,"name":"Home","item":"https:\/\/augljos.is\/en\/"},{"@type":"ListItem","position":2,"name":"Price"}]},{"@type":"WebSite","@id":"https:\/\/augljos.is\/en\/#website","url":"https:\/\/augljos.is\/en\/","name":"Auglj\u00f3s","description":"Laseraugnl\u00e6kningar og almennar augnl\u00e6kningar","potentialAction":[{"@type":"SearchAction","target":{"@type":"EntryPoint","urlTemplate":"https:\/\/augljos.is\/en\/?s={search_term_string}"},"query-input":{"@type":"PropertyValueSpecification","valueRequired":true,"valueName":"search_term_string"}}],"inLanguage":"en-US"}]}},"_links":{"self":[{"href":"https:\/\/augljos.is\/en\/wp-json\/wp\/v2\/pages\/1085","targetHints":{"allow":["GET"]}}],"collection":[{"href":"https:\/\/augljos.is\/en\/wp-json\/wp\/v2\/pages"}],"about":[{"href":"https:\/\/augljos.is\/en\/wp-json\/wp\/v2\/types\/page"}],"author":[{"embeddable":true,"href":"https:\/\/augljos.is\/en\/wp-json\/wp\/v2\/users\/1"}],"replies":[{"embeddable":true,"href":"https:\/\/augljos.is\/en\/wp-json\/wp\/v2\/comments?post=1085"}],"version-history":[{"count":5,"href":"https:\/\/augljos.is\/en\/wp-json\/wp\/v2\/pages\/1085\/revisions"}],"predecessor-version":[{"id":1147,"href":"https:\/\/augljos.is\/en\/wp-json\/wp\/v2\/pages\/1085\/revisions\/1147"}],"wp:attachment":[{"href":"https:\/\/augljos.is\/en\/wp-json\/wp\/v2\/media?parent=1085"}],"curies":[{"name":"wp","href":"https:\/\/api.w.org\/{rel}","templated":true}]}}