{"id":1083,"date":"2020-09-23T13:33:22","date_gmt":"2020-09-23T13:33:22","guid":{"rendered":"https:\/\/augljos.is\/?page_id=1083"},"modified":"2020-09-27T20:10:16","modified_gmt":"2020-09-27T20:10:16","slug":"information-on-the-lasik-procedure","status":"publish","type":"page","link":"https:\/\/augljos.is\/en\/information-on-the-lasik-procedure\/","title":{"rendered":"Information on the LASIK procedure"},"content":{"rendered":"<div class=\"wpb-content-wrapper\">[vc_row fullwidth=&#8221;true&#8221; fullwidth_content=&#8221;false&#8221; css=&#8221;.vc_custom_1521115951932{margin-top: 0px !important;margin-bottom: 0px !important;padding-top: 0px !important;padding-bottom: 0px !important;}&#8221;][vc_column][vc_empty_space height=&#8221;22px&#8221;][vc_wp_custommenu nav_menu=&#8221;22&#8243; el_class=&#8221;menu-klasi&#8221;][\/vc_column][\/vc_row][vc_row fullwidth=&#8221;true&#8221; fullwidth_content=&#8221;false&#8221; css=&#8221;.vc_custom_1521116635958{margin-top: -15px !important;margin-bottom: 0px !important;padding-top: 0px !important;padding-bottom: 0px !important;}&#8221;][vc_column css=&#8221;.vc_custom_1521116232944{margin-top: 0px !important;margin-bottom: 0px !important;padding-top: 0px !important;padding-bottom: 0px !important;}&#8221;][mk_divider style=&#8221;thin_solid&#8221; thin_single_color=&#8221;#e5e5e5&#8243; thickness=&#8221;2&#8243; margin_top=&#8221;0&#8243;][\/vc_column][\/vc_row][vc_row][vc_column][vc_column_text css=&#8221;.vc_custom_1601237402886{margin-bottom: 0px !important;}&#8221;]\n<h2><strong>Augljos Refractive Surgery Clinic<\/strong><\/h2>\n<p>Information on the LASIK procedure.<\/p>\n<p>Please read this carefully before you have the operation performed.<\/p>\n<p>Dr. Kristinsson at the Augljos Refractive Surgery Center has performed laser refractive surgery since the turn of the century. Thousands of patients have experienced new vision and new possibilities in life without the aids of glasses or contact lenses. We offer only the very best in technology and patient care. Our staff speaks English fluently and our service is unsurpassed. We personally guarantee you that our laser refractive treatment is second to none and will do everything to make your visit to our eye clinic a memorable experience.<\/p>\n<h2><strong>Augljos Laser Vision Correction<\/strong><\/h2>\n<p>LASIK and other forms of refractive laser treatments use pulses of invisible, ultraviolet light to remove a very thin layer from the front surface of the eye, changing the curvature of the cornea. To correct nearsightedness, the curvature of the cornea must be decreased, which means that the cornea must be made flatter. To correct farsightedness, the curvature of the central cornea must be increased, which is accomplished by removing a \u201cdonut\u201d shaped ring of tissue. To correct astigmatism, the curvature must be altered in one specific direction.<\/p>\n<p>Only a very small amount of material is removed, usually less than the thickness of a hair. Low amounts of nearsightedness, farsightedness, or astigmatism will require smaller amounts of tissue removal, and larger corrections will require greater amounts. The total treatment usually takes less than one minute of actual laser time. The total time of the operation is usually under 5 minutes each eye.<\/p>\n<p>A computer running specialized software determines the exact pattern of pulses needed to remove the right amount of corneal tissue. The computer also directs the actual operation of the laser system.<\/p>\n<p>There are several variations of laser vision correction, each of which has advantages and disadvantages. We will discuss your specific situation with you after we have taken your personal history and performed measurements and calculations.<\/p>\n<p>LASIK (LASer In-situ Keratomileusis). This is our most common type of treatment, accounting for over 90% of the operations.<\/p>\n<p>A protective flap is made using the keratome. The treatment is then applied under the protective flap. LASIK treatment allows for the most rapid visual recovery. Usually both eyes are treated at the same time.\u00a0 Postoperatively, the eyes recover quickly, usually with a visual acuity of 20\/20 or better the day after without any corrective lenses.<\/p>\n<p>LASIK without a flap (PRK, LASEK). For patients with extremely dry eyes, thin corneas, large pupils, very high corrections or a combination of these, laser refractive surgery without a flap may be the best treatment. Rather than making a protective flap, the laser treatment is applied directly under the ultra-thin tissue layer (known\u00a0 as the epithelium) that covers the front surface of the eye. There are many minor variations in how the tissue layer is handled: if the layer is completely removed, then the procedure is called PRK (photorefractive keratectomy); if it is laid back over the treatment area, the technique is called LASEK. In either one of these methods, the tissue layer grows back in 5-7 days, during which time the vision is blurry and a protective contact lens must be worn. Usually, this treatment can be used on both eyes the same day.<\/p>\n<p>In addition, we offer both so-called conventional and customized treatment (wavefront or third-generation laser) on our patients. The decision on which treatment to use is based on our thorough examination on patients.<\/p>\n<p>We offer treatment with a 2012 edition of the distinguished Schwind Amaris, a top-of-the-line refractive laser, with a two-fold decrease of surgery time, 5D laser tracking mechanism and 1GHz tracking speed as well as special corneal heat dissipating laser distribution.<\/p>\n<p>Augljos Laser Center also offers the latest procedure for those who like to decrease the need for reading glasses, the so-called PRESBYMAX.\u00a0 For many years, the only means to do so has been the use of monovision therapy, with the non-dominant eye left with -0.75D and used for reading and the other eye fully corrected and used for far vision.\u00a0 However, this system only allowed for a very limited decrease in the dependance of reading glasses.\u00a0 With the latest laser technology, there have been advances towards making the cornea multifocal, thereby improving the reading capabilities of the eye without decreasing the distance visual acuity.\u00a0 Augljos Eye Center is the first laser center to offer PRESBYMAX, a multifocal corneal laser treatment, which is primarily guided towards patients over the age of 45.\u00a0 According to recent research on the effects of Presbymax, the patients undergoing Presbymax procedure are less dependent on reading glasses than patients who have undergone monovision therapy.<\/p>\n<p>We are proud to be offering cutting edge laser refractive surgery at a very competitive price, which is among the lowest offered in the Nordic countries, even when corrected for the exchange difference.<\/p>\n<h2><strong>Results<\/strong><\/h2>\n<p>The vast majority of patients no longer need glasses or contact lenses\u00a0 for distance vision after laser vision correction treatment. Almost all patients who have laser vision correction see better without glasses after the procedure.\u00a0 Following treatment, 98% of patients will have 20\/25 (6\/7.5) or better vision without glasses, and 99% will have 20\/40 (6\/12) or better vision without glasses. To put things into perspective, a 20\/40 (6\/12) vision is good enough to pass the driver\u2019s vision test without glasses.<\/p>\n<p>If needed, the results can be further improved through a repeat laser treatment.\u00a0 There is no additional fee to have a \u201ctouch-up\u201d procedure.We perform \u201ctouch-up\u201d in approximately 3-5% of our patients.<\/p>\n<p>Of course, these results are very impressive. It is important to realize, however, that it is impossible to accurately tell you beforehand what your results will be. As with everything in life, no guarantees can be made about the outcome of laser vision correction in any individual case, because each person responds in a slightly different way. If you will only be satisfied with \u201cperfect\u201d 20\/20 (6\/6) vision without glasses after laser treatment, we would kindly advise you not to have the surgery performed.<\/p>\n<p>The quality of vision following laser vision correction is usually superior to vision with contact lenses or glasses. Patients generally have less glare than they had with contact lenses, and of course the inconvenience and discomfort of contact lenses is eliminated. Side vision isn\u2019t compromised, as it is with glasses, and there is no longer the problem of dirty, misty, wet or scratched glasses.<\/p>\n<h2><strong>Following the procedure<\/strong><\/h2>\n<p>After the LASIK procedure, your eye may feel irritation or a foreign body sensation, or your eye may tear or water for a few hours. If you experience discomfort, your doctor may suggest you take a mild pain reliever. Most patients are quite comfortable after taking a short nap while wearing the protective eye shields. Some LASIK patients may wear the eye shields while sleeping during the first few days. Do not rub your eyes during the early healing stage. It is not unusual for dryness in your eyes to last for several days. In some patients this can be longer.<\/p>\n<p>LASIK patients have to sleep with the protective goggles we provide following the surgery for four nights after the procedure.<\/p>\n<h2><strong>Returning to normal activities<\/strong><\/h2>\n<p>Many patients return to work within a day or two of the procedure. You will need to follow the restrictions mentioned below. Otherwise, as long as you follow your doctor\u2019s instructions, you should be free to resume all your normal activities.<\/p>\n<ul>\n<li>Wait one full day before taking a shower.<\/li>\n<\/ul>\n<p>Be careful not to get shampoo or soap into your eyes.<\/p>\n<ul>\n<li>Wait one day to one week, as your doctor advises, before resuming driving.<\/li>\n<li>Wear sunglasses in strong sunlight for the first few days.<\/li>\n<li>Read and watch TV in moderation the first few days.<\/li>\n<li>Do not wear eye makeup for four days.<\/li>\n<li>Do not rub your eyes for one week.<\/li>\n<li>Do not exercise for one week.<\/li>\n<li>Avoid swimming, hot tubs and whirlpools for two weeks.<\/li>\n<li>Avoid gardening and dusty environments for one week.<\/li>\n<li>Avoid contact sports that could result in an eye injury for two weeks.<\/li>\n<\/ul>\n<h2><strong>Safety issues<\/strong><\/h2>\n<p>One of the questions we get is: \u201cIs LASIK a safe procedure?\u201d The answer for this is quite simple: Yes. Nothing in life is 100% safe, but compared to many surgical procedures, and indeed activities we perform in our daily life, this is a safe procedure by any standard.\u00a0 Most problems after surgery, such as dry eyes, night vision problems, haloes and starbursts disappear within few weeks or months after surgery. If re-treatment is necessary for slight under- or overcorrection, this can usually be easily treated by lifting the existing flap followed by a short course of laser treatment.<\/p>\n<p>Following a successful operation the most important examination is performed the day after.\u00a0 We offer examinations 2 weeks and 6 months postoperatively.\u00a0 Alternatively we suggest that a patient who cannot undergo examinations at our clinic is seen in his\/her country at 2 weeks and 6 months after the operation.\u00a0 Sometimes we offer to place small silicon plugs into the lacrimal duct openings in order to increase the amount of tears in the eyes.\u00a0 All examinations are included after the operation up to 1 year postoperatively.\u00a0 The silicon plugs, if needed, are not included however.<\/p>\n<p>Additionally, we offer a 3 year guarantee at our clinic.\u00a0 We pledge that if needed you can have an enhancement laser refractive surgery performed without additional cost.<\/p>\n<p>Postoperatively, it is very important that you contact us immediately if you have any problems, questions or concerns.\u00a0 You can call us through the hotline +354 898 3288, our clinic, +354 414 7000, or through email <a href=\"mailto:johannes@augljos.is\">johannes@augljos.is<\/a><\/p>\n<p>A test<\/p>\n<p>Finally, we offer a short test to ensure that you have a good understanding of what LASIK procedure can do for you and what it can\u2019t.\u00a0 It is very important that you finish this test before you sign the informed consent.\u00a0 Please circle \u201cTrue\u201d or \u201cUntrue\u201d, as needed.<\/p>\n<ol>\n<li>True Untrue\u00a0\u00a0\u00a0\u00a0 LASIK-procedure will permanently alter the shape of the cornea<\/li>\n<li>True Untrue\u00a0\u00a0\u00a0\u00a0 There is no 100% guarantee that I will not need any glasses<\/li>\n<li>True Untrue\u00a0\u00a0\u00a0\u00a0 A LASIK operation is the only method used to improve visual acuity without the aid of lenses or glasses<\/li>\n<li>True Untrue\u00a0\u00a0\u00a0 I may experience visual disturbances, such as vaselin vision (foggy vision on\/off) haloes around lights and streaks coming from light sources, which may very infrequently persist after surgery.<\/li>\n<li>True Untrue\u00a0\u00a0\u00a0\u00a0 Postoperative examinations are important<\/li>\n<li>True Untrue\u00a0\u00a0\u00a0\u00a0 It is possible to feel slightly uncomfortable following the operation for approximately 4-6 hours.<\/li>\n<li>True Untrue\u00a0\u00a0\u00a0 After the LASIK operation I don\u2019t need any reading glasses, ever !<\/li>\n<\/ol>\n<p>&nbsp;<\/p>\n<p>Compare your outcome to the correct answers below. If you have any questions, please feel free to consult with us and we will clarify any uncertainties you may have.<\/p>\n<p>Answer: 1. True\u00a0\u00a0 2. True\u00a0\u00a0 3. Not true\u00a0\u00a0 4. True\u00a0\u00a0 5. True\u00a0 6. True\u00a0\u00a0 7. Not true\u00a0 *<\/p>\n<p>*in case of a Presbymax treatment, however, this is true except in few instances of very low light reading small letters.<\/p>\n<h2><strong>A promise<\/strong><\/h2>\n<p>At Augljos Eye Center, we promise to offer you all our knowledge and quality service.\u00a0 We hope you will experience the operation as one of the most important and enjoyable experiences you have ever had.\u00a0 That\u2019s how LASIK should be.<\/p>\n<p>The emergency phone number is: +354 898 3288.\u00a0 If this number cannot be contacted outside office hours the Landspitali Hospital Clinic Eye Department can be contacted at +3564 543 1000.<\/p>\n<p>Believe your own eyes![\/vc_column_text][\/vc_column][\/vc_row]\n<\/div>","protected":false},"excerpt":{"rendered":"<p>[vc_row fullwidth=&#8221;true&#8221; fullwidth_content=&#8221;false&#8221; css=&#8221;.vc_custom_1521115951932{margin-top: 0px !important;margin-bottom: 0px !important;padding-top: 0px !important;padding-bottom: 0px !important;}&#8221;][vc_column][vc_empty_space height=&#8221;22px&#8221;][vc_wp_custommenu nav_menu=&#8221;22&#8243; el_class=&#8221;menu-klasi&#8221;][\/vc_column][\/vc_row][vc_row fullwidth=&#8221;true&#8221; fullwidth_content=&#8221;false&#8221; css=&#8221;.vc_custom_1521116635958{margin-top: -15px !important;margin-bottom: 0px !important;padding-top: 0px !important;padding-bottom: 0px !important;}&#8221;][vc_column css=&#8221;.vc_custom_1521116232944{margin-top: 0px !important;margin-bottom: 0px !important;padding-top: 0px !important;padding-bottom: 0px !important;}&#8221;][mk_divider style=&#8221;thin_solid&#8221; thin_single_color=&#8221;#e5e5e5&#8243; thickness=&#8221;2&#8243; margin_top=&#8221;0&#8243;][\/vc_column][\/vc_row][vc_row][vc_column][vc_column_text css=&#8221;.vc_custom_1601237402886{margin-bottom: 0px !important;}&#8221;] Augljos Refractive Surgery Clinic Information on the LASIK procedure. Please read this carefully [&hellip;]<\/p>\n","protected":false},"author":1,"featured_media":0,"parent":0,"menu_order":0,"comment_status":"closed","ping_status":"closed","template":"","meta":{"_monsterinsights_skip_tracking":false,"_monsterinsights_sitenote_active":false,"_monsterinsights_sitenote_note":"","_monsterinsights_sitenote_category":0,"footnotes":""},"class_list":["post-1083","page","type-page","status-publish","hentry"],"yoast_head":"<!-- This site is optimized with the Yoast SEO plugin v27.4 - https:\/\/yoast.com\/product\/yoast-seo-wordpress\/ -->\n<title>Information on the LASIK procedure - Auglj\u00f3s<\/title>\n<meta name=\"robots\" content=\"index, follow, max-snippet:-1, max-image-preview:large, max-video-preview:-1\" \/>\n<link rel=\"canonical\" href=\"https:\/\/augljos.is\/en\/information-on-the-lasik-procedure\/\" \/>\n<meta property=\"og:locale\" content=\"en_US\" \/>\n<meta property=\"og:type\" content=\"article\" \/>\n<meta property=\"og:title\" content=\"Information on the LASIK procedure - Auglj\u00f3s\" \/>\n<meta property=\"og:description\" content=\"[vc_row fullwidth=&#8221;true&#8221; fullwidth_content=&#8221;false&#8221; css=&#8221;.vc_custom_1521115951932{margin-top: 0px !important;margin-bottom: 0px !important;padding-top: 0px !important;padding-bottom: 0px !important;}&#8221;][vc_column][vc_empty_space height=&#8221;22px&#8221;][vc_wp_custommenu nav_menu=&#8221;22&#8243; el_class=&#8221;menu-klasi&#8221;][\/vc_column][\/vc_row][vc_row fullwidth=&#8221;true&#8221; fullwidth_content=&#8221;false&#8221; css=&#8221;.vc_custom_1521116635958{margin-top: -15px !important;margin-bottom: 0px !important;padding-top: 0px !important;padding-bottom: 0px !important;}&#8221;][vc_column css=&#8221;.vc_custom_1521116232944{margin-top: 0px !important;margin-bottom: 0px !important;padding-top: 0px !important;padding-bottom: 0px !important;}&#8221;][mk_divider style=&#8221;thin_solid&#8221; thin_single_color=&#8221;#e5e5e5&#8243; thickness=&#8221;2&#8243; margin_top=&#8221;0&#8243;][\/vc_column][\/vc_row][vc_row][vc_column][vc_column_text css=&#8221;.vc_custom_1601237402886{margin-bottom: 0px !important;}&#8221;] Augljos Refractive Surgery Clinic Information on the LASIK procedure. Please read this carefully [&hellip;]\" \/>\n<meta property=\"og:url\" content=\"https:\/\/augljos.is\/en\/information-on-the-lasik-procedure\/\" \/>\n<meta property=\"og:site_name\" content=\"Auglj\u00f3s\" \/>\n<meta property=\"article:modified_time\" content=\"2020-09-27T20:10:16+00:00\" \/>\n<meta name=\"twitter:card\" content=\"summary_large_image\" \/>\n<meta name=\"twitter:label1\" content=\"Est. reading time\" \/>\n\t<meta name=\"twitter:data1\" content=\"10 minutes\" \/>\n<script type=\"application\/ld+json\" class=\"yoast-schema-graph\">{\"@context\":\"https:\\\/\\\/schema.org\",\"@graph\":[{\"@type\":\"WebPage\",\"@id\":\"https:\\\/\\\/augljos.is\\\/en\\\/information-on-the-lasik-procedure\\\/\",\"url\":\"https:\\\/\\\/augljos.is\\\/en\\\/information-on-the-lasik-procedure\\\/\",\"name\":\"Information on the LASIK procedure - Auglj\u00f3s\",\"isPartOf\":{\"@id\":\"https:\\\/\\\/augljos.is\\\/en\\\/#website\"},\"datePublished\":\"2020-09-23T13:33:22+00:00\",\"dateModified\":\"2020-09-27T20:10:16+00:00\",\"breadcrumb\":{\"@id\":\"https:\\\/\\\/augljos.is\\\/en\\\/information-on-the-lasik-procedure\\\/#breadcrumb\"},\"inLanguage\":\"en-US\",\"potentialAction\":[{\"@type\":\"ReadAction\",\"target\":[\"https:\\\/\\\/augljos.is\\\/en\\\/information-on-the-lasik-procedure\\\/\"]}]},{\"@type\":\"BreadcrumbList\",\"@id\":\"https:\\\/\\\/augljos.is\\\/en\\\/information-on-the-lasik-procedure\\\/#breadcrumb\",\"itemListElement\":[{\"@type\":\"ListItem\",\"position\":1,\"name\":\"Home\",\"item\":\"https:\\\/\\\/augljos.is\\\/en\\\/\"},{\"@type\":\"ListItem\",\"position\":2,\"name\":\"Information on the LASIK procedure\"}]},{\"@type\":\"WebSite\",\"@id\":\"https:\\\/\\\/augljos.is\\\/en\\\/#website\",\"url\":\"https:\\\/\\\/augljos.is\\\/en\\\/\",\"name\":\"Auglj\u00f3s\",\"description\":\"Laseraugnl\u00e6kningar og almennar augnl\u00e6kningar\",\"potentialAction\":[{\"@type\":\"SearchAction\",\"target\":{\"@type\":\"EntryPoint\",\"urlTemplate\":\"https:\\\/\\\/augljos.is\\\/en\\\/?s={search_term_string}\"},\"query-input\":{\"@type\":\"PropertyValueSpecification\",\"valueRequired\":true,\"valueName\":\"search_term_string\"}}],\"inLanguage\":\"en-US\"}]}<\/script>\n<!-- \/ Yoast SEO plugin. -->","yoast_head_json":{"title":"Information on the LASIK procedure - Auglj\u00f3s","robots":{"index":"index","follow":"follow","max-snippet":"max-snippet:-1","max-image-preview":"max-image-preview:large","max-video-preview":"max-video-preview:-1"},"canonical":"https:\/\/augljos.is\/en\/information-on-the-lasik-procedure\/","og_locale":"en_US","og_type":"article","og_title":"Information on the LASIK procedure - Auglj\u00f3s","og_description":"[vc_row fullwidth=&#8221;true&#8221; fullwidth_content=&#8221;false&#8221; css=&#8221;.vc_custom_1521115951932{margin-top: 0px !important;margin-bottom: 0px !important;padding-top: 0px !important;padding-bottom: 0px !important;}&#8221;][vc_column][vc_empty_space height=&#8221;22px&#8221;][vc_wp_custommenu nav_menu=&#8221;22&#8243; el_class=&#8221;menu-klasi&#8221;][\/vc_column][\/vc_row][vc_row fullwidth=&#8221;true&#8221; fullwidth_content=&#8221;false&#8221; css=&#8221;.vc_custom_1521116635958{margin-top: -15px !important;margin-bottom: 0px !important;padding-top: 0px !important;padding-bottom: 0px !important;}&#8221;][vc_column css=&#8221;.vc_custom_1521116232944{margin-top: 0px !important;margin-bottom: 0px !important;padding-top: 0px !important;padding-bottom: 0px !important;}&#8221;][mk_divider style=&#8221;thin_solid&#8221; thin_single_color=&#8221;#e5e5e5&#8243; thickness=&#8221;2&#8243; margin_top=&#8221;0&#8243;][\/vc_column][\/vc_row][vc_row][vc_column][vc_column_text css=&#8221;.vc_custom_1601237402886{margin-bottom: 0px !important;}&#8221;] Augljos Refractive Surgery Clinic Information on the LASIK procedure. Please read this carefully [&hellip;]","og_url":"https:\/\/augljos.is\/en\/information-on-the-lasik-procedure\/","og_site_name":"Auglj\u00f3s","article_modified_time":"2020-09-27T20:10:16+00:00","twitter_card":"summary_large_image","twitter_misc":{"Est. reading time":"10 minutes"},"schema":{"@context":"https:\/\/schema.org","@graph":[{"@type":"WebPage","@id":"https:\/\/augljos.is\/en\/information-on-the-lasik-procedure\/","url":"https:\/\/augljos.is\/en\/information-on-the-lasik-procedure\/","name":"Information on the LASIK procedure - Auglj\u00f3s","isPartOf":{"@id":"https:\/\/augljos.is\/en\/#website"},"datePublished":"2020-09-23T13:33:22+00:00","dateModified":"2020-09-27T20:10:16+00:00","breadcrumb":{"@id":"https:\/\/augljos.is\/en\/information-on-the-lasik-procedure\/#breadcrumb"},"inLanguage":"en-US","potentialAction":[{"@type":"ReadAction","target":["https:\/\/augljos.is\/en\/information-on-the-lasik-procedure\/"]}]},{"@type":"BreadcrumbList","@id":"https:\/\/augljos.is\/en\/information-on-the-lasik-procedure\/#breadcrumb","itemListElement":[{"@type":"ListItem","position":1,"name":"Home","item":"https:\/\/augljos.is\/en\/"},{"@type":"ListItem","position":2,"name":"Information on the LASIK procedure"}]},{"@type":"WebSite","@id":"https:\/\/augljos.is\/en\/#website","url":"https:\/\/augljos.is\/en\/","name":"Auglj\u00f3s","description":"Laseraugnl\u00e6kningar og almennar augnl\u00e6kningar","potentialAction":[{"@type":"SearchAction","target":{"@type":"EntryPoint","urlTemplate":"https:\/\/augljos.is\/en\/?s={search_term_string}"},"query-input":{"@type":"PropertyValueSpecification","valueRequired":true,"valueName":"search_term_string"}}],"inLanguage":"en-US"}]}},"_links":{"self":[{"href":"https:\/\/augljos.is\/en\/wp-json\/wp\/v2\/pages\/1083","targetHints":{"allow":["GET"]}}],"collection":[{"href":"https:\/\/augljos.is\/en\/wp-json\/wp\/v2\/pages"}],"about":[{"href":"https:\/\/augljos.is\/en\/wp-json\/wp\/v2\/types\/page"}],"author":[{"embeddable":true,"href":"https:\/\/augljos.is\/en\/wp-json\/wp\/v2\/users\/1"}],"replies":[{"embeddable":true,"href":"https:\/\/augljos.is\/en\/wp-json\/wp\/v2\/comments?post=1083"}],"version-history":[{"count":5,"href":"https:\/\/augljos.is\/en\/wp-json\/wp\/v2\/pages\/1083\/revisions"}],"predecessor-version":[{"id":1139,"href":"https:\/\/augljos.is\/en\/wp-json\/wp\/v2\/pages\/1083\/revisions\/1139"}],"wp:attachment":[{"href":"https:\/\/augljos.is\/en\/wp-json\/wp\/v2\/media?parent=1083"}],"curies":[{"name":"wp","href":"https:\/\/api.w.org\/{rel}","templated":true}]}}