{"id":1078,"date":"2020-09-23T13:27:15","date_gmt":"2020-09-23T13:27:15","guid":{"rendered":"https:\/\/augljos.is\/?page_id=1078"},"modified":"2020-09-23T15:01:43","modified_gmt":"2020-09-23T15:01:43","slug":"who-is-suitable-for-lasik","status":"publish","type":"page","link":"https:\/\/augljos.is\/en\/who-is-suitable-for-lasik\/","title":{"rendered":"Who is suitable for LASIK?"},"content":{"rendered":"<div class=\"wpb-content-wrapper\">[vc_row fullwidth=&#8221;true&#8221; fullwidth_content=&#8221;false&#8221; css=&#8221;.vc_custom_1521115951932{margin-top: 0px !important;margin-bottom: 0px !important;padding-top: 0px !important;padding-bottom: 0px !important;}&#8221;][vc_column][vc_empty_space height=&#8221;22px&#8221;][vc_wp_custommenu nav_menu=&#8221;22&#8243; el_class=&#8221;menu-klasi&#8221;][\/vc_column][\/vc_row][vc_row fullwidth=&#8221;true&#8221; fullwidth_content=&#8221;false&#8221; css=&#8221;.vc_custom_1521116635958{margin-top: -15px !important;margin-bottom: 0px !important;padding-top: 0px !important;padding-bottom: 0px !important;}&#8221;][vc_column css=&#8221;.vc_custom_1521116232944{margin-top: 0px !important;margin-bottom: 0px !important;padding-top: 0px !important;padding-bottom: 0px !important;}&#8221;][mk_divider style=&#8221;thin_solid&#8221; thin_single_color=&#8221;#e5e5e5&#8243; thickness=&#8221;2&#8243; margin_top=&#8221;0&#8243;][\/vc_column][\/vc_row][vc_row fullwidth=&#8221;true&#8221; fullwidth_content=&#8221;false&#8221; css=&#8221;.vc_custom_1521116635958{margin-top: -15px !important;margin-bottom: 0px !important;padding-top: 0px !important;padding-bottom: 0px !important;}&#8221;][vc_column css=&#8221;.vc_custom_1521116232944{margin-top: 0px !important;margin-bottom: 0px !important;padding-top: 0px !important;padding-bottom: 0px !important;}&#8221;][vc_empty_space][\/vc_column][\/vc_row][mk_page_section layout_structure=&#8221;half_right&#8221; bg_image=&#8221;https:\/\/augljos.is\/wp-content\/uploads\/2018\/09\/skodun-bakgrunnur.jpg&#8221;][vc_column][vc_empty_space height=&#8221;40&#8243;][vc_column_text css=&#8221;.vc_custom_1600867834195{margin-bottom: 0px !important;}&#8221;]LASIK is a laser refractive procedure for correcting myopia (nearsightedness), hyperopia (farsightedness) and astigmatism.\u00a0 The procedure reduces or eliminates your dependance upon spectacles and contact lenses.\u00a0 Glasses may hamper those who lead an active lifestyle, whether at work, sport or games.\u00a0 Spectacles may not provide the best vision for those with a high degree of myopia or astigmatism.\u00a0\u00a0 Contact lenses are an alternative for those people.\u00a0 However, although contact lenses may provide adequate vision to many people, it carries constraints such as dry eyes and ocular allergy.\u00a0 When worn over a prolonged period, they may cause damage to the surface of the eyes, both due to mechanical effects on the epithelium or due to lack of oxygen permeability.\u00a0 In addition, they can lead to infection of the cornea, or corneal ulceration.<\/p>\n<p>ALL-LASIK may be your solution to these problems and at Augljos Laser Center we assess thoroughly your eyes to make sure you are a good candidate for surgery.\u00a0 This includes:<\/p>\n<ol>\n<li>Having a stable refraction over at least one year<\/li>\n<li>Ruling out eye diseases, such as keratoconus, glaucoma or cataracts<\/li>\n<li>Having acceptable curvature of cornea, i.e. not too steep or too flat<\/li>\n<li>Not having too thin corneas<\/li>\n<li>Not being pregnant or breast-feeding for 4 months after childbirth<\/li>\n<\/ol>\n[\/vc_column_text][vc_empty_space height=&#8221;40&#8243;][\/vc_column][\/mk_page_section]\n<\/div>","protected":false},"excerpt":{"rendered":"<p>[vc_row fullwidth=&#8221;true&#8221; fullwidth_content=&#8221;false&#8221; css=&#8221;.vc_custom_1521115951932{margin-top: 0px !important;margin-bottom: 0px !important;padding-top: 0px !important;padding-bottom: 0px !important;}&#8221;][vc_column][vc_empty_space height=&#8221;22px&#8221;][vc_wp_custommenu nav_menu=&#8221;22&#8243; el_class=&#8221;menu-klasi&#8221;][\/vc_column][\/vc_row][vc_row fullwidth=&#8221;true&#8221; fullwidth_content=&#8221;false&#8221; css=&#8221;.vc_custom_1521116635958{margin-top: -15px !important;margin-bottom: 0px !important;padding-top: 0px !important;padding-bottom: 0px !important;}&#8221;][vc_column css=&#8221;.vc_custom_1521116232944{margin-top: 0px !important;margin-bottom: 0px !important;padding-top: 0px !important;padding-bottom: 0px !important;}&#8221;][mk_divider style=&#8221;thin_solid&#8221; thin_single_color=&#8221;#e5e5e5&#8243; thickness=&#8221;2&#8243; margin_top=&#8221;0&#8243;][\/vc_column][\/vc_row][vc_row fullwidth=&#8221;true&#8221; fullwidth_content=&#8221;false&#8221; css=&#8221;.vc_custom_1521116635958{margin-top: -15px !important;margin-bottom: 0px !important;padding-top: 0px !important;padding-bottom: 0px !important;}&#8221;][vc_column css=&#8221;.vc_custom_1521116232944{margin-top: 0px !important;margin-bottom: 0px !important;padding-top: [&hellip;]<\/p>\n","protected":false},"author":1,"featured_media":0,"parent":0,"menu_order":0,"comment_status":"closed","ping_status":"closed","template":"","meta":{"_monsterinsights_skip_tracking":false,"_monsterinsights_sitenote_active":false,"_monsterinsights_sitenote_note":"","_monsterinsights_sitenote_category":0,"footnotes":""},"class_list":["post-1078","page","type-page","status-publish","hentry"],"yoast_head":"<!-- This site is optimized with the Yoast SEO plugin v27.3 - https:\/\/yoast.com\/product\/yoast-seo-wordpress\/ -->\n<title>Who is suitable for LASIK? - Auglj\u00f3s<\/title>\n<meta name=\"robots\" content=\"index, follow, max-snippet:-1, max-image-preview:large, max-video-preview:-1\" \/>\n<link rel=\"canonical\" href=\"https:\/\/augljos.is\/en\/who-is-suitable-for-lasik\/\" \/>\n<meta property=\"og:locale\" content=\"en_US\" \/>\n<meta property=\"og:type\" content=\"article\" \/>\n<meta property=\"og:title\" content=\"Who is suitable for LASIK? - Auglj\u00f3s\" \/>\n<meta property=\"og:description\" content=\"[vc_row fullwidth=&#8221;true&#8221; fullwidth_content=&#8221;false&#8221; css=&#8221;.vc_custom_1521115951932{margin-top: 0px !important;margin-bottom: 0px !important;padding-top: 0px !important;padding-bottom: 0px !important;}&#8221;][vc_column][vc_empty_space height=&#8221;22px&#8221;][vc_wp_custommenu nav_menu=&#8221;22&#8243; el_class=&#8221;menu-klasi&#8221;][\/vc_column][\/vc_row][vc_row fullwidth=&#8221;true&#8221; fullwidth_content=&#8221;false&#8221; css=&#8221;.vc_custom_1521116635958{margin-top: -15px !important;margin-bottom: 0px !important;padding-top: 0px !important;padding-bottom: 0px !important;}&#8221;][vc_column css=&#8221;.vc_custom_1521116232944{margin-top: 0px !important;margin-bottom: 0px !important;padding-top: 0px !important;padding-bottom: 0px !important;}&#8221;][mk_divider style=&#8221;thin_solid&#8221; thin_single_color=&#8221;#e5e5e5&#8243; thickness=&#8221;2&#8243; margin_top=&#8221;0&#8243;][\/vc_column][\/vc_row][vc_row fullwidth=&#8221;true&#8221; fullwidth_content=&#8221;false&#8221; css=&#8221;.vc_custom_1521116635958{margin-top: -15px !important;margin-bottom: 0px !important;padding-top: 0px !important;padding-bottom: 0px !important;}&#8221;][vc_column css=&#8221;.vc_custom_1521116232944{margin-top: 0px !important;margin-bottom: 0px !important;padding-top: [&hellip;]\" \/>\n<meta property=\"og:url\" content=\"https:\/\/augljos.is\/en\/who-is-suitable-for-lasik\/\" \/>\n<meta property=\"og:site_name\" content=\"Auglj\u00f3s\" \/>\n<meta property=\"article:modified_time\" content=\"2020-09-23T15:01:43+00:00\" \/>\n<meta name=\"twitter:card\" content=\"summary_large_image\" \/>\n<meta name=\"twitter:label1\" content=\"Est. reading time\" \/>\n\t<meta name=\"twitter:data1\" content=\"2 minutes\" \/>\n<script type=\"application\/ld+json\" class=\"yoast-schema-graph\">{\"@context\":\"https:\\\/\\\/schema.org\",\"@graph\":[{\"@type\":\"WebPage\",\"@id\":\"https:\\\/\\\/augljos.is\\\/en\\\/who-is-suitable-for-lasik\\\/\",\"url\":\"https:\\\/\\\/augljos.is\\\/en\\\/who-is-suitable-for-lasik\\\/\",\"name\":\"Who is suitable for LASIK? - Auglj\u00f3s\",\"isPartOf\":{\"@id\":\"https:\\\/\\\/augljos.is\\\/en\\\/#website\"},\"datePublished\":\"2020-09-23T13:27:15+00:00\",\"dateModified\":\"2020-09-23T15:01:43+00:00\",\"breadcrumb\":{\"@id\":\"https:\\\/\\\/augljos.is\\\/en\\\/who-is-suitable-for-lasik\\\/#breadcrumb\"},\"inLanguage\":\"en-US\",\"potentialAction\":[{\"@type\":\"ReadAction\",\"target\":[\"https:\\\/\\\/augljos.is\\\/en\\\/who-is-suitable-for-lasik\\\/\"]}]},{\"@type\":\"BreadcrumbList\",\"@id\":\"https:\\\/\\\/augljos.is\\\/en\\\/who-is-suitable-for-lasik\\\/#breadcrumb\",\"itemListElement\":[{\"@type\":\"ListItem\",\"position\":1,\"name\":\"Home\",\"item\":\"https:\\\/\\\/augljos.is\\\/en\\\/\"},{\"@type\":\"ListItem\",\"position\":2,\"name\":\"Who is suitable for LASIK?\"}]},{\"@type\":\"WebSite\",\"@id\":\"https:\\\/\\\/augljos.is\\\/en\\\/#website\",\"url\":\"https:\\\/\\\/augljos.is\\\/en\\\/\",\"name\":\"Auglj\u00f3s\",\"description\":\"Laseraugnl\u00e6kningar og almennar augnl\u00e6kningar\",\"potentialAction\":[{\"@type\":\"SearchAction\",\"target\":{\"@type\":\"EntryPoint\",\"urlTemplate\":\"https:\\\/\\\/augljos.is\\\/en\\\/?s={search_term_string}\"},\"query-input\":{\"@type\":\"PropertyValueSpecification\",\"valueRequired\":true,\"valueName\":\"search_term_string\"}}],\"inLanguage\":\"en-US\"}]}<\/script>\n<!-- \/ Yoast SEO plugin. -->","yoast_head_json":{"title":"Who is suitable for LASIK? - Auglj\u00f3s","robots":{"index":"index","follow":"follow","max-snippet":"max-snippet:-1","max-image-preview":"max-image-preview:large","max-video-preview":"max-video-preview:-1"},"canonical":"https:\/\/augljos.is\/en\/who-is-suitable-for-lasik\/","og_locale":"en_US","og_type":"article","og_title":"Who is suitable for LASIK? - Auglj\u00f3s","og_description":"[vc_row fullwidth=&#8221;true&#8221; fullwidth_content=&#8221;false&#8221; css=&#8221;.vc_custom_1521115951932{margin-top: 0px !important;margin-bottom: 0px !important;padding-top: 0px !important;padding-bottom: 0px !important;}&#8221;][vc_column][vc_empty_space height=&#8221;22px&#8221;][vc_wp_custommenu nav_menu=&#8221;22&#8243; el_class=&#8221;menu-klasi&#8221;][\/vc_column][\/vc_row][vc_row fullwidth=&#8221;true&#8221; fullwidth_content=&#8221;false&#8221; css=&#8221;.vc_custom_1521116635958{margin-top: -15px !important;margin-bottom: 0px !important;padding-top: 0px !important;padding-bottom: 0px !important;}&#8221;][vc_column css=&#8221;.vc_custom_1521116232944{margin-top: 0px !important;margin-bottom: 0px !important;padding-top: 0px !important;padding-bottom: 0px !important;}&#8221;][mk_divider style=&#8221;thin_solid&#8221; thin_single_color=&#8221;#e5e5e5&#8243; thickness=&#8221;2&#8243; margin_top=&#8221;0&#8243;][\/vc_column][\/vc_row][vc_row fullwidth=&#8221;true&#8221; fullwidth_content=&#8221;false&#8221; css=&#8221;.vc_custom_1521116635958{margin-top: -15px !important;margin-bottom: 0px !important;padding-top: 0px !important;padding-bottom: 0px !important;}&#8221;][vc_column css=&#8221;.vc_custom_1521116232944{margin-top: 0px !important;margin-bottom: 0px !important;padding-top: [&hellip;]","og_url":"https:\/\/augljos.is\/en\/who-is-suitable-for-lasik\/","og_site_name":"Auglj\u00f3s","article_modified_time":"2020-09-23T15:01:43+00:00","twitter_card":"summary_large_image","twitter_misc":{"Est. reading time":"2 minutes"},"schema":{"@context":"https:\/\/schema.org","@graph":[{"@type":"WebPage","@id":"https:\/\/augljos.is\/en\/who-is-suitable-for-lasik\/","url":"https:\/\/augljos.is\/en\/who-is-suitable-for-lasik\/","name":"Who is suitable for LASIK? - Auglj\u00f3s","isPartOf":{"@id":"https:\/\/augljos.is\/en\/#website"},"datePublished":"2020-09-23T13:27:15+00:00","dateModified":"2020-09-23T15:01:43+00:00","breadcrumb":{"@id":"https:\/\/augljos.is\/en\/who-is-suitable-for-lasik\/#breadcrumb"},"inLanguage":"en-US","potentialAction":[{"@type":"ReadAction","target":["https:\/\/augljos.is\/en\/who-is-suitable-for-lasik\/"]}]},{"@type":"BreadcrumbList","@id":"https:\/\/augljos.is\/en\/who-is-suitable-for-lasik\/#breadcrumb","itemListElement":[{"@type":"ListItem","position":1,"name":"Home","item":"https:\/\/augljos.is\/en\/"},{"@type":"ListItem","position":2,"name":"Who is suitable for LASIK?"}]},{"@type":"WebSite","@id":"https:\/\/augljos.is\/en\/#website","url":"https:\/\/augljos.is\/en\/","name":"Auglj\u00f3s","description":"Laseraugnl\u00e6kningar og almennar augnl\u00e6kningar","potentialAction":[{"@type":"SearchAction","target":{"@type":"EntryPoint","urlTemplate":"https:\/\/augljos.is\/en\/?s={search_term_string}"},"query-input":{"@type":"PropertyValueSpecification","valueRequired":true,"valueName":"search_term_string"}}],"inLanguage":"en-US"}]}},"_links":{"self":[{"href":"https:\/\/augljos.is\/en\/wp-json\/wp\/v2\/pages\/1078","targetHints":{"allow":["GET"]}}],"collection":[{"href":"https:\/\/augljos.is\/en\/wp-json\/wp\/v2\/pages"}],"about":[{"href":"https:\/\/augljos.is\/en\/wp-json\/wp\/v2\/types\/page"}],"author":[{"embeddable":true,"href":"https:\/\/augljos.is\/en\/wp-json\/wp\/v2\/users\/1"}],"replies":[{"embeddable":true,"href":"https:\/\/augljos.is\/en\/wp-json\/wp\/v2\/comments?post=1078"}],"version-history":[{"count":5,"href":"https:\/\/augljos.is\/en\/wp-json\/wp\/v2\/pages\/1078\/revisions"}],"predecessor-version":[{"id":1123,"href":"https:\/\/augljos.is\/en\/wp-json\/wp\/v2\/pages\/1078\/revisions\/1123"}],"wp:attachment":[{"href":"https:\/\/augljos.is\/en\/wp-json\/wp\/v2\/media?parent=1078"}],"curies":[{"name":"wp","href":"https:\/\/api.w.org\/{rel}","templated":true}]}}