{"id":835,"date":"2018-02-15T16:05:14","date_gmt":"2018-02-15T16:05:14","guid":{"rendered":"https:\/\/augljos.is\/heim\/"},"modified":"2020-10-20T13:03:18","modified_gmt":"2020-10-20T13:03:18","slug":"heim","status":"publish","type":"page","link":"https:\/\/augljos.is\/da\/","title":{"rendered":"FO"},"content":{"rendered":"[mk_page_section layout_structure=&#8221;half_right&#8221; bg_image=&#8221;https:\/\/augljos.is\/wp-content\/uploads\/2018\/09\/johannes-kari-myndband.jpg&#8221; full_width=&#8221;true&#8221;][vc_column][vc_empty_space height=&#8221;40px&#8221;][mk_fancy_title tag_name=&#8221;h1&#8243; color=&#8221;#353535&#8243; size=&#8221;48&#8243; force_font_size=&#8221;true&#8221; size_smallscreen=&#8221;48&#8243; size_tablet=&#8221;48&#8243; size_phone=&#8221;42&#8243; font_weight=&#8221;500&#8243; txt_transform=&#8221;uppercase&#8221; margin_top=&#8221;20&#8243; margin_bottom=&#8221;0&#8243; font_family=&#8221;Oswald&#8221; font_type=&#8221;google&#8221; align=&#8221;center&#8221;]\n<p class=\"p1\" style=\"text-align: left;\">FO<\/p>\n[\/mk_fancy_title][vc_column_text css=&#8221;.vc_custom_1600854387969{margin-bottom: 0px !important;}&#8221;]\u00c1 Eyelight Eye Center (Auglj\u00f3s) hava vit grei\u00f0 t\u00e6nastum\u00e1l. Vit eru bert n\u00f8gd vi\u00f0 allar bestu \u00farslit. Vit k\u00fdta okkum at geva t\u00e6r bestu sj\u00f3nligu \u00farslitini, og vit meina, at vit hava bestu t\u00f8knina, royndirnar, trygdina og t\u00e6nastuna at n\u00e1a t\u00ednum m\u00e1lum.<\/p>\n<p>Eylight Eye Clinic bj\u00f3\u00f0ar n\u00fdggjastu t\u00f8kni innan lasara lj\u00f3sbroytandi skurvi\u00f0ger\u00f0. Okkara Schwind AMARIS lasari er ein spildurn\u00fdggjur \u201cfl\u00fagvandi punkts lasari\u201d, i\u00f0 fremur eina silkibleyta profilering av hornhinnuni, sum hevur vi\u00f0 s\u00e6r eina fram\u00farskarandi kl\u00e1ra sj\u00f3n \u2013 uttan sj\u00f3narhj\u00e1lpart\u00f3l. Skj\u00f3tleikin hj\u00e1 fl\u00fagvandi punktunum er 500 HZ, sum merkir, at 500 punkt leggjast afturat hv\u00f8rt sekund. Hetta styttir vi\u00f0ger\u00f0ina ni\u00f0ur \u00ed eina helvt, samanbori\u00f0 vi\u00f0 undanfarnu lasararnar. Gj\u00f8gnum \u00f8ll stigini \u00ed skur\u00f0vi\u00f0ger\u00f0ini hevur skurl\u00e6knin eftirlit vi\u00f0 tj\u00faktini \u00e1 hornhinnuni vi\u00f0 eini serstakari n\u00fdtsluskipan \u00ed lasaranum.[\/vc_column_text][vc_empty_space height=&#8221;40px&#8221;][\/vc_column][\/mk_page_section][mk_page_section layout_structure=&#8221;half_left&#8221; bg_image=&#8221;https:\/\/augljos.is\/wp-content\/uploads\/2018\/05\/laseradgerd-hja-augljos-fyrir-vef.jpg&#8221; full_width=&#8221;true&#8221;][vc_column][vc_empty_space height=&#8221;40px&#8221;][vc_column_text css=&#8221;.vc_custom_1600854398163{margin-bottom: 0px !important;}&#8221;]At n\u00fdta n\u00fdggjastu t\u00f8kniligu ambo\u00f0ini er t\u00f3 ikki n\u00f3gmiki\u00f0 undir eini lasaraskurvi\u00f0ger\u00f0. Munurin millum ein yrkisgolfsp\u00e6lara og ein fr\u00edt\u00ed\u00f0argolfsp\u00e6lara, har b\u00e1\u00f0ir n\u00fdta allarbestu \u00fatger\u00f0, er ey\u00f0s\u00fdndur. Vit mi\u00f0a eftir at hava h\u00e6gsta st\u00f8\u00f0i\u00f0 innan \u00fatb\u00fagving og virkisroyndum \u00ed okkara lj\u00f3sbroytandi lasaravi\u00f0ger\u00f0um.\u00a0 J\u00f3hannes Kristiansson MD PhD hevur fram fleiri enn 9000 lj\u00f3sbroytandi lasaraskur\u00f0vi\u00f0ger\u00f0ir. Hann leyk kandidatpr\u00f3gv \u00ed eygnasj\u00fakrafr\u00f8\u00f0i \u00e1 Duke University Eye Center \u00ed North Carolina, USA, sum \u00e1haldandi hevur veri\u00f0 nr. 7 ella 8 \u00ed yvirlitinum hj\u00e1 US News &amp; World Report yvir bestu amerikansku eygnasj\u00fakrah\u00fasini. Hann lutt\u00f3k eisini \u00ed starvsl\u00e6ru (fellowship) \u00ed lasara lj\u00f3sbroytandi skur\u00f0vi\u00f0ger\u00f0 og \u00ed hornhinnu- og \u00fatvortis eygnasj\u00fakum \u00e1 Duke Eye Center. \u00cd 2001 flutti hann aftur til \u00cdslands. Hann er enn tann einasti lasara lj\u00f3sbroytandi skur\u00f0l\u00e6knin \u00ed landinum, sum hevur fullf\u00f8rt starvsl\u00e6ru (fellowship) \u00e1 h\u00e6gri l\u00e6rustovni \u00ed lj\u00f3sbroytandi lasaraskur\u00f0vi\u00f0ger\u00f0.[\/vc_column_text][vc_empty_space height=&#8221;40px&#8221;][\/vc_column][\/mk_page_section][mk_page_section layout_structure=&#8221;half_right&#8221; bg_image=&#8221;https:\/\/augljos.is\/wp-content\/uploads\/2018\/09\/presbymax-bakgrunnur.jpg&#8221; full_width=&#8221;true&#8221;][vc_column][vc_empty_space height=&#8221;40px&#8221;][vc_column_text css=&#8221;.vc_custom_1600854407982{margin-bottom: 0px !important;}&#8221;]Eyelight Eye Clinic veitir tr\u00fd \u00e1ra trygd fyri lasara lj\u00f3sbroytandi vi\u00f0ger\u00f0. Hetta merkir, at um t\u00fa ikki ert n\u00f8gd\/ur vi\u00f0 \u00farsliti\u00f0 av vi\u00f0ger\u00f0ini, hevur t\u00fa r\u00e6tt til b\u00f8tandi lasara lj\u00f3sbroytandi skur\u00f0vi\u00f0ger\u00f0 uttan eyka kostna\u00f0 \u00ed upp til tr\u00fd \u00e1r eftir upprunaligu vi\u00f0ger\u00f0ina.<\/p>\n<p>Vi\u00f0 j\u00f8vnum millumbilum eftirkanna vit gj\u00f8lla \u00farslitini av okkara skur\u00f0vi\u00f0ger\u00f0um fyri at tryggja okkum, at okkara t\u00f3l eru neyv og r\u00f8tt.<\/p>\n<p>H\u00f8gt t\u00e6nastust\u00f8\u00f0i er okkara ser\u00f8ki. Vit kenna ta\u00f0 sum ein hei\u00f0ur, at t\u00fa v\u00edsir okkum \u00e1lit \u00ed sambandi vi\u00f0 eygu t\u00edni, og vit gera alt, i\u00f0 stendur \u00ed okkara makt, at tryggja okkum, at t\u00fa upplivir best m\u00f8guligu medisinsku t\u00e6nastuna \u00e1 hesum \u00f8ki.<\/p>\n<p>Okkara trygdarst\u00f8\u00f0i er h\u00f8gt. T\u00f8knin, i\u00f0 vit veita \u00e1 okkara vi\u00f0ger\u00f0arstovu til yvirflatu lasara lj\u00f3sbroytandi skur\u00f0vi\u00f0ger\u00f0, er tann n\u00fdggjasta fr\u00e1 vi\u00f0gitnu t\u00fdsku fyrit\u00f8kuni Schwind. Hetta er Schwind AMARIS lasarin vi\u00f0 kollveltandi og sl\u00f3\u00f0broytandi t\u00f8kni vi\u00f0 sikti at fremja best m\u00f8guligu sj\u00f3nligu \u00farslit fyri okkara sj\u00faklingar[\/vc_column_text][vc_empty_space height=&#8221;40px&#8221;][\/vc_column][\/mk_page_section]\n","protected":false},"excerpt":{"rendered":"<p>[mk_page_section layout_structure=&#8221;half_right&#8221; bg_image=&#8221;https:\/\/augljos.is\/wp-content\/uploads\/2018\/09\/johannes-kari-myndband.jpg&#8221; full_width=&#8221;true&#8221;][vc_column][vc_empty_space height=&#8221;40px&#8221;][mk_fancy_title tag_name=&#8221;h1&#8243; color=&#8221;#353535&#8243; size=&#8221;48&#8243; force_font_size=&#8221;true&#8221; size_smallscreen=&#8221;48&#8243; size_tablet=&#8221;48&#8243; size_phone=&#8221;42&#8243; font_weight=&#8221;500&#8243; txt_transform=&#8221;uppercase&#8221; margin_top=&#8221;20&#8243; margin_bottom=&#8221;0&#8243; font_family=&#8221;Oswald&#8221; font_type=&#8221;google&#8221; align=&#8221;center&#8221;] FO [\/mk_fancy_title][vc_column_text css=&#8221;.vc_custom_1600854387969{margin-bottom: 0px !important;}&#8221;]\u00c1 Eyelight Eye Center (Auglj\u00f3s) hava vit grei\u00f0 t\u00e6nastum\u00e1l. Vit eru bert n\u00f8gd vi\u00f0 allar bestu \u00farslit. Vit k\u00fdta okkum at geva t\u00e6r bestu sj\u00f3nligu \u00farslitini, og vit meina, at vit hava [&hellip;]<\/p>\n","protected":false},"author":1,"featured_media":0,"parent":0,"menu_order":0,"comment_status":"closed","ping_status":"closed","template":"","meta":{"_monsterinsights_skip_tracking":false,"_monsterinsights_sitenote_active":false,"_monsterinsights_sitenote_note":"","_monsterinsights_sitenote_category":0,"footnotes":""},"class_list":["post-835","page","type-page","status-publish","hentry"],"yoast_head":"<!-- This site is optimized with the Yoast SEO plugin v27.4 - https:\/\/yoast.com\/product\/yoast-seo-wordpress\/ -->\n<title>Auglj\u00f3s \u2013 Lasera\u00f0ger\u00f0ir \u2013 LASIK \u2013 Almennar Augnl\u00e6kningar | augljos.is<\/title>\n<meta name=\"description\" content=\"Auglj\u00f3s laser augnl\u00e6kningar b\u00fd\u00f0ur upp \u00e1 laseraugnl\u00e6kningar og -a\u00f0ger\u00f0ir auk almennra augnl\u00e6kninga. \u00c1hersla \u00e1 pers\u00f3nulega \u00fej\u00f3nustu, t\u00e6kni og \u00feekkingu.\" \/>\n<meta name=\"robots\" content=\"index, follow, max-snippet:-1, max-image-preview:large, max-video-preview:-1\" \/>\n<link rel=\"canonical\" href=\"https:\/\/augljos.is\/da\/\" \/>\n<meta property=\"og:locale\" content=\"da_DK\" \/>\n<meta property=\"og:type\" content=\"article\" \/>\n<meta property=\"og:title\" content=\"Auglj\u00f3s \u2013 Lasera\u00f0ger\u00f0ir \u2013 LASIK \u2013 Almennar Augnl\u00e6kningar | augljos.is\" \/>\n<meta property=\"og:description\" content=\"Auglj\u00f3s laser augnl\u00e6kningar b\u00fd\u00f0ur upp \u00e1 laseraugnl\u00e6kningar og -a\u00f0ger\u00f0ir auk almennra augnl\u00e6kninga. \u00c1hersla \u00e1 pers\u00f3nulega \u00fej\u00f3nustu, t\u00e6kni og \u00feekkingu.\" \/>\n<meta property=\"og:url\" content=\"https:\/\/augljos.is\/da\/\" \/>\n<meta property=\"og:site_name\" content=\"Auglj\u00f3s\" \/>\n<meta property=\"article:modified_time\" content=\"2020-10-20T13:03:18+00:00\" \/>\n<meta name=\"twitter:card\" content=\"summary_large_image\" \/>\n<meta name=\"twitter:label1\" content=\"Estimeret l\u00e6setid\" \/>\n\t<meta name=\"twitter:data1\" content=\"3 minutter\" \/>\n<script type=\"application\/ld+json\" class=\"yoast-schema-graph\">{\"@context\":\"https:\\\/\\\/schema.org\",\"@graph\":[{\"@type\":\"WebPage\",\"@id\":\"https:\\\/\\\/augljos.is\\\/da\\\/\",\"url\":\"https:\\\/\\\/augljos.is\\\/da\\\/\",\"name\":\"Auglj\u00f3s \u2013 Lasera\u00f0ger\u00f0ir \u2013 LASIK \u2013 Almennar Augnl\u00e6kningar | augljos.is\",\"isPartOf\":{\"@id\":\"https:\\\/\\\/augljos.is\\\/da\\\/#website\"},\"datePublished\":\"2018-02-15T16:05:14+00:00\",\"dateModified\":\"2020-10-20T13:03:18+00:00\",\"description\":\"Auglj\u00f3s laser augnl\u00e6kningar b\u00fd\u00f0ur upp \u00e1 laseraugnl\u00e6kningar og -a\u00f0ger\u00f0ir auk almennra augnl\u00e6kninga. \u00c1hersla \u00e1 pers\u00f3nulega \u00fej\u00f3nustu, t\u00e6kni og \u00feekkingu.\",\"breadcrumb\":{\"@id\":\"https:\\\/\\\/augljos.is\\\/da\\\/#breadcrumb\"},\"inLanguage\":\"da-DK\",\"potentialAction\":[{\"@type\":\"ReadAction\",\"target\":[\"https:\\\/\\\/augljos.is\\\/da\\\/\"]}]},{\"@type\":\"BreadcrumbList\",\"@id\":\"https:\\\/\\\/augljos.is\\\/da\\\/#breadcrumb\",\"itemListElement\":[{\"@type\":\"ListItem\",\"position\":1,\"name\":\"Home\",\"item\":\"https:\\\/\\\/augljos.is\\\/da\\\/\"},{\"@type\":\"ListItem\",\"position\":2,\"name\":\"FO\"}]},{\"@type\":\"WebSite\",\"@id\":\"https:\\\/\\\/augljos.is\\\/da\\\/#website\",\"url\":\"https:\\\/\\\/augljos.is\\\/da\\\/\",\"name\":\"Auglj\u00f3s\",\"description\":\"Laseraugnl\u00e6kningar og almennar augnl\u00e6kningar\",\"potentialAction\":[{\"@type\":\"SearchAction\",\"target\":{\"@type\":\"EntryPoint\",\"urlTemplate\":\"https:\\\/\\\/augljos.is\\\/da\\\/?s={search_term_string}\"},\"query-input\":{\"@type\":\"PropertyValueSpecification\",\"valueRequired\":true,\"valueName\":\"search_term_string\"}}],\"inLanguage\":\"da-DK\"}]}<\/script>\n<!-- \/ Yoast SEO plugin. -->","yoast_head_json":{"title":"Auglj\u00f3s \u2013 Lasera\u00f0ger\u00f0ir \u2013 LASIK \u2013 Almennar Augnl\u00e6kningar | augljos.is","description":"Auglj\u00f3s laser augnl\u00e6kningar b\u00fd\u00f0ur upp \u00e1 laseraugnl\u00e6kningar og -a\u00f0ger\u00f0ir auk almennra augnl\u00e6kninga. \u00c1hersla \u00e1 pers\u00f3nulega \u00fej\u00f3nustu, t\u00e6kni og \u00feekkingu.","robots":{"index":"index","follow":"follow","max-snippet":"max-snippet:-1","max-image-preview":"max-image-preview:large","max-video-preview":"max-video-preview:-1"},"canonical":"https:\/\/augljos.is\/da\/","og_locale":"da_DK","og_type":"article","og_title":"Auglj\u00f3s \u2013 Lasera\u00f0ger\u00f0ir \u2013 LASIK \u2013 Almennar Augnl\u00e6kningar | augljos.is","og_description":"Auglj\u00f3s laser augnl\u00e6kningar b\u00fd\u00f0ur upp \u00e1 laseraugnl\u00e6kningar og -a\u00f0ger\u00f0ir auk almennra augnl\u00e6kninga. \u00c1hersla \u00e1 pers\u00f3nulega \u00fej\u00f3nustu, t\u00e6kni og \u00feekkingu.","og_url":"https:\/\/augljos.is\/da\/","og_site_name":"Auglj\u00f3s","article_modified_time":"2020-10-20T13:03:18+00:00","twitter_card":"summary_large_image","twitter_misc":{"Estimeret l\u00e6setid":"3 minutter"},"schema":{"@context":"https:\/\/schema.org","@graph":[{"@type":"WebPage","@id":"https:\/\/augljos.is\/da\/","url":"https:\/\/augljos.is\/da\/","name":"Auglj\u00f3s \u2013 Lasera\u00f0ger\u00f0ir \u2013 LASIK \u2013 Almennar Augnl\u00e6kningar | augljos.is","isPartOf":{"@id":"https:\/\/augljos.is\/da\/#website"},"datePublished":"2018-02-15T16:05:14+00:00","dateModified":"2020-10-20T13:03:18+00:00","description":"Auglj\u00f3s laser augnl\u00e6kningar b\u00fd\u00f0ur upp \u00e1 laseraugnl\u00e6kningar og -a\u00f0ger\u00f0ir auk almennra augnl\u00e6kninga. \u00c1hersla \u00e1 pers\u00f3nulega \u00fej\u00f3nustu, t\u00e6kni og \u00feekkingu.","breadcrumb":{"@id":"https:\/\/augljos.is\/da\/#breadcrumb"},"inLanguage":"da-DK","potentialAction":[{"@type":"ReadAction","target":["https:\/\/augljos.is\/da\/"]}]},{"@type":"BreadcrumbList","@id":"https:\/\/augljos.is\/da\/#breadcrumb","itemListElement":[{"@type":"ListItem","position":1,"name":"Home","item":"https:\/\/augljos.is\/da\/"},{"@type":"ListItem","position":2,"name":"FO"}]},{"@type":"WebSite","@id":"https:\/\/augljos.is\/da\/#website","url":"https:\/\/augljos.is\/da\/","name":"Auglj\u00f3s","description":"Laseraugnl\u00e6kningar og almennar augnl\u00e6kningar","potentialAction":[{"@type":"SearchAction","target":{"@type":"EntryPoint","urlTemplate":"https:\/\/augljos.is\/da\/?s={search_term_string}"},"query-input":{"@type":"PropertyValueSpecification","valueRequired":true,"valueName":"search_term_string"}}],"inLanguage":"da-DK"}]}},"_links":{"self":[{"href":"https:\/\/augljos.is\/da\/wp-json\/wp\/v2\/pages\/835","targetHints":{"allow":["GET"]}}],"collection":[{"href":"https:\/\/augljos.is\/da\/wp-json\/wp\/v2\/pages"}],"about":[{"href":"https:\/\/augljos.is\/da\/wp-json\/wp\/v2\/types\/page"}],"author":[{"embeddable":true,"href":"https:\/\/augljos.is\/da\/wp-json\/wp\/v2\/users\/1"}],"replies":[{"embeddable":true,"href":"https:\/\/augljos.is\/da\/wp-json\/wp\/v2\/comments?post=835"}],"version-history":[{"count":5,"href":"https:\/\/augljos.is\/da\/wp-json\/wp\/v2\/pages\/835\/revisions"}],"predecessor-version":[{"id":1070,"href":"https:\/\/augljos.is\/da\/wp-json\/wp\/v2\/pages\/835\/revisions\/1070"}],"wp:attachment":[{"href":"https:\/\/augljos.is\/da\/wp-json\/wp\/v2\/media?parent=835"}],"curies":[{"name":"wp","href":"https:\/\/api.w.org\/{rel}","templated":true}]}}