{"id":1220,"date":"2020-09-23T13:37:16","date_gmt":"2020-09-23T13:37:16","guid":{"rendered":"https:\/\/augljos.is\/your-happiness-is-our-goal\/"},"modified":"2020-10-20T13:04:12","modified_gmt":"2020-10-20T13:04:12","slug":"your-happiness-is-our-goal","status":"publish","type":"page","link":"https:\/\/augljos.is\/da\/your-happiness-is-our-goal\/","title":{"rendered":"Din lykke er v\u00e5rt m\u00e5l"},"content":{"rendered":"[mk_page_section layout_structure=&#8221;half_right&#8221; bg_image=&#8221;https:\/\/augljos.is\/wp-content\/uploads\/2018\/09\/lasik-bakgrunnur.jpg&#8221;][vc_column][vc_empty_space][vc_column_text css=&#8221;.vc_custom_1601903580742{margin-bottom: 0px !important;}&#8221;]Vi er aldri i en hast, tar v\u00e5r tid for at yte v\u00e5re tjenester og gj\u00f8re v\u00e5rt beste i \u00e5 lage din LASIK en minneverdig opplevelse.<\/p>\n<h3>\u00c5relang erfaring<\/h3>\n<p>V\u00e5rt kirurgiske team har utf\u00f8rt rundt 10.000 operasjoner siden \u00e5r 2001. Dette er verdifull erfaring til fordel for dine \u00f8yne.<\/p>\n<h3>Avansert teknikk<\/h3>\n<p>Schwind Amaris refraktiv laser behandlings system er en av de mest teknologisk avanserte systemer i verden og v\u00e5rt utstyr er den siste av den typen. Tysk design, kvalitet og presisjon kommer sammen i en laser som er spesielt laget for deg med uendelig valg og muligheter.<\/p>\n<h3>Spesialitet i hornhinnes og refraktiv kirugi<\/h3>\n<p>En full oppl\u00e6ring i hornhinnen sykdommer og refraktiv kirurgi er en forutsetning for \u00e5 tilby en full laser refraktiv service. Augljos Eye Center tilbyr en trening og \u201efellowship\u201c fra Duke University Eye Center, som er valgt blant de ti beste \u00f8ye sentre i USA i henhold til US News &amp; World Report.[\/vc_column_text][vc_empty_space][\/vc_column][\/mk_page_section]\n","protected":false},"excerpt":{"rendered":"<p>[mk_page_section layout_structure=&#8221;half_right&#8221; bg_image=&#8221;https:\/\/augljos.is\/wp-content\/uploads\/2018\/09\/lasik-bakgrunnur.jpg&#8221;][vc_column][vc_empty_space][vc_column_text css=&#8221;.vc_custom_1601903580742{margin-bottom: 0px !important;}&#8221;]Vi er aldri i en hast, tar v\u00e5r tid for at yte v\u00e5re tjenester og gj\u00f8re v\u00e5rt beste i \u00e5 lage din LASIK en minneverdig opplevelse. \u00c5relang erfaring V\u00e5rt kirurgiske team har utf\u00f8rt rundt 10.000 operasjoner siden \u00e5r 2001. Dette er verdifull erfaring til fordel for dine \u00f8yne. Avansert teknikk [&hellip;]<\/p>\n","protected":false},"author":1,"featured_media":0,"parent":0,"menu_order":0,"comment_status":"closed","ping_status":"closed","template":"","meta":{"_monsterinsights_skip_tracking":false,"_monsterinsights_sitenote_active":false,"_monsterinsights_sitenote_note":"","_monsterinsights_sitenote_category":0,"footnotes":""},"class_list":["post-1220","page","type-page","status-publish","hentry"],"yoast_head":"<!-- This site is optimized with the Yoast SEO plugin v27.4 - https:\/\/yoast.com\/product\/yoast-seo-wordpress\/ -->\n<title>Din lykke er v\u00e5rt m\u00e5l - Auglj\u00f3s<\/title>\n<meta name=\"robots\" content=\"index, follow, max-snippet:-1, max-image-preview:large, max-video-preview:-1\" \/>\n<link rel=\"canonical\" href=\"https:\/\/augljos.is\/da\/your-happiness-is-our-goal\/\" \/>\n<meta property=\"og:locale\" content=\"da_DK\" \/>\n<meta property=\"og:type\" content=\"article\" \/>\n<meta property=\"og:title\" content=\"Din lykke er v\u00e5rt m\u00e5l - Auglj\u00f3s\" \/>\n<meta property=\"og:description\" content=\"[mk_page_section layout_structure=&#8221;half_right&#8221; bg_image=&#8221;https:\/\/augljos.is\/wp-content\/uploads\/2018\/09\/lasik-bakgrunnur.jpg&#8221;][vc_column][vc_empty_space][vc_column_text css=&#8221;.vc_custom_1601903580742{margin-bottom: 0px !important;}&#8221;]Vi er aldri i en hast, tar v\u00e5r tid for at yte v\u00e5re tjenester og gj\u00f8re v\u00e5rt beste i \u00e5 lage din LASIK en minneverdig opplevelse. \u00c5relang erfaring V\u00e5rt kirurgiske team har utf\u00f8rt rundt 10.000 operasjoner siden \u00e5r 2001. Dette er verdifull erfaring til fordel for dine \u00f8yne. Avansert teknikk [&hellip;]\" \/>\n<meta property=\"og:url\" content=\"https:\/\/augljos.is\/da\/your-happiness-is-our-goal\/\" \/>\n<meta property=\"og:site_name\" content=\"Auglj\u00f3s\" \/>\n<meta property=\"article:modified_time\" content=\"2020-10-20T13:04:12+00:00\" \/>\n<meta name=\"twitter:card\" content=\"summary_large_image\" \/>\n<meta name=\"twitter:label1\" content=\"Estimeret l\u00e6setid\" \/>\n\t<meta name=\"twitter:data1\" content=\"1 minut\" \/>\n<script type=\"application\/ld+json\" class=\"yoast-schema-graph\">{\"@context\":\"https:\\\/\\\/schema.org\",\"@graph\":[{\"@type\":\"WebPage\",\"@id\":\"https:\\\/\\\/augljos.is\\\/da\\\/your-happiness-is-our-goal\\\/\",\"url\":\"https:\\\/\\\/augljos.is\\\/da\\\/your-happiness-is-our-goal\\\/\",\"name\":\"Din lykke er v\u00e5rt m\u00e5l - Auglj\u00f3s\",\"isPartOf\":{\"@id\":\"https:\\\/\\\/augljos.is\\\/da\\\/#website\"},\"datePublished\":\"2020-09-23T13:37:16+00:00\",\"dateModified\":\"2020-10-20T13:04:12+00:00\",\"breadcrumb\":{\"@id\":\"https:\\\/\\\/augljos.is\\\/da\\\/your-happiness-is-our-goal\\\/#breadcrumb\"},\"inLanguage\":\"da-DK\",\"potentialAction\":[{\"@type\":\"ReadAction\",\"target\":[\"https:\\\/\\\/augljos.is\\\/da\\\/your-happiness-is-our-goal\\\/\"]}]},{\"@type\":\"BreadcrumbList\",\"@id\":\"https:\\\/\\\/augljos.is\\\/da\\\/your-happiness-is-our-goal\\\/#breadcrumb\",\"itemListElement\":[{\"@type\":\"ListItem\",\"position\":1,\"name\":\"Home\",\"item\":\"https:\\\/\\\/augljos.is\\\/da\\\/\"},{\"@type\":\"ListItem\",\"position\":2,\"name\":\"Din lykke er v\u00e5rt m\u00e5l\"}]},{\"@type\":\"WebSite\",\"@id\":\"https:\\\/\\\/augljos.is\\\/da\\\/#website\",\"url\":\"https:\\\/\\\/augljos.is\\\/da\\\/\",\"name\":\"Auglj\u00f3s\",\"description\":\"Laseraugnl\u00e6kningar og almennar augnl\u00e6kningar\",\"potentialAction\":[{\"@type\":\"SearchAction\",\"target\":{\"@type\":\"EntryPoint\",\"urlTemplate\":\"https:\\\/\\\/augljos.is\\\/da\\\/?s={search_term_string}\"},\"query-input\":{\"@type\":\"PropertyValueSpecification\",\"valueRequired\":true,\"valueName\":\"search_term_string\"}}],\"inLanguage\":\"da-DK\"}]}<\/script>\n<!-- \/ Yoast SEO plugin. -->","yoast_head_json":{"title":"Din lykke er v\u00e5rt m\u00e5l - Auglj\u00f3s","robots":{"index":"index","follow":"follow","max-snippet":"max-snippet:-1","max-image-preview":"max-image-preview:large","max-video-preview":"max-video-preview:-1"},"canonical":"https:\/\/augljos.is\/da\/your-happiness-is-our-goal\/","og_locale":"da_DK","og_type":"article","og_title":"Din lykke er v\u00e5rt m\u00e5l - Auglj\u00f3s","og_description":"[mk_page_section layout_structure=&#8221;half_right&#8221; bg_image=&#8221;https:\/\/augljos.is\/wp-content\/uploads\/2018\/09\/lasik-bakgrunnur.jpg&#8221;][vc_column][vc_empty_space][vc_column_text css=&#8221;.vc_custom_1601903580742{margin-bottom: 0px !important;}&#8221;]Vi er aldri i en hast, tar v\u00e5r tid for at yte v\u00e5re tjenester og gj\u00f8re v\u00e5rt beste i \u00e5 lage din LASIK en minneverdig opplevelse. \u00c5relang erfaring V\u00e5rt kirurgiske team har utf\u00f8rt rundt 10.000 operasjoner siden \u00e5r 2001. Dette er verdifull erfaring til fordel for dine \u00f8yne. Avansert teknikk [&hellip;]","og_url":"https:\/\/augljos.is\/da\/your-happiness-is-our-goal\/","og_site_name":"Auglj\u00f3s","article_modified_time":"2020-10-20T13:04:12+00:00","twitter_card":"summary_large_image","twitter_misc":{"Estimeret l\u00e6setid":"1 minut"},"schema":{"@context":"https:\/\/schema.org","@graph":[{"@type":"WebPage","@id":"https:\/\/augljos.is\/da\/your-happiness-is-our-goal\/","url":"https:\/\/augljos.is\/da\/your-happiness-is-our-goal\/","name":"Din lykke er v\u00e5rt m\u00e5l - Auglj\u00f3s","isPartOf":{"@id":"https:\/\/augljos.is\/da\/#website"},"datePublished":"2020-09-23T13:37:16+00:00","dateModified":"2020-10-20T13:04:12+00:00","breadcrumb":{"@id":"https:\/\/augljos.is\/da\/your-happiness-is-our-goal\/#breadcrumb"},"inLanguage":"da-DK","potentialAction":[{"@type":"ReadAction","target":["https:\/\/augljos.is\/da\/your-happiness-is-our-goal\/"]}]},{"@type":"BreadcrumbList","@id":"https:\/\/augljos.is\/da\/your-happiness-is-our-goal\/#breadcrumb","itemListElement":[{"@type":"ListItem","position":1,"name":"Home","item":"https:\/\/augljos.is\/da\/"},{"@type":"ListItem","position":2,"name":"Din lykke er v\u00e5rt m\u00e5l"}]},{"@type":"WebSite","@id":"https:\/\/augljos.is\/da\/#website","url":"https:\/\/augljos.is\/da\/","name":"Auglj\u00f3s","description":"Laseraugnl\u00e6kningar og almennar augnl\u00e6kningar","potentialAction":[{"@type":"SearchAction","target":{"@type":"EntryPoint","urlTemplate":"https:\/\/augljos.is\/da\/?s={search_term_string}"},"query-input":{"@type":"PropertyValueSpecification","valueRequired":true,"valueName":"search_term_string"}}],"inLanguage":"da-DK"}]}},"_links":{"self":[{"href":"https:\/\/augljos.is\/da\/wp-json\/wp\/v2\/pages\/1220","targetHints":{"allow":["GET"]}}],"collection":[{"href":"https:\/\/augljos.is\/da\/wp-json\/wp\/v2\/pages"}],"about":[{"href":"https:\/\/augljos.is\/da\/wp-json\/wp\/v2\/types\/page"}],"author":[{"embeddable":true,"href":"https:\/\/augljos.is\/da\/wp-json\/wp\/v2\/users\/1"}],"replies":[{"embeddable":true,"href":"https:\/\/augljos.is\/da\/wp-json\/wp\/v2\/comments?post=1220"}],"version-history":[{"count":1,"href":"https:\/\/augljos.is\/da\/wp-json\/wp\/v2\/pages\/1220\/revisions"}],"predecessor-version":[{"id":1221,"href":"https:\/\/augljos.is\/da\/wp-json\/wp\/v2\/pages\/1220\/revisions\/1221"}],"wp:attachment":[{"href":"https:\/\/augljos.is\/da\/wp-json\/wp\/v2\/media?parent=1220"}],"curies":[{"name":"wp","href":"https:\/\/api.w.org\/{rel}","templated":true}]}}