{"id":1207,"date":"2020-09-23T13:39:13","date_gmt":"2020-09-23T13:39:13","guid":{"rendered":"https:\/\/augljos.is\/lasik\/"},"modified":"2020-10-20T13:03:45","modified_gmt":"2020-10-20T13:03:45","slug":"lasik","status":"publish","type":"page","link":"https:\/\/augljos.is\/da\/lasik\/","title":{"rendered":"LASIK"},"content":{"rendered":"<div class=\"wpb-content-wrapper\">[vc_row fullwidth=&#8221;true&#8221; fullwidth_content=&#8221;false&#8221; css=&#8221;.vc_custom_1521115951932{margin-top: 0px !important;margin-bottom: 0px !important;padding-top: 0px !important;padding-bottom: 0px !important;}&#8221;][vc_column][vc_empty_space height=&#8221;22px&#8221;][vc_wp_custommenu nav_menu=&#8221;22&#8243; el_class=&#8221;menu-klasi&#8221;][\/vc_column][\/vc_row][vc_row fullwidth=&#8221;true&#8221; fullwidth_content=&#8221;false&#8221; css=&#8221;.vc_custom_1521116635958{margin-top: -15px !important;margin-bottom: 0px !important;padding-top: 0px !important;padding-bottom: 0px !important;}&#8221;][vc_column css=&#8221;.vc_custom_1521116232944{margin-top: 0px !important;margin-bottom: 0px !important;padding-top: 0px !important;padding-bottom: 0px !important;}&#8221;][mk_divider style=&#8221;thin_solid&#8221; thin_single_color=&#8221;#e5e5e5&#8243; thickness=&#8221;2&#8243; margin_top=&#8221;0&#8243;][\/vc_column][\/vc_row][mk_page_section layout_structure=&#8221;half_right&#8221; bg_image=&#8221;https:\/\/augljos.is\/wp-content\/uploads\/2018\/09\/transprk-bakgrunnur.jpg&#8221; padding_top=&#8221;0&#8243; padding_bottom=&#8221;0&#8243;][vc_column][vc_empty_space height=&#8221;40px&#8221;][vc_column_text css=&#8221;.vc_custom_1601903185903{margin-bottom: 0px !important;}&#8221;]broytir hornhinnuna vi\u00f0 lasara<\/p>\n<p>Heimurin speglast \u00ed okkara eygum. Umlei\u00f0 80% av okkara sansing fer gj\u00f8gnum eyguni, og er ta\u00f0 t\u00ed ein fram\u00edhj\u00e1r\u00e6ttur at uppliva hetta uttan t\u00f8rv \u00e1 hj\u00e1lpart\u00f3lum.<\/p>\n<p>LASIK vi\u00f0ger\u00f0in var\u00f0ir bert \u00ed 10 minuttir og ger ta\u00f0 m\u00f8guligt at sleppa av vi\u00f0 brillur og kontaktlinsur.<\/p>\n<p>Undir vi\u00f0ger\u00f0ini lagar ein sera n\u00e1greinilig lasarstr\u00e1la yvirflatuna \u00e1 hornhinnuni solei\u00f0is, at lj\u00f3si\u00f0 mi\u00f0savnast\/fokuserar \u00e1 nethinnuna vi\u00f0 eini kl\u00e1rari mynd. Myndin ver\u00f0ur kn\u00edvsk\u00f8rp. Hetta s\u00fdnir okkum, hvussu st\u00f3ran t\u00fddning teldut\u00f8kni hevur havt fyri menningina av lj\u00f3sbroytandi \u2013refraktivari- skurvi\u00f0ger\u00f0, ein framfer\u00f0arh\u00e1ttur, i\u00f0 rakar ella h\u00f8lvar ein brotpart av einum millimetri av hornhinnuni, sum ger ta\u00f0 m\u00f8guligt at leggja brillur og kontaktlisur fr\u00e1 s\u00e6r og fata heimin gj\u00f8gnum eyguni uttan n\u00fdtslu av glasi, plasti ella silikoni.<\/p>\n<p>Um t\u00fa ynskir at koma ein t\u00far til \u00cdslands til eina lj\u00f3sbroytandi vi\u00f0ger\u00f0, kunnu vit vi\u00f0 eini kanning finna \u00fatav, um t\u00fa ert egna\u00f0\/ur. Um t\u00fa ert ta\u00f0, kunnu vit fremja vi\u00f0ger\u00f0ina[\/vc_column_text][vc_empty_space height=&#8221;40px&#8221;][\/vc_column][\/mk_page_section]\n<\/div>","protected":false},"excerpt":{"rendered":"<p>[vc_row fullwidth=&#8221;true&#8221; fullwidth_content=&#8221;false&#8221; css=&#8221;.vc_custom_1521115951932{margin-top: 0px !important;margin-bottom: 0px !important;padding-top: 0px !important;padding-bottom: 0px !important;}&#8221;][vc_column][vc_empty_space height=&#8221;22px&#8221;][vc_wp_custommenu nav_menu=&#8221;22&#8243; el_class=&#8221;menu-klasi&#8221;][\/vc_column][\/vc_row][vc_row fullwidth=&#8221;true&#8221; fullwidth_content=&#8221;false&#8221; css=&#8221;.vc_custom_1521116635958{margin-top: -15px !important;margin-bottom: 0px !important;padding-top: 0px !important;padding-bottom: 0px !important;}&#8221;][vc_column css=&#8221;.vc_custom_1521116232944{margin-top: 0px !important;margin-bottom: 0px !important;padding-top: 0px !important;padding-bottom: 0px !important;}&#8221;][mk_divider style=&#8221;thin_solid&#8221; thin_single_color=&#8221;#e5e5e5&#8243; thickness=&#8221;2&#8243; margin_top=&#8221;0&#8243;][\/vc_column][\/vc_row][mk_page_section layout_structure=&#8221;half_right&#8221; bg_image=&#8221;https:\/\/augljos.is\/wp-content\/uploads\/2018\/09\/transprk-bakgrunnur.jpg&#8221; padding_top=&#8221;0&#8243; padding_bottom=&#8221;0&#8243;][vc_column][vc_empty_space height=&#8221;40px&#8221;][vc_column_text css=&#8221;.vc_custom_1601903185903{margin-bottom: 0px !important;}&#8221;]broytir hornhinnuna vi\u00f0 lasara Heimurin speglast \u00ed okkara eygum. [&hellip;]<\/p>\n","protected":false},"author":1,"featured_media":0,"parent":0,"menu_order":0,"comment_status":"closed","ping_status":"closed","template":"","meta":{"_monsterinsights_skip_tracking":false,"_monsterinsights_sitenote_active":false,"_monsterinsights_sitenote_note":"","_monsterinsights_sitenote_category":0,"footnotes":""},"class_list":["post-1207","page","type-page","status-publish","hentry"],"yoast_head":"<!-- This site is optimized with the Yoast SEO plugin v27.3 - https:\/\/yoast.com\/product\/yoast-seo-wordpress\/ -->\n<title>LASIK - Auglj\u00f3s<\/title>\n<meta name=\"robots\" content=\"index, follow, max-snippet:-1, max-image-preview:large, max-video-preview:-1\" \/>\n<link rel=\"canonical\" href=\"https:\/\/augljos.is\/da\/lasik\/\" \/>\n<meta property=\"og:locale\" content=\"da_DK\" \/>\n<meta property=\"og:type\" content=\"article\" \/>\n<meta property=\"og:title\" content=\"LASIK - Auglj\u00f3s\" \/>\n<meta property=\"og:description\" content=\"[vc_row fullwidth=&#8221;true&#8221; fullwidth_content=&#8221;false&#8221; css=&#8221;.vc_custom_1521115951932{margin-top: 0px !important;margin-bottom: 0px !important;padding-top: 0px !important;padding-bottom: 0px !important;}&#8221;][vc_column][vc_empty_space height=&#8221;22px&#8221;][vc_wp_custommenu nav_menu=&#8221;22&#8243; el_class=&#8221;menu-klasi&#8221;][\/vc_column][\/vc_row][vc_row fullwidth=&#8221;true&#8221; fullwidth_content=&#8221;false&#8221; css=&#8221;.vc_custom_1521116635958{margin-top: -15px !important;margin-bottom: 0px !important;padding-top: 0px !important;padding-bottom: 0px !important;}&#8221;][vc_column css=&#8221;.vc_custom_1521116232944{margin-top: 0px !important;margin-bottom: 0px !important;padding-top: 0px !important;padding-bottom: 0px !important;}&#8221;][mk_divider style=&#8221;thin_solid&#8221; thin_single_color=&#8221;#e5e5e5&#8243; thickness=&#8221;2&#8243; margin_top=&#8221;0&#8243;][\/vc_column][\/vc_row][mk_page_section layout_structure=&#8221;half_right&#8221; bg_image=&#8221;https:\/\/augljos.is\/wp-content\/uploads\/2018\/09\/transprk-bakgrunnur.jpg&#8221; padding_top=&#8221;0&#8243; padding_bottom=&#8221;0&#8243;][vc_column][vc_empty_space height=&#8221;40px&#8221;][vc_column_text css=&#8221;.vc_custom_1601903185903{margin-bottom: 0px !important;}&#8221;]broytir hornhinnuna vi\u00f0 lasara Heimurin speglast \u00ed okkara eygum. [&hellip;]\" \/>\n<meta property=\"og:url\" content=\"https:\/\/augljos.is\/da\/lasik\/\" \/>\n<meta property=\"og:site_name\" content=\"Auglj\u00f3s\" \/>\n<meta property=\"article:modified_time\" content=\"2020-10-20T13:03:45+00:00\" \/>\n<meta name=\"twitter:card\" content=\"summary_large_image\" \/>\n<meta name=\"twitter:label1\" content=\"Estimeret l\u00e6setid\" \/>\n\t<meta name=\"twitter:data1\" content=\"2 minutter\" \/>\n<script type=\"application\/ld+json\" class=\"yoast-schema-graph\">{\"@context\":\"https:\\\/\\\/schema.org\",\"@graph\":[{\"@type\":\"WebPage\",\"@id\":\"https:\\\/\\\/augljos.is\\\/da\\\/lasik\\\/\",\"url\":\"https:\\\/\\\/augljos.is\\\/da\\\/lasik\\\/\",\"name\":\"LASIK - Auglj\u00f3s\",\"isPartOf\":{\"@id\":\"https:\\\/\\\/augljos.is\\\/da\\\/#website\"},\"datePublished\":\"2020-09-23T13:39:13+00:00\",\"dateModified\":\"2020-10-20T13:03:45+00:00\",\"breadcrumb\":{\"@id\":\"https:\\\/\\\/augljos.is\\\/da\\\/lasik\\\/#breadcrumb\"},\"inLanguage\":\"da-DK\",\"potentialAction\":[{\"@type\":\"ReadAction\",\"target\":[\"https:\\\/\\\/augljos.is\\\/da\\\/lasik\\\/\"]}]},{\"@type\":\"BreadcrumbList\",\"@id\":\"https:\\\/\\\/augljos.is\\\/da\\\/lasik\\\/#breadcrumb\",\"itemListElement\":[{\"@type\":\"ListItem\",\"position\":1,\"name\":\"Home\",\"item\":\"https:\\\/\\\/augljos.is\\\/da\\\/\"},{\"@type\":\"ListItem\",\"position\":2,\"name\":\"LASIK\"}]},{\"@type\":\"WebSite\",\"@id\":\"https:\\\/\\\/augljos.is\\\/da\\\/#website\",\"url\":\"https:\\\/\\\/augljos.is\\\/da\\\/\",\"name\":\"Auglj\u00f3s\",\"description\":\"Laseraugnl\u00e6kningar og almennar augnl\u00e6kningar\",\"potentialAction\":[{\"@type\":\"SearchAction\",\"target\":{\"@type\":\"EntryPoint\",\"urlTemplate\":\"https:\\\/\\\/augljos.is\\\/da\\\/?s={search_term_string}\"},\"query-input\":{\"@type\":\"PropertyValueSpecification\",\"valueRequired\":true,\"valueName\":\"search_term_string\"}}],\"inLanguage\":\"da-DK\"}]}<\/script>\n<!-- \/ Yoast SEO plugin. -->","yoast_head_json":{"title":"LASIK - Auglj\u00f3s","robots":{"index":"index","follow":"follow","max-snippet":"max-snippet:-1","max-image-preview":"max-image-preview:large","max-video-preview":"max-video-preview:-1"},"canonical":"https:\/\/augljos.is\/da\/lasik\/","og_locale":"da_DK","og_type":"article","og_title":"LASIK - Auglj\u00f3s","og_description":"[vc_row fullwidth=&#8221;true&#8221; fullwidth_content=&#8221;false&#8221; css=&#8221;.vc_custom_1521115951932{margin-top: 0px !important;margin-bottom: 0px !important;padding-top: 0px !important;padding-bottom: 0px !important;}&#8221;][vc_column][vc_empty_space height=&#8221;22px&#8221;][vc_wp_custommenu nav_menu=&#8221;22&#8243; el_class=&#8221;menu-klasi&#8221;][\/vc_column][\/vc_row][vc_row fullwidth=&#8221;true&#8221; fullwidth_content=&#8221;false&#8221; css=&#8221;.vc_custom_1521116635958{margin-top: -15px !important;margin-bottom: 0px !important;padding-top: 0px !important;padding-bottom: 0px !important;}&#8221;][vc_column css=&#8221;.vc_custom_1521116232944{margin-top: 0px !important;margin-bottom: 0px !important;padding-top: 0px !important;padding-bottom: 0px !important;}&#8221;][mk_divider style=&#8221;thin_solid&#8221; thin_single_color=&#8221;#e5e5e5&#8243; thickness=&#8221;2&#8243; margin_top=&#8221;0&#8243;][\/vc_column][\/vc_row][mk_page_section layout_structure=&#8221;half_right&#8221; bg_image=&#8221;https:\/\/augljos.is\/wp-content\/uploads\/2018\/09\/transprk-bakgrunnur.jpg&#8221; padding_top=&#8221;0&#8243; padding_bottom=&#8221;0&#8243;][vc_column][vc_empty_space height=&#8221;40px&#8221;][vc_column_text css=&#8221;.vc_custom_1601903185903{margin-bottom: 0px !important;}&#8221;]broytir hornhinnuna vi\u00f0 lasara Heimurin speglast \u00ed okkara eygum. [&hellip;]","og_url":"https:\/\/augljos.is\/da\/lasik\/","og_site_name":"Auglj\u00f3s","article_modified_time":"2020-10-20T13:03:45+00:00","twitter_card":"summary_large_image","twitter_misc":{"Estimeret l\u00e6setid":"2 minutter"},"schema":{"@context":"https:\/\/schema.org","@graph":[{"@type":"WebPage","@id":"https:\/\/augljos.is\/da\/lasik\/","url":"https:\/\/augljos.is\/da\/lasik\/","name":"LASIK - Auglj\u00f3s","isPartOf":{"@id":"https:\/\/augljos.is\/da\/#website"},"datePublished":"2020-09-23T13:39:13+00:00","dateModified":"2020-10-20T13:03:45+00:00","breadcrumb":{"@id":"https:\/\/augljos.is\/da\/lasik\/#breadcrumb"},"inLanguage":"da-DK","potentialAction":[{"@type":"ReadAction","target":["https:\/\/augljos.is\/da\/lasik\/"]}]},{"@type":"BreadcrumbList","@id":"https:\/\/augljos.is\/da\/lasik\/#breadcrumb","itemListElement":[{"@type":"ListItem","position":1,"name":"Home","item":"https:\/\/augljos.is\/da\/"},{"@type":"ListItem","position":2,"name":"LASIK"}]},{"@type":"WebSite","@id":"https:\/\/augljos.is\/da\/#website","url":"https:\/\/augljos.is\/da\/","name":"Auglj\u00f3s","description":"Laseraugnl\u00e6kningar og almennar augnl\u00e6kningar","potentialAction":[{"@type":"SearchAction","target":{"@type":"EntryPoint","urlTemplate":"https:\/\/augljos.is\/da\/?s={search_term_string}"},"query-input":{"@type":"PropertyValueSpecification","valueRequired":true,"valueName":"search_term_string"}}],"inLanguage":"da-DK"}]}},"_links":{"self":[{"href":"https:\/\/augljos.is\/da\/wp-json\/wp\/v2\/pages\/1207","targetHints":{"allow":["GET"]}}],"collection":[{"href":"https:\/\/augljos.is\/da\/wp-json\/wp\/v2\/pages"}],"about":[{"href":"https:\/\/augljos.is\/da\/wp-json\/wp\/v2\/types\/page"}],"author":[{"embeddable":true,"href":"https:\/\/augljos.is\/da\/wp-json\/wp\/v2\/users\/1"}],"replies":[{"embeddable":true,"href":"https:\/\/augljos.is\/da\/wp-json\/wp\/v2\/comments?post=1207"}],"version-history":[{"count":2,"href":"https:\/\/augljos.is\/da\/wp-json\/wp\/v2\/pages\/1207\/revisions"}],"predecessor-version":[{"id":1209,"href":"https:\/\/augljos.is\/da\/wp-json\/wp\/v2\/pages\/1207\/revisions\/1209"}],"wp:attachment":[{"href":"https:\/\/augljos.is\/da\/wp-json\/wp\/v2\/media?parent=1207"}],"curies":[{"name":"wp","href":"https:\/\/api.w.org\/{rel}","templated":true}]}}