{"id":1205,"date":"2020-09-23T13:33:22","date_gmt":"2020-09-23T13:33:22","guid":{"rendered":"https:\/\/augljos.is\/information-on-the-lasik-procedure\/"},"modified":"2020-10-20T13:06:38","modified_gmt":"2020-10-20T13:06:38","slug":"information-on-the-lasik-procedure","status":"publish","type":"page","link":"https:\/\/augljos.is\/da\/information-on-the-lasik-procedure\/","title":{"rendered":"Informasjon om LASIK prosedyren"},"content":{"rendered":"<div class=\"wpb-content-wrapper\">[vc_row fullwidth=&#8221;true&#8221; fullwidth_content=&#8221;false&#8221; css=&#8221;.vc_custom_1521115951932{margin-top: 0px !important;margin-bottom: 0px !important;padding-top: 0px !important;padding-bottom: 0px !important;}&#8221;][vc_column][vc_empty_space height=&#8221;22px&#8221;][vc_wp_custommenu nav_menu=&#8221;22&#8243; el_class=&#8221;menu-klasi&#8221;][\/vc_column][\/vc_row][vc_row fullwidth=&#8221;true&#8221; fullwidth_content=&#8221;false&#8221; css=&#8221;.vc_custom_1521116635958{margin-top: -15px !important;margin-bottom: 0px !important;padding-top: 0px !important;padding-bottom: 0px !important;}&#8221;][vc_column css=&#8221;.vc_custom_1521116232944{margin-top: 0px !important;margin-bottom: 0px !important;padding-top: 0px !important;padding-bottom: 0px !important;}&#8221;][mk_divider style=&#8221;thin_solid&#8221; thin_single_color=&#8221;#e5e5e5&#8243; thickness=&#8221;2&#8243; margin_top=&#8221;0&#8243;][\/vc_column][\/vc_row][vc_row][vc_column][vc_column_text css=&#8221;.vc_custom_1601463582913{margin-bottom: 0px !important;}&#8221;]<strong>Auglj\u00f3s refraktiv kirurgi Klinikk<\/strong><br \/>\n<strong>Informasjon om LASIK prosedyren<\/strong><br \/>\n<strong>Vennligst les dette n\u00f8ye f\u00f8r operasjonen utf\u00f8res.<\/strong><\/p>\n<p>Dr. Kristinsson p\u00e5 Auglj\u00f3s Refactive Surgery Center har utf\u00f8rt laser refraktiv kirurgi siden \u00e5rhundreskiftet. Tusenvis av pasienter har opplevd nyt syn og nye muligheter i livet uten hjelpemidler av briller eller kontaktlinser. Vi tilbyr bare de aller beste innen teknologi og pasientbehandling. V\u00e5rt personale snakker skandinavisk flytende og v\u00e5r service er uovertruffen. Vi personlig garanterer deg at v\u00e5r laser refraktive behandling er uten sidestykke, og vil gj\u00f8re alt for \u00e5 gj\u00f8re ditt bes\u00f8k til v\u00e5r \u00f8yeklinikk en minneverdig opplevelse.<\/p>\n<h2>Auglj\u00f3s syns korreksjon<\/h2>\n<p>LASIK og andre former for refraktiv laser behandlinger bruker pulser av usynlig, ultrafiolett lys for \u00e5 fjerne sv\u00e6rt tynt lag fra overflaten av \u00f8yet, og derved endre krumningen av hornhinnen. For \u00e5 korrigere n\u00e6rsynthet m\u00e5 krumningen av hornhinnen reduseres, noe som betyr at hornhinnen m\u00e5 bli flatere. For \u00e5 korrigere lansynhet m\u00e5 krumningen av den sentrale hornhinnen \u00f8kes, som oppn\u00e5s ved \u00e5 fjerne en \u201csmultring\u201d formet ring av vev. For \u00e5 korrigere astigmatisme m\u00e5 krumningen endres i en bestemt retning.<\/p>\n<p>Bare en meget liten mengde materiale er fjernet, vanligvis mindre enn tykkelsen av et h\u00e5r. Lavere mengder av n\u00e6rsynthet, langsynthet eller astigmatisme vil kreve mindre mengder vev fjerning, og st\u00f8rre korreksjoner vil kreve st\u00f8rre mengder. Den totale behandling tar vanligvis mindre enn ett minutt av faktisk laser tid. Den totale tid av operasjonen er vanligvis under fem minutter hvert \u00f8ye.<\/p>\n<p>En datamaskin som kj\u00f8rer spesialisert programvare fastsetter n\u00f8yaktig m\u00f8nster av pulser som trengs for \u00e5 fjerne den riktige mengden av hornhinnevev. Datamaskinen styrer ogs\u00e5 den faktiske operasjon av laser-systemet.<\/p>\n<p>Det finnes flere varianter av laser synskorreksjon, som hver har sine fordeler og ulemper. Vi vil diskutere din situasjon med deg etter at vi har tatt din personlige historie og utf\u00f8rt m\u00e5linger og beregninger.<\/p>\n<p>LASIK (Laser In-situ Keratomileusis). Dette er v\u00e5r vanligste typen behandling, som er over 90% av operasjonene.<\/p>\n<p>En beskyttende klaff er laget ved hjelp av keratome. Behandlingen p\u00e5f\u00f8res deretter under det beskyttende klaff. LASIK behandling \u00e5pner for den mest rask visuell utvinning. Begge \u00f8yne behandles vanligvis samtidig. Postoperativt, vil \u00f8ynene komme seg raskt, vanligvis med en synsskarphet p\u00e5 6\/6 eller bedre dagen etter, uten korrigerende linser.<\/p>\n<p>I tillegg tilbyr vi b\u00e5de s\u00e5kalte konvensjonelle og tilpasset behandling (wavefront eller tredje generasjons laser) p\u00e5 v\u00e5re pasienter. Beslutningen om hvilken behandling som skal brukes, er basert p\u00e5 v\u00e5r grundige unders\u00f8kelse av pasienter.<\/p>\n<p>Vi tilbyr behandling med en 2012 utgave av den anerkjente Schwind Amaris, en top-of-the-line refraktiv laser, med en to-fold reduksjon av kirurgi tid, 5D laser sporing mekanisme og 1 kHz sporing hastighet samt spesielle p\u00e5 Eylight (Auglj\u00f3s)hornhinnen varmespredende laser distribusjon.<\/p>\n<p>Eylight (Auglj\u00f3s) Laser Center tilbyr ogs\u00e5 den siste prosedyren for de som liker \u00e5 redusere behovet for lesebriller, den s\u00e5kalte PRESBYMAX. I mange \u00e5r til \u00e5 gj\u00f8re s\u00e5 har v\u00e6rt bruken av monosyn terapi, med det ikke-dominerende \u00f8yet igjen med -0,75 D og benyttes for lesing og det andre \u00f8yet korrigeret fullt ut og brukt for synet. Men dette systemet bare tillatte en sv\u00e6rt begrenset reduksjon i avhengighet av lesebriller. Med den nyeste laserteknologien, har det blitt fremskritt mot \u00e5 gj\u00f8re hornhinnen multifokal, og dermed forbedre lese evner av \u00f8yet uten \u00e5 redusere avstands synsskarphet. Auglj\u00f3s Eye Center er det f\u00f8rste laser senter der kan tilby PRESBYMAX, en multifokal hornhinne laser behandling, som prim\u00e6rt styres mot pasienter over 45 \u00e5r. If\u00f8lge nyere forskning p\u00e5 effekter av Presbymax, er at en pasient som gjennomg\u00e5r Presbymax prosedyren er mindre avhengig av lesebriller enn pasienter som har gjennomg\u00e5tt monovision terapi.<\/p>\n<p>Vi er stolte av \u00e5 kunne tilby cutting edge laser refraktiv kirurgi til en sv\u00e6rt konkurransedyktig pris, som er blant de laveste som tilbys i de nordiske landene, selv n\u00e5r man korrigerer for utvekslings forskjellen.<\/p>\n<h2>Resultater<\/h2>\n<p>Det store flertallet av pasientene trenger ikke lenger briller eller kontaktlinser for avstands visjon etter laser synskorreksjons behandling. Nesten alle pasienter som har laser synskorreksjon ser bedre uten briller etter inngrepet. Etter behandling, vil 98% av pasientene ha 6\/7, 5 eller bedre syn uten briller, og 99% vil ha 6\/12 eller bedre syn uten briller. For \u00e5 sette ting i perspektiv 6\/12 visjon er god nok til \u00e5 passere f\u00f8rerens sikt test uten briller.<\/p>\n<p>Ved behov, kan resultatene bli ytterligere forbedret gjennom en gjentakelse av laser behandlingen og det er ingen ekstra avgift for \u00e5 ha en \u201ctouch-up\u201d prosedyre. Vi utf\u00f8rer \u201ctouch-up\u201d i ca 3-5% av v\u00e5re pasienter.<\/p>\n<p>Selvf\u00f8lgelig, er disse resultatene sv\u00e6rt imponerende. Det er umulig \u00e5 n\u00f8yaktig fortelle deg p\u00e5 forh\u00e5nd hva resultatene blir. Som med alt i livet, kan ingen garantier gj\u00f8res om utfallet av laser synskorreksjon i noen enkelte tilfelle, fordi hver person reagerer p\u00e5 en litt forskjellig m\u00e5te. Hvis du bare vil v\u00e6re forn\u00f8yd med \u201cperfekt\u201d 6\/6 syn uten briller etter laserbehandling, ville vi r\u00e5de deg til ikke \u00e5 ha kirurgi utf\u00f8rt.<\/p>\n<p>Kvaliteten p\u00e5 visjonen f\u00f8lgende laser synskorreksjon er vanligvis bedre enn syn med kontaktlinser eller briller. Pasienter generelt har mindre gjenskinn enn de hadde med kontaktlinser, og selvf\u00f8lgelig det inntrufne og ubehag av kontaktlinser er eliminert. Side visjon ikke er svekket, som det er med briller, og det er ikke lenger problemet med skitne, t\u00e5kete, v\u00e5te eller ripete briller.<\/p>\n<h2>Etter opreasjonen<\/h2>\n<p>Etter LASIK prosedyre, kan du f\u00f8le irritasjon i \u00f8yet eller en f\u00f8lelse av fremmedlegeme, eller \u00f8yet kan fremkalle t\u00e5rer i noen timer. Hvis du opplever ubehag, kan legen foresl\u00e5 at du tar en mild smerte reliever. De fleste pasienter er ganske komfortable etter \u00e5 ha tatt en kort lur mens if\u00f8rt beskyttende \u00f8ye skjold. Noen LASIK pasienter kan ha \u00f8ye skjold mens de sover i l\u00f8pet av de f\u00f8rste dagene.<\/p>\n<p>Ikke gni \u00f8ynene under den tidlige forbedrings fase. Det er ikke uvanlig for t\u00f8rrhet i \u00f8ynene dine til \u00e5 vare i flere dager. Hos noen pasienter kan dette v\u00e6re lengre.<\/p>\n<p>LASIK pasienter m\u00e5 sove med beskyttelsesbrillene vi leverer etter operasjonen for fire netter etter inngrepet<\/p>\n<h2>Tilbake til normale aktiviteter<\/h2>\n<p>Mange pasienter er tilbake i jobb en dag eller to etter prosedyren. Du m\u00e5 f\u00f8lge de restriksjoner som er nevnt nedenfor. Ellers, s\u00e5 lenge du f\u00f8lger legens anvisninger, b\u00f8r du v\u00e6re fri til \u00e5 gjenoppta alle normale aktiviteter.<\/p>\n<ul>\n<li>Vent en hel dag f\u00f8r du tar en dusj. V\u00e6r forsiktig s\u00e5 du ikke f\u00e5r sjampo eller s\u00e5pe i \u00f8ynene<\/li>\n<li>Vent en dag til en uke, slik legen forteller, f\u00f8r du fortsetter kj\u00f8ring<\/li>\n<li>Bruk solbriller i sterkt sollys for de f\u00f8rste dagene<\/li>\n<li>Les og se p\u00e5 TV i moderering de f\u00f8rste dagene<\/li>\n<li>Ikke bruke \u00f8ye makeup for fire dager<\/li>\n<li>Ikke gni \u00f8ynene for en uke<\/li>\n<li>Ikke trene for en uke<\/li>\n<li>Unng\u00e5 sv\u00f8mming, badestamper og boblebad for to uker<\/li>\n<li>Unng\u00e5 hagearbeid og st\u00f8vete milj\u00f8er for en uke<\/li>\n<li>Unng\u00e5 kontakt sport som kan resultere i en \u00f8yeskade i to uker<\/li>\n<\/ul>\n<h2>Sikkerhetssp\u00f8rsm\u00e5l<\/h2>\n<p>Et av sp\u00f8rsm\u00e5lene vi f\u00e5r er: \u201cEr LASIK en trygg prosedyre?\u201d Svaret p\u00e5 dette er ganske enkelt: Ja. Ingenting i livet er 100% sikker, men i forhold til mange kirurgiske prosedyrer, og faktisk aktiviteter vi utf\u00f8rer i v\u00e5rt daglige liv, er dette en sikker prosedyre med enhver m\u00e5lestokk. De fleste problemer etter operasjonen, som t\u00f8rre \u00f8yne, nattsyn problemer, lysgl\u00f8d og lys-stjerne forsvinne i l\u00f8pet av f\u00e5 uker eller m\u00e5neder etter prosedyren. Hvis re-behandling er n\u00f8dvendig for svak under-eller over korreksjon, kan dette vanligvis lett behandles ved \u00e5 l\u00f8fte den eksisterende klaff etterfulgt av en kort laserbehandling. Etter en vellykket operasjon foretas den viktigste unders\u00f8kelsen dagen etter. Vi tilbyr ogs\u00e5 unders\u00f8kelser 2 uker og 6 m\u00e5neder etter operasjonen. Alternativt foresl\u00e5r vi at en pasient som ikke kan gjennomg\u00e5 unders\u00f8kelse ved v\u00e5r klinikk blir sett av en \u00f8yelege i hans \/ hennes land 2 uker og 6 m\u00e5neder etter operasjonen. Noen ganger kan vi tilby \u00e5 plassere sm\u00e5 silikon plugger i lacrimal duct \u00e5pninger for \u00e5 \u00f8ke mengden av t\u00e5rer i \u00f8ynene. Alle unders\u00f8kelser hos oss er inkludert inntil 1 \u00e5r etter operasjonen. Silikon plugger, hvis det er n\u00f8dvendig, er imidlertid ikke inkludert.<\/p>\n<p>I tillegg tilbyr vi en 3 \u00e5rs garanti p\u00e5 v\u00e5r klinikk. Vi lover at hvis det er n\u00f8dvendig, kan du ha en forbedrings laser refraktiv kirurgi utf\u00f8rt uten ekstra kostnad.<\/p>\n<p>Postoperativt, er det sv\u00e6rt viktig at du kontakter oss umiddelbart hvis du har noen problemer, sp\u00f8rsm\u00e5l eller bekymringer. Du kan ringe oss gjennom hot line +354 898 3288 v\u00e5r klinikk +354 414 7000 eller via e-post <a href=\"mailto:johannes@augljos.is\">johannes@augljos.is<\/a>[\/vc_column_text][\/vc_column][\/vc_row]\n<\/div>","protected":false},"excerpt":{"rendered":"<p>[vc_row fullwidth=&#8221;true&#8221; fullwidth_content=&#8221;false&#8221; css=&#8221;.vc_custom_1521115951932{margin-top: 0px !important;margin-bottom: 0px !important;padding-top: 0px !important;padding-bottom: 0px !important;}&#8221;][vc_column][vc_empty_space height=&#8221;22px&#8221;][vc_wp_custommenu nav_menu=&#8221;22&#8243; el_class=&#8221;menu-klasi&#8221;][\/vc_column][\/vc_row][vc_row fullwidth=&#8221;true&#8221; fullwidth_content=&#8221;false&#8221; css=&#8221;.vc_custom_1521116635958{margin-top: -15px !important;margin-bottom: 0px !important;padding-top: 0px !important;padding-bottom: 0px !important;}&#8221;][vc_column css=&#8221;.vc_custom_1521116232944{margin-top: 0px !important;margin-bottom: 0px !important;padding-top: 0px !important;padding-bottom: 0px !important;}&#8221;][mk_divider style=&#8221;thin_solid&#8221; thin_single_color=&#8221;#e5e5e5&#8243; thickness=&#8221;2&#8243; margin_top=&#8221;0&#8243;][\/vc_column][\/vc_row][vc_row][vc_column][vc_column_text css=&#8221;.vc_custom_1601463582913{margin-bottom: 0px !important;}&#8221;]Auglj\u00f3s refraktiv kirurgi Klinikk Informasjon om LASIK prosedyren Vennligst les dette n\u00f8ye f\u00f8r operasjonen [&hellip;]<\/p>\n","protected":false},"author":1,"featured_media":0,"parent":0,"menu_order":0,"comment_status":"closed","ping_status":"closed","template":"","meta":{"_monsterinsights_skip_tracking":false,"_monsterinsights_sitenote_active":false,"_monsterinsights_sitenote_note":"","_monsterinsights_sitenote_category":0,"footnotes":""},"class_list":["post-1205","page","type-page","status-publish","hentry"],"yoast_head":"<!-- This site is optimized with the Yoast SEO plugin v27.3 - https:\/\/yoast.com\/product\/yoast-seo-wordpress\/ -->\n<title>Informasjon om LASIK prosedyren - Auglj\u00f3s<\/title>\n<meta name=\"robots\" content=\"index, follow, max-snippet:-1, max-image-preview:large, max-video-preview:-1\" \/>\n<link rel=\"canonical\" href=\"https:\/\/augljos.is\/da\/information-on-the-lasik-procedure\/\" \/>\n<meta property=\"og:locale\" content=\"da_DK\" \/>\n<meta property=\"og:type\" content=\"article\" \/>\n<meta property=\"og:title\" content=\"Informasjon om LASIK prosedyren - Auglj\u00f3s\" \/>\n<meta property=\"og:description\" content=\"[vc_row fullwidth=&#8221;true&#8221; fullwidth_content=&#8221;false&#8221; css=&#8221;.vc_custom_1521115951932{margin-top: 0px !important;margin-bottom: 0px !important;padding-top: 0px !important;padding-bottom: 0px !important;}&#8221;][vc_column][vc_empty_space height=&#8221;22px&#8221;][vc_wp_custommenu nav_menu=&#8221;22&#8243; el_class=&#8221;menu-klasi&#8221;][\/vc_column][\/vc_row][vc_row fullwidth=&#8221;true&#8221; fullwidth_content=&#8221;false&#8221; css=&#8221;.vc_custom_1521116635958{margin-top: -15px !important;margin-bottom: 0px !important;padding-top: 0px !important;padding-bottom: 0px !important;}&#8221;][vc_column css=&#8221;.vc_custom_1521116232944{margin-top: 0px !important;margin-bottom: 0px !important;padding-top: 0px !important;padding-bottom: 0px !important;}&#8221;][mk_divider style=&#8221;thin_solid&#8221; thin_single_color=&#8221;#e5e5e5&#8243; thickness=&#8221;2&#8243; margin_top=&#8221;0&#8243;][\/vc_column][\/vc_row][vc_row][vc_column][vc_column_text css=&#8221;.vc_custom_1601463582913{margin-bottom: 0px !important;}&#8221;]Auglj\u00f3s refraktiv kirurgi Klinikk Informasjon om LASIK prosedyren Vennligst les dette n\u00f8ye f\u00f8r operasjonen [&hellip;]\" \/>\n<meta property=\"og:url\" content=\"https:\/\/augljos.is\/da\/information-on-the-lasik-procedure\/\" \/>\n<meta property=\"og:site_name\" content=\"Auglj\u00f3s\" \/>\n<meta property=\"article:modified_time\" content=\"2020-10-20T13:06:38+00:00\" \/>\n<meta name=\"twitter:card\" content=\"summary_large_image\" \/>\n<meta name=\"twitter:label1\" content=\"Estimeret l\u00e6setid\" \/>\n\t<meta name=\"twitter:data1\" content=\"8 minutter\" \/>\n<script type=\"application\/ld+json\" class=\"yoast-schema-graph\">{\"@context\":\"https:\\\/\\\/schema.org\",\"@graph\":[{\"@type\":\"WebPage\",\"@id\":\"https:\\\/\\\/augljos.is\\\/da\\\/information-on-the-lasik-procedure\\\/\",\"url\":\"https:\\\/\\\/augljos.is\\\/da\\\/information-on-the-lasik-procedure\\\/\",\"name\":\"Informasjon om LASIK prosedyren - Auglj\u00f3s\",\"isPartOf\":{\"@id\":\"https:\\\/\\\/augljos.is\\\/da\\\/#website\"},\"datePublished\":\"2020-09-23T13:33:22+00:00\",\"dateModified\":\"2020-10-20T13:06:38+00:00\",\"breadcrumb\":{\"@id\":\"https:\\\/\\\/augljos.is\\\/da\\\/information-on-the-lasik-procedure\\\/#breadcrumb\"},\"inLanguage\":\"da-DK\",\"potentialAction\":[{\"@type\":\"ReadAction\",\"target\":[\"https:\\\/\\\/augljos.is\\\/da\\\/information-on-the-lasik-procedure\\\/\"]}]},{\"@type\":\"BreadcrumbList\",\"@id\":\"https:\\\/\\\/augljos.is\\\/da\\\/information-on-the-lasik-procedure\\\/#breadcrumb\",\"itemListElement\":[{\"@type\":\"ListItem\",\"position\":1,\"name\":\"Home\",\"item\":\"https:\\\/\\\/augljos.is\\\/da\\\/\"},{\"@type\":\"ListItem\",\"position\":2,\"name\":\"Informasjon om LASIK prosedyren\"}]},{\"@type\":\"WebSite\",\"@id\":\"https:\\\/\\\/augljos.is\\\/da\\\/#website\",\"url\":\"https:\\\/\\\/augljos.is\\\/da\\\/\",\"name\":\"Auglj\u00f3s\",\"description\":\"Laseraugnl\u00e6kningar og almennar augnl\u00e6kningar\",\"potentialAction\":[{\"@type\":\"SearchAction\",\"target\":{\"@type\":\"EntryPoint\",\"urlTemplate\":\"https:\\\/\\\/augljos.is\\\/da\\\/?s={search_term_string}\"},\"query-input\":{\"@type\":\"PropertyValueSpecification\",\"valueRequired\":true,\"valueName\":\"search_term_string\"}}],\"inLanguage\":\"da-DK\"}]}<\/script>\n<!-- \/ Yoast SEO plugin. -->","yoast_head_json":{"title":"Informasjon om LASIK prosedyren - Auglj\u00f3s","robots":{"index":"index","follow":"follow","max-snippet":"max-snippet:-1","max-image-preview":"max-image-preview:large","max-video-preview":"max-video-preview:-1"},"canonical":"https:\/\/augljos.is\/da\/information-on-the-lasik-procedure\/","og_locale":"da_DK","og_type":"article","og_title":"Informasjon om LASIK prosedyren - Auglj\u00f3s","og_description":"[vc_row fullwidth=&#8221;true&#8221; fullwidth_content=&#8221;false&#8221; css=&#8221;.vc_custom_1521115951932{margin-top: 0px !important;margin-bottom: 0px !important;padding-top: 0px !important;padding-bottom: 0px !important;}&#8221;][vc_column][vc_empty_space height=&#8221;22px&#8221;][vc_wp_custommenu nav_menu=&#8221;22&#8243; el_class=&#8221;menu-klasi&#8221;][\/vc_column][\/vc_row][vc_row fullwidth=&#8221;true&#8221; fullwidth_content=&#8221;false&#8221; css=&#8221;.vc_custom_1521116635958{margin-top: -15px !important;margin-bottom: 0px !important;padding-top: 0px !important;padding-bottom: 0px !important;}&#8221;][vc_column css=&#8221;.vc_custom_1521116232944{margin-top: 0px !important;margin-bottom: 0px !important;padding-top: 0px !important;padding-bottom: 0px !important;}&#8221;][mk_divider style=&#8221;thin_solid&#8221; thin_single_color=&#8221;#e5e5e5&#8243; thickness=&#8221;2&#8243; margin_top=&#8221;0&#8243;][\/vc_column][\/vc_row][vc_row][vc_column][vc_column_text css=&#8221;.vc_custom_1601463582913{margin-bottom: 0px !important;}&#8221;]Auglj\u00f3s refraktiv kirurgi Klinikk Informasjon om LASIK prosedyren Vennligst les dette n\u00f8ye f\u00f8r operasjonen [&hellip;]","og_url":"https:\/\/augljos.is\/da\/information-on-the-lasik-procedure\/","og_site_name":"Auglj\u00f3s","article_modified_time":"2020-10-20T13:06:38+00:00","twitter_card":"summary_large_image","twitter_misc":{"Estimeret l\u00e6setid":"8 minutter"},"schema":{"@context":"https:\/\/schema.org","@graph":[{"@type":"WebPage","@id":"https:\/\/augljos.is\/da\/information-on-the-lasik-procedure\/","url":"https:\/\/augljos.is\/da\/information-on-the-lasik-procedure\/","name":"Informasjon om LASIK prosedyren - Auglj\u00f3s","isPartOf":{"@id":"https:\/\/augljos.is\/da\/#website"},"datePublished":"2020-09-23T13:33:22+00:00","dateModified":"2020-10-20T13:06:38+00:00","breadcrumb":{"@id":"https:\/\/augljos.is\/da\/information-on-the-lasik-procedure\/#breadcrumb"},"inLanguage":"da-DK","potentialAction":[{"@type":"ReadAction","target":["https:\/\/augljos.is\/da\/information-on-the-lasik-procedure\/"]}]},{"@type":"BreadcrumbList","@id":"https:\/\/augljos.is\/da\/information-on-the-lasik-procedure\/#breadcrumb","itemListElement":[{"@type":"ListItem","position":1,"name":"Home","item":"https:\/\/augljos.is\/da\/"},{"@type":"ListItem","position":2,"name":"Informasjon om LASIK prosedyren"}]},{"@type":"WebSite","@id":"https:\/\/augljos.is\/da\/#website","url":"https:\/\/augljos.is\/da\/","name":"Auglj\u00f3s","description":"Laseraugnl\u00e6kningar og almennar augnl\u00e6kningar","potentialAction":[{"@type":"SearchAction","target":{"@type":"EntryPoint","urlTemplate":"https:\/\/augljos.is\/da\/?s={search_term_string}"},"query-input":{"@type":"PropertyValueSpecification","valueRequired":true,"valueName":"search_term_string"}}],"inLanguage":"da-DK"}]}},"_links":{"self":[{"href":"https:\/\/augljos.is\/da\/wp-json\/wp\/v2\/pages\/1205","targetHints":{"allow":["GET"]}}],"collection":[{"href":"https:\/\/augljos.is\/da\/wp-json\/wp\/v2\/pages"}],"about":[{"href":"https:\/\/augljos.is\/da\/wp-json\/wp\/v2\/types\/page"}],"author":[{"embeddable":true,"href":"https:\/\/augljos.is\/da\/wp-json\/wp\/v2\/users\/1"}],"replies":[{"embeddable":true,"href":"https:\/\/augljos.is\/da\/wp-json\/wp\/v2\/comments?post=1205"}],"version-history":[{"count":1,"href":"https:\/\/augljos.is\/da\/wp-json\/wp\/v2\/pages\/1205\/revisions"}],"predecessor-version":[{"id":1206,"href":"https:\/\/augljos.is\/da\/wp-json\/wp\/v2\/pages\/1205\/revisions\/1206"}],"wp:attachment":[{"href":"https:\/\/augljos.is\/da\/wp-json\/wp\/v2\/media?parent=1205"}],"curies":[{"name":"wp","href":"https:\/\/api.w.org\/{rel}","templated":true}]}}