{"id":1202,"date":"2020-09-23T13:27:15","date_gmt":"2020-09-23T13:27:15","guid":{"rendered":"https:\/\/augljos.is\/who-is-suitable-for-lasik\/"},"modified":"2020-10-20T13:07:08","modified_gmt":"2020-10-20T13:07:08","slug":"who-is-suitable-for-lasik","status":"publish","type":"page","link":"https:\/\/augljos.is\/da\/who-is-suitable-for-lasik\/","title":{"rendered":"Hv\u00f8r h\u00f3skar til LASIK?"},"content":{"rendered":"<div class=\"wpb-content-wrapper\">[vc_row fullwidth=&#8221;true&#8221; fullwidth_content=&#8221;false&#8221; css=&#8221;.vc_custom_1521115951932{margin-top: 0px !important;margin-bottom: 0px !important;padding-top: 0px !important;padding-bottom: 0px !important;}&#8221;][vc_column][vc_empty_space height=&#8221;22px&#8221;][vc_wp_custommenu nav_menu=&#8221;22&#8243; el_class=&#8221;menu-klasi&#8221;][\/vc_column][\/vc_row][vc_row fullwidth=&#8221;true&#8221; fullwidth_content=&#8221;false&#8221; css=&#8221;.vc_custom_1521116635958{margin-top: -15px !important;margin-bottom: 0px !important;padding-top: 0px !important;padding-bottom: 0px !important;}&#8221;][vc_column css=&#8221;.vc_custom_1521116232944{margin-top: 0px !important;margin-bottom: 0px !important;padding-top: 0px !important;padding-bottom: 0px !important;}&#8221;][mk_divider style=&#8221;thin_solid&#8221; thin_single_color=&#8221;#e5e5e5&#8243; thickness=&#8221;2&#8243; margin_top=&#8221;0&#8243;][\/vc_column][\/vc_row][vc_row fullwidth=&#8221;true&#8221; fullwidth_content=&#8221;false&#8221; css=&#8221;.vc_custom_1521116635958{margin-top: -15px !important;margin-bottom: 0px !important;padding-top: 0px !important;padding-bottom: 0px !important;}&#8221;][vc_column css=&#8221;.vc_custom_1521116232944{margin-top: 0px !important;margin-bottom: 0px !important;padding-top: 0px !important;padding-bottom: 0px !important;}&#8221;][vc_empty_space][\/vc_column][\/vc_row][mk_page_section layout_structure=&#8221;half_right&#8221; bg_image=&#8221;https:\/\/augljos.is\/wp-content\/uploads\/2018\/09\/skodun-bakgrunnur.jpg&#8221;][vc_column][vc_empty_space height=&#8221;40&#8243;][vc_column_text css=&#8221;.vc_custom_1601902967981{margin-bottom: 0px !important;}&#8221;]LASIK er ein lj\u00f3sbr\u00f3tandi vi\u00f0ger\u00f0, i\u00f0 r\u00e6ttar n\u00e6rs\u00fdni(myopia), fjars\u00fdni(hyperopia) og skapbrek(bygningsfeil). Vi\u00f0ger\u00f0in minkar um ella beinir burtur t\u00edn bundinskap at brillum og kontaktlinsum. Brillur kunnu darva einum, i\u00f0 f\u00f8rir eitt virki\u00f0 l\u00edv antin \u00ed arbei\u00f0i, \u00edtr\u00f3tti ella leiki. Brillur geva ikki alt\u00ed\u00f0 bestu sj\u00f3n til f\u00f3lk vi\u00f0 h\u00f8gum stigi av n\u00e6rs\u00fdni ella skapbreki. Kontaktlinsur eru eitt alternativ hj\u00e1 teimum. T\u00f3, h\u00f3ast kontaktlinsur geva eina n\u00f8ktandi sj\u00f3n til n\u00f3gv f\u00f3lk so kunnu t\u00e6r hava\u00a0 avmarkingar so sum turr eygu og ovurvi\u00f0kv\u00e6mi \u00ed eygunum.\u00a0 Hevur ein bori\u00f0 kontaktlinsur \u00ed langa t\u00ed, kunnu t\u00e6r gera ska\u00f0a \u00e1 eygnahinnuna b\u00e6\u00f0i orsaka av gn\u00edggim\u00f3tst\u00f8\u00f0u \u00e1 yvirflatuvevna\u00f0in og av varandi ilttroti \u00ed eygunum.\u00a0 Umframt ta\u00f0 kunnu linsur f\u00f8ra til smittu \u00e1 hornhinnuna ella hornhinnus\u00e1r.<\/p>\n<p>ALL-LASIK\u00a0 er m\u00f8guliga t\u00edn loysn \u00e1 hesum trupulleikum, og \u00e1 Auglj\u00f3s Laser Center\u00a0 kanna vit n\u00e1greiniliga t\u00edni eygu fyri at tryggja okkum, at t\u00fa ert v\u00e6l egna\u00f0\/-ur til vi\u00f0ger\u00f0. Hetta inniber:<\/p>\n<ol>\n<li>at t\u00fa hevur havt eina stabila sj\u00f3n \u00ed \u00ed minsta lagi \u00ed eitt \u00e1r<\/li>\n<li>at vit kunnu varpa burtur iva um, so sum keratocomus , gr\u00f8nstar ella gr\u00e1star<\/li>\n<li>at t\u00fa hevur ein h\u00f3skandi buga \u00e1 hornhinnuni, t.v.s. ikki ov h\u00f8gan ella ov flatan<\/li>\n<li>at t\u00fa ikki hevur ov tunna hornhinnu<\/li>\n<li>at t\u00fa ikki ert upp \u00e1 vegin ella hevur givi\u00f0 br\u00f3st \u00ed f\u00fdra seinastu m\u00e1na\u00f0irnar<\/li>\n<\/ol>\n[\/vc_column_text][vc_empty_space height=&#8221;40&#8243;][\/vc_column][\/mk_page_section]\n<\/div>","protected":false},"excerpt":{"rendered":"<p>[vc_row fullwidth=&#8221;true&#8221; fullwidth_content=&#8221;false&#8221; css=&#8221;.vc_custom_1521115951932{margin-top: 0px !important;margin-bottom: 0px !important;padding-top: 0px !important;padding-bottom: 0px !important;}&#8221;][vc_column][vc_empty_space height=&#8221;22px&#8221;][vc_wp_custommenu nav_menu=&#8221;22&#8243; el_class=&#8221;menu-klasi&#8221;][\/vc_column][\/vc_row][vc_row fullwidth=&#8221;true&#8221; fullwidth_content=&#8221;false&#8221; css=&#8221;.vc_custom_1521116635958{margin-top: -15px !important;margin-bottom: 0px !important;padding-top: 0px !important;padding-bottom: 0px !important;}&#8221;][vc_column css=&#8221;.vc_custom_1521116232944{margin-top: 0px !important;margin-bottom: 0px !important;padding-top: 0px !important;padding-bottom: 0px !important;}&#8221;][mk_divider style=&#8221;thin_solid&#8221; thin_single_color=&#8221;#e5e5e5&#8243; thickness=&#8221;2&#8243; margin_top=&#8221;0&#8243;][\/vc_column][\/vc_row][vc_row fullwidth=&#8221;true&#8221; fullwidth_content=&#8221;false&#8221; css=&#8221;.vc_custom_1521116635958{margin-top: -15px !important;margin-bottom: 0px !important;padding-top: 0px !important;padding-bottom: 0px !important;}&#8221;][vc_column css=&#8221;.vc_custom_1521116232944{margin-top: 0px !important;margin-bottom: 0px !important;padding-top: [&hellip;]<\/p>\n","protected":false},"author":1,"featured_media":0,"parent":0,"menu_order":0,"comment_status":"closed","ping_status":"closed","template":"","meta":{"_monsterinsights_skip_tracking":false,"_monsterinsights_sitenote_active":false,"_monsterinsights_sitenote_note":"","_monsterinsights_sitenote_category":0,"footnotes":""},"class_list":["post-1202","page","type-page","status-publish","hentry"],"yoast_head":"<!-- This site is optimized with the Yoast SEO plugin v27.4 - https:\/\/yoast.com\/product\/yoast-seo-wordpress\/ -->\n<title>Hv\u00f8r h\u00f3skar til LASIK? - Auglj\u00f3s<\/title>\n<meta name=\"robots\" content=\"index, follow, max-snippet:-1, max-image-preview:large, max-video-preview:-1\" \/>\n<link rel=\"canonical\" href=\"https:\/\/augljos.is\/da\/who-is-suitable-for-lasik\/\" \/>\n<meta property=\"og:locale\" content=\"da_DK\" \/>\n<meta property=\"og:type\" content=\"article\" \/>\n<meta property=\"og:title\" content=\"Hv\u00f8r h\u00f3skar til LASIK? - Auglj\u00f3s\" \/>\n<meta property=\"og:description\" content=\"[vc_row fullwidth=&#8221;true&#8221; fullwidth_content=&#8221;false&#8221; css=&#8221;.vc_custom_1521115951932{margin-top: 0px !important;margin-bottom: 0px !important;padding-top: 0px !important;padding-bottom: 0px !important;}&#8221;][vc_column][vc_empty_space height=&#8221;22px&#8221;][vc_wp_custommenu nav_menu=&#8221;22&#8243; el_class=&#8221;menu-klasi&#8221;][\/vc_column][\/vc_row][vc_row fullwidth=&#8221;true&#8221; fullwidth_content=&#8221;false&#8221; css=&#8221;.vc_custom_1521116635958{margin-top: -15px !important;margin-bottom: 0px !important;padding-top: 0px !important;padding-bottom: 0px !important;}&#8221;][vc_column css=&#8221;.vc_custom_1521116232944{margin-top: 0px !important;margin-bottom: 0px !important;padding-top: 0px !important;padding-bottom: 0px !important;}&#8221;][mk_divider style=&#8221;thin_solid&#8221; thin_single_color=&#8221;#e5e5e5&#8243; thickness=&#8221;2&#8243; margin_top=&#8221;0&#8243;][\/vc_column][\/vc_row][vc_row fullwidth=&#8221;true&#8221; fullwidth_content=&#8221;false&#8221; css=&#8221;.vc_custom_1521116635958{margin-top: -15px !important;margin-bottom: 0px !important;padding-top: 0px !important;padding-bottom: 0px !important;}&#8221;][vc_column css=&#8221;.vc_custom_1521116232944{margin-top: 0px !important;margin-bottom: 0px !important;padding-top: [&hellip;]\" \/>\n<meta property=\"og:url\" content=\"https:\/\/augljos.is\/da\/who-is-suitable-for-lasik\/\" \/>\n<meta property=\"og:site_name\" content=\"Auglj\u00f3s\" \/>\n<meta property=\"article:modified_time\" content=\"2020-10-20T13:07:08+00:00\" \/>\n<meta name=\"twitter:card\" content=\"summary_large_image\" \/>\n<meta name=\"twitter:label1\" content=\"Estimeret l\u00e6setid\" \/>\n\t<meta name=\"twitter:data1\" content=\"2 minutter\" \/>\n<script type=\"application\/ld+json\" class=\"yoast-schema-graph\">{\"@context\":\"https:\\\/\\\/schema.org\",\"@graph\":[{\"@type\":\"WebPage\",\"@id\":\"https:\\\/\\\/augljos.is\\\/da\\\/who-is-suitable-for-lasik\\\/\",\"url\":\"https:\\\/\\\/augljos.is\\\/da\\\/who-is-suitable-for-lasik\\\/\",\"name\":\"Hv\u00f8r h\u00f3skar til LASIK? - Auglj\u00f3s\",\"isPartOf\":{\"@id\":\"https:\\\/\\\/augljos.is\\\/da\\\/#website\"},\"datePublished\":\"2020-09-23T13:27:15+00:00\",\"dateModified\":\"2020-10-20T13:07:08+00:00\",\"breadcrumb\":{\"@id\":\"https:\\\/\\\/augljos.is\\\/da\\\/who-is-suitable-for-lasik\\\/#breadcrumb\"},\"inLanguage\":\"da-DK\",\"potentialAction\":[{\"@type\":\"ReadAction\",\"target\":[\"https:\\\/\\\/augljos.is\\\/da\\\/who-is-suitable-for-lasik\\\/\"]}]},{\"@type\":\"BreadcrumbList\",\"@id\":\"https:\\\/\\\/augljos.is\\\/da\\\/who-is-suitable-for-lasik\\\/#breadcrumb\",\"itemListElement\":[{\"@type\":\"ListItem\",\"position\":1,\"name\":\"Home\",\"item\":\"https:\\\/\\\/augljos.is\\\/da\\\/\"},{\"@type\":\"ListItem\",\"position\":2,\"name\":\"Hv\u00f8r h\u00f3skar til LASIK?\"}]},{\"@type\":\"WebSite\",\"@id\":\"https:\\\/\\\/augljos.is\\\/da\\\/#website\",\"url\":\"https:\\\/\\\/augljos.is\\\/da\\\/\",\"name\":\"Auglj\u00f3s\",\"description\":\"Laseraugnl\u00e6kningar og almennar augnl\u00e6kningar\",\"potentialAction\":[{\"@type\":\"SearchAction\",\"target\":{\"@type\":\"EntryPoint\",\"urlTemplate\":\"https:\\\/\\\/augljos.is\\\/da\\\/?s={search_term_string}\"},\"query-input\":{\"@type\":\"PropertyValueSpecification\",\"valueRequired\":true,\"valueName\":\"search_term_string\"}}],\"inLanguage\":\"da-DK\"}]}<\/script>\n<!-- \/ Yoast SEO plugin. -->","yoast_head_json":{"title":"Hv\u00f8r h\u00f3skar til LASIK? - Auglj\u00f3s","robots":{"index":"index","follow":"follow","max-snippet":"max-snippet:-1","max-image-preview":"max-image-preview:large","max-video-preview":"max-video-preview:-1"},"canonical":"https:\/\/augljos.is\/da\/who-is-suitable-for-lasik\/","og_locale":"da_DK","og_type":"article","og_title":"Hv\u00f8r h\u00f3skar til LASIK? - Auglj\u00f3s","og_description":"[vc_row fullwidth=&#8221;true&#8221; fullwidth_content=&#8221;false&#8221; css=&#8221;.vc_custom_1521115951932{margin-top: 0px !important;margin-bottom: 0px !important;padding-top: 0px !important;padding-bottom: 0px !important;}&#8221;][vc_column][vc_empty_space height=&#8221;22px&#8221;][vc_wp_custommenu nav_menu=&#8221;22&#8243; el_class=&#8221;menu-klasi&#8221;][\/vc_column][\/vc_row][vc_row fullwidth=&#8221;true&#8221; fullwidth_content=&#8221;false&#8221; css=&#8221;.vc_custom_1521116635958{margin-top: -15px !important;margin-bottom: 0px !important;padding-top: 0px !important;padding-bottom: 0px !important;}&#8221;][vc_column css=&#8221;.vc_custom_1521116232944{margin-top: 0px !important;margin-bottom: 0px !important;padding-top: 0px !important;padding-bottom: 0px !important;}&#8221;][mk_divider style=&#8221;thin_solid&#8221; thin_single_color=&#8221;#e5e5e5&#8243; thickness=&#8221;2&#8243; margin_top=&#8221;0&#8243;][\/vc_column][\/vc_row][vc_row fullwidth=&#8221;true&#8221; fullwidth_content=&#8221;false&#8221; css=&#8221;.vc_custom_1521116635958{margin-top: -15px !important;margin-bottom: 0px !important;padding-top: 0px !important;padding-bottom: 0px !important;}&#8221;][vc_column css=&#8221;.vc_custom_1521116232944{margin-top: 0px !important;margin-bottom: 0px !important;padding-top: [&hellip;]","og_url":"https:\/\/augljos.is\/da\/who-is-suitable-for-lasik\/","og_site_name":"Auglj\u00f3s","article_modified_time":"2020-10-20T13:07:08+00:00","twitter_card":"summary_large_image","twitter_misc":{"Estimeret l\u00e6setid":"2 minutter"},"schema":{"@context":"https:\/\/schema.org","@graph":[{"@type":"WebPage","@id":"https:\/\/augljos.is\/da\/who-is-suitable-for-lasik\/","url":"https:\/\/augljos.is\/da\/who-is-suitable-for-lasik\/","name":"Hv\u00f8r h\u00f3skar til LASIK? - Auglj\u00f3s","isPartOf":{"@id":"https:\/\/augljos.is\/da\/#website"},"datePublished":"2020-09-23T13:27:15+00:00","dateModified":"2020-10-20T13:07:08+00:00","breadcrumb":{"@id":"https:\/\/augljos.is\/da\/who-is-suitable-for-lasik\/#breadcrumb"},"inLanguage":"da-DK","potentialAction":[{"@type":"ReadAction","target":["https:\/\/augljos.is\/da\/who-is-suitable-for-lasik\/"]}]},{"@type":"BreadcrumbList","@id":"https:\/\/augljos.is\/da\/who-is-suitable-for-lasik\/#breadcrumb","itemListElement":[{"@type":"ListItem","position":1,"name":"Home","item":"https:\/\/augljos.is\/da\/"},{"@type":"ListItem","position":2,"name":"Hv\u00f8r h\u00f3skar til LASIK?"}]},{"@type":"WebSite","@id":"https:\/\/augljos.is\/da\/#website","url":"https:\/\/augljos.is\/da\/","name":"Auglj\u00f3s","description":"Laseraugnl\u00e6kningar og almennar augnl\u00e6kningar","potentialAction":[{"@type":"SearchAction","target":{"@type":"EntryPoint","urlTemplate":"https:\/\/augljos.is\/da\/?s={search_term_string}"},"query-input":{"@type":"PropertyValueSpecification","valueRequired":true,"valueName":"search_term_string"}}],"inLanguage":"da-DK"}]}},"_links":{"self":[{"href":"https:\/\/augljos.is\/da\/wp-json\/wp\/v2\/pages\/1202","targetHints":{"allow":["GET"]}}],"collection":[{"href":"https:\/\/augljos.is\/da\/wp-json\/wp\/v2\/pages"}],"about":[{"href":"https:\/\/augljos.is\/da\/wp-json\/wp\/v2\/types\/page"}],"author":[{"embeddable":true,"href":"https:\/\/augljos.is\/da\/wp-json\/wp\/v2\/users\/1"}],"replies":[{"embeddable":true,"href":"https:\/\/augljos.is\/da\/wp-json\/wp\/v2\/comments?post=1202"}],"version-history":[{"count":2,"href":"https:\/\/augljos.is\/da\/wp-json\/wp\/v2\/pages\/1202\/revisions"}],"predecessor-version":[{"id":1204,"href":"https:\/\/augljos.is\/da\/wp-json\/wp\/v2\/pages\/1202\/revisions\/1204"}],"wp:attachment":[{"href":"https:\/\/augljos.is\/da\/wp-json\/wp\/v2\/media?parent=1202"}],"curies":[{"name":"wp","href":"https:\/\/api.w.org\/{rel}","templated":true}]}}